{"id":5849,"date":"2018-08-04T07:15:53","date_gmt":"2018-08-04T12:15:53","guid":{"rendered":"https:\/\/perf.stage.aws.wp.sos-dev.org\/spiritual-growth\/"},"modified":"2020-06-02T13:59:16","modified_gmt":"2020-06-02T18:59:16","slug":"spiritual-growth","status":"publish","type":"page","link":"https:\/\/perf.stage.aws.cdn.wp.sos-dev.org\/it\/spiritual-growth\/","title":{"rendered":"Crescita Spirituale"},"content":{"rendered":"<p>[et_pb_section fb_built=&#8221;1&#8243; custom_padding_last_edited=&#8221;on|desktop&#8221; module_class=&#8221;sos-fixed-video-bg&#8221; _builder_version=&#8221;3.22.3&#8243; background_image=&#8221;https:\/\/perf.stage.aws.wp.sos-dev.org\/wp-content\/uploads\/2018\/07\/SpiritualBenefitsSectionBG-Adjust-1.jpg&#8221; parallax=&#8221;on&#8221; parallax_method=&#8221;off&#8221; background_video_width=&#8221;980&#8243; background_video_height=&#8221;460&#8243; custom_padding=&#8221;92px|0px|54px|0px&#8221; fb_built=&#8221;1&#8243; _i=&#8221;0&#8243; _address=&#8221;0&#8243;][et_pb_row _builder_version=&#8221;3.25&#8243; background_color=&#8221;rgba(255,255,255,0.95)&#8221; custom_padding=&#8221;56px|15px|27px|15px|false|false&#8221; box_shadow_style=&#8221;preset1&#8243; _i=&#8221;0&#8243; _address=&#8221;0.0&#8243;][et_pb_column type=&#8221;4_4&#8243; _builder_version=&#8221;3.25&#8243; custom_padding=&#8221;|||&#8221; _i=&#8221;0&#8243; _address=&#8221;0.0.0&#8243; custom_padding__hover=&#8221;|||&#8221;][et_pb_text admin_label=&#8221;title&#8221; _builder_version=&#8221;3.27.4&#8243; text_orientation=&#8221;center&#8221; text_font_size_last_edited=&#8221;off|desktop&#8221; _i=&#8221;0&#8243; _address=&#8221;0.0.0.0&#8243;]<\/p>\n<h1 class=\"font-size-8 sos-uj-page-title\">Meditazione per la Crescita Spirituale<\/h1>\n<p>[\/et_pb_text][et_pb_text module_class=&#8221;sos-dropcap margin-bottom-6 margin-top-6&#8243; _builder_version=&#8221;3.27.4&#8243; max_width=&#8221;75%&#8221; max_width_last_edited=&#8221;on|desktop&#8221; module_alignment=&#8221;center&#8221; _i=&#8221;1&#8243; _address=&#8221;0.0.0.1&#8243;]Attraverso la meditazione, si pu\u00f2 crescere spiritualmente, mentre si trovano la pace interiore e la tranquillit\u00e0. Alcuni dei suoi benefici spirituali sono:<br \/>\n[\/et_pb_text][et_pb_code admin_label=&#8221;Video Code&#8221; _builder_version=&#8221;3.29.3&#8243; text_orientation=&#8221;center&#8221; max_width=&#8221;75%&#8221; max_width_last_edited=&#8221;on|tablet&#8221; module_alignment=&#8221;center&#8221; _i=&#8221;2&#8243; _address=&#8221;0.0.0.2&#8243;]<\/p>\n<div><iframe src=\"https:\/\/player.vimeo.com\/video\/368976167\" width=\"640\" height=\"480\" frameborder=\"0\" allowfullscreen=\"allowfullscreen\"><\/iframe><\/div>\n<p>[\/et_pb_code][et_pb_text module_class=&#8221;margin-bottom-6 blog-subsection &#8221; _builder_version=&#8221;3.29.3&#8243; max_width=&#8221;75%&#8221; max_width_last_edited=&#8221;on|desktop&#8221; module_alignment=&#8221;center&#8221; locked=&#8221;off&#8221; _i=&#8221;3&#8243; _address=&#8221;0.0.0.3&#8243;]<\/p>\n<h2 class=\"font-thin-4 margin-bottom-3\">Scoprite il vostro scopo e trovate la realizzazione completa nella vostra vita<\/h2>\n<p>Con lo stress e il ritmo rapido della vita in questa epoca tecnologica, molte persone si fermano e s\u2019interrogano sul loro scopo nella vita. Ti sei mai fermato a prendere in considerazione a volte, domande, come ad esempio: chi sono io, perch\u00e9 sono qui, qual \u00e8 lo scopo della mia vita, e cosa mi porter\u00e0 a realizzarmi?<\/p>\n<p>Un modo in cui le persone riflettono su queste domande \u00e8 sedendosi in silenzio, in meditazione. Trascorrere del tempo in meditazione apre le porte aiutando a trovare le risposte a queste domande.<\/p>\n<h2 class=\" font-thin-4=\">Crescere in saggezza approfondendo la propria comprensione<\/h2>\n<p>La tecnologia come Internet ci ha permesso di accedere a una ricchezza d\u2019informazioni da tutti i campi della conoscenza con un paio di cliccate sul nostro computer. Ma con tutta questa conoscenza raccolta da tutto il mondo, ci sono domande per le quali ancora non si riesce a trovare risposte?<\/p>\n<blockquote><p>C&#8217;\u00e8 una fonte di saggezza interiore cui non si pu\u00f2 accedere attraverso una ricerca su Internet. Hai una saggezza che ti aspetta dentro di te, nel profondo. Invece di avere accesso a Internet, \u00e8 possibile accedere alla propria essenza interiore o anima attraverso la meditazione per essere condotti a una saggezza che arricchisca la propria vita.<\/p><\/blockquote>\n<h2 class=\"font-thin-4 margin-bottom-3\">Awaken Spiritually<\/h2>\n<p>Che cosa \u00e8 il risveglio spirituale? A volte nella propria vita si pu\u00f2 avere messo in discussione se si \u00e8 pi\u00f9 di un semplice corpo e mente, e chiesto se ci sia anche una essenza spirituale o anima. Il risveglio spirituale \u00e8 il momento in cui s\u2019inizia a porre questa domanda e l&#8217;inizio della propria ricerca per trovare la risposta.<\/p>\n<p>Se si scopre che le risposte fornite attraverso la conoscenza esteriore, sia da libri o Internet, non sono soddisfacenti, si potrebbe desiderare di imparare un modo per esplorare questa risposta, guardando dentro, la dove tutta la saggezza ci attende. Imparare a meditare \u00e8 una tecnica che pu\u00f2 aiutarci a trovare le risposte.<\/p>\n<h2 class=\" font-thin-4=\">Vivere la pace interiore ed esteriore collegandosi con la gioia interiore<\/h2>\n<p>Quando cerchiamo risposte, ma non troviamo una soluzione, possiamo sentirci irrequieti o frustrati. Tuttavia, una volta che troviamo le risposte, proviamo un senso di pace. Lo stesso \u00e8 vero quando cerchiamo risposte alle domande sul nostro scopo nella vita, chi siamo, e perch\u00e9 siamo qui: l&#8217;irrequietezza \u00e8 spesso l&#8217;inizio del nostro risveglio spirituale per trovare delle risposte.<\/p>\n<p>Le risposte a queste domande sono gi\u00e0 dentro di voi, in attesa di essere liberate attraverso la pratica della meditazione. Scoprite come entrare nel vostro santuario personale di beatitudine e di gioia attraverso la meditazione, le quali portano alla pace interiore ed esteriore e alla gioia durevole.<\/p>\n<p><span class=\"sos-gold-text\">Torna ai nuovi articoli e video su questa pagina Web sulla crescita spirituale che aiutano a scoprire una tecnica di meditazione finalizzata alla pace interiore ed esteriore.<br \/>\n<\/span>[\/et_pb_text][et_pb_code _builder_version=&#8221;3.29.3&#8243; disabled=&#8221;on&#8221; disabled_on=&#8221;on|on|on&#8221; _i=&#8221;4&#8243; _address=&#8221;0.0.0.4&#8243;]<script type=\"text\/javascript\" src=\"\/\/app.icontact.com\/icp\/core\/mycontacts\/signup\/designer\/form\/automatic?id=575&#038;cid=1694517&#038;lid=4663\"><\/script> [\/et_pb_code][et_pb_cta button_url=&#8221;https:\/\/perf.stage.aws.wp.sos-dev.org\/it\/connect-form\/&#8221; button_text=&#8221;Sign Up&#8221; module_class=&#8221;sos-contact-us-cta &#8221; _builder_version=&#8221;3.29.3&#8243; background_enable_color=&#8221;off&#8221; max_width=&#8221;75%&#8221; max_width_last_edited=&#8221;on|desktop&#8221; module_alignment=&#8221;center&#8221; hover_enabled=&#8221;0&#8243; border_radii=&#8221;on|15px|15px|15px|15px&#8221; border_width_all=&#8221;1px&#8221; border_color_all=&#8221;#d3d3d3&#8243; box_shadow_style=&#8221;preset1&#8243; _i=&#8221;5&#8243; _address=&#8221;0.0.0.5&#8243; background_layout=&#8221;light&#8221;]Join our mailing list to continue growing spiritually with meditation[\/et_pb_cta][\/et_pb_column][\/et_pb_row][\/et_pb_section][et_pb_section fb_built=&#8221;1&#8243; module_class=&#8221;sos-marble-bg sos-highlight-section&#8221; _builder_version=&#8221;3.26.4&#8243; custom_padding=&#8221;50px|0px|54px|0px|false|false&#8221; box_shadow_style=&#8221;preset1&#8243; global_module=&#8221;537&#8243; fb_built=&#8221;1&#8243; _i=&#8221;1&#8243; _address=&#8221;1&#8243;][et_pb_row make_equal=&#8221;on&#8221; _builder_version=&#8221;3.25&#8243; max_width=&#8221;89%&#8221; custom_padding=&#8221;0|0px|27px|0px|false|false&#8221; _i=&#8221;0&#8243; _address=&#8221;1.0&#8243;][et_pb_column type=&#8221;4_4&#8243; _builder_version=&#8221;3.25&#8243; custom_padding=&#8221;|||&#8221; custom_padding__hover=&#8221;|||&#8221; _i=&#8221;0&#8243; _address=&#8221;1.0.0&#8243;][et_pb_text _builder_version=&#8221;3.27.4&#8243; _i=&#8221;0&#8243; _address=&#8221;1.0.0.0&#8243;]<\/p>\n<h1 class=\"center-text font-size-8\">Vuoi Saperne di Pi\u00f9?<\/h1>\n<p>[\/et_pb_text][et_pb_blog fullwidth=&#8221;off&#8221; posts_number=&#8221;6&#8243; include_categories=&#8221;30,35&#8243; show_thumbnail=&#8221;off&#8221; show_more=&#8221;on&#8221; show_author=&#8221;off&#8221; show_date=&#8221;off&#8221; show_categories=&#8221;off&#8221; show_pagination=&#8221;off&#8221; use_overlay=&#8221;on&#8221; overlay_icon_color=&#8221;#ffffff&#8221; hover_overlay_color=&#8221;rgba(229,222,216,0.4)&#8221; hover_icon=&#8221;%%24%%&#8221; masonry_tile_background_color=&#8221;#ffffff&#8221; admin_label=&#8221;Spiritual Growth Blog + Video Stream&#8221; module_class=&#8221;sos-article-grid&#8221; _builder_version=&#8221;3.26.4&#8243; text_orientation=&#8221;left&#8221; _i=&#8221;1&#8243; _address=&#8221;1.0.0.1&#8243;]<\/p>\n<p>\u00a0<\/p>\n<p>[\/et_pb_blog][et_pb_blog fullwidth=&#8221;off&#8221; posts_number=&#8221;6&#8243; include_categories=&#8221;30,35&#8243; show_thumbnail=&#8221;off&#8221; show_more=&#8221;on&#8221; show_author=&#8221;off&#8221; show_date=&#8221;off&#8221; show_categories=&#8221;off&#8221; show_pagination=&#8221;off&#8221; use_overlay=&#8221;on&#8221; overlay_icon_color=&#8221;#ffffff&#8221; hover_overlay_color=&#8221;rgba(229,222,216,0.4)&#8221; hover_icon=&#8221;%%24%%&#8221; masonry_tile_background_color=&#8221;#ffffff&#8221; admin_label=&#8221;Spiritual Growth Blog + Video Stream&#8221; module_class=&#8221;sos-article-grid&#8221; _builder_version=&#8221;3.26.4&#8243; text_orientation=&#8221;left&#8221; _i=&#8221;2&#8243; _address=&#8221;1.0.0.2&#8243;]<\/p>\n<p>\u00a0<\/p>\n<p>[\/et_pb_blog][\/et_pb_column][\/et_pb_row][\/et_pb_section][et_pb_section fb_built=&#8221;1&#8243; _builder_version=&#8221;3.26.4&#8243; background_color=&#8221;#e1b93b&#8221; background_image=&#8221;https:\/\/perf.stage.aws.wp.sos-dev.org\/wp-content\/uploads\/2018\/07\/footer-08.jpg&#8221; background_enable_image=&#8221;off&#8221; width=&#8221;100%&#8221; custom_padding=&#8221;35px|0px|35px|0px|false|false&#8221; disabled_on=&#8221;on|off|off&#8221; global_module=&#8221;403&#8243; saved_tabs=&#8221;all&#8221; collapsed=&#8221;off&#8221; fb_built=&#8221;1&#8243; _i=&#8221;0&#8243; _address=&#8221;2&#8243;][et_pb_row column_structure=&#8221;1_4,1_4,1_4,1_4&#8243; make_equal=&#8221;on&#8221; module_class=&#8221;sos-expanded-footer&#8221; _builder_version=&#8221;3.25&#8243; _i=&#8221;0&#8243; _address=&#8221;2.0&#8243;][et_pb_column type=&#8221;1_4&#8243; _builder_version=&#8221;3.25&#8243; custom_padding=&#8221;|||&#8221; custom_padding__hover=&#8221;|||&#8221; _i=&#8221;0&#8243; _address=&#8221;2.0.0&#8243;][et_pb_text admin_label=&#8221;Meditation&#8221; _builder_version=&#8221;3.27.4&#8243; text_font=&#8221;Nunito|600|||||||&#8221; text_text_color=&#8221;#968743&#8243; text_font_size=&#8221;13px&#8221; header_font=&#8221;Nunito||||||||&#8221; header_5_font=&#8221;Nunito|600|||||||&#8221; header_6_font=&#8221;Nunito|600|||||||&#8221; _i=&#8221;0&#8243; _address=&#8221;2.0.0.0&#8243;]<\/p>\n<h3>MEDITATION<\/h3>\n<p><a title=\"Spiritual Growth\" href=\"https:\/\/perf.stage.aws.wp.sos-dev.org\/it\/spiritual-growth\/\">Spiritual Growth<\/a><\/p>\n<p><a title=\"Benefits of a Spiritual Guide\" href=\"https:\/\/perf.stage.aws.wp.sos-dev.org\/it\/benefits-of-a-spiritual-guide\/\">Benefits of a Spiritual Guide<\/a><\/p>\n<p><a title=\"Health Benefits\" href=\"https:\/\/perf.stage.aws.wp.sos-dev.org\/it\/benefits-from-meditation\/\">Meditation Byproducts<\/a><\/p>\n<p><a title=\"Healthy Living\" href=\"https:\/\/perf.stage.aws.wp.sos-dev.org\/it\/vegetarian-diet-and-vegetarian-meals\/\">Healthy Living<\/a><\/p>\n<p>[\/et_pb_text][\/et_pb_column][et_pb_column type=&#8221;1_4&#8243; _builder_version=&#8221;3.25&#8243; custom_padding=&#8221;|||&#8221; custom_padding__hover=&#8221;|||&#8221; _i=&#8221;1&#8243; _address=&#8221;2.0.1&#8243;][et_pb_text admin_label=&#8221;About Us&#8221; _builder_version=&#8221;3.27.4&#8243; text_font=&#8221;Nunito|600|||||||&#8221; text_text_color=&#8221;#968743&#8243; text_font_size=&#8221;17px&#8221; header_font=&#8221;Nunito||||||||&#8221; header_5_font=&#8221;Nunito|600|||||||&#8221; header_6_font=&#8221;Nunito|600|||||||&#8221; custom_margin=&#8221;|||&#8221; _i=&#8221;0&#8243; _address=&#8221;2.0.1.0&#8243;]<\/p>\n<h3>ABOUT US<\/h3>\n<p><a title=\"Our Organization\" href=\"https:\/\/perf.stage.aws.wp.sos-dev.org\/it\/about-us\/\">Our Organization<\/a><\/p>\n<p><a title=\"International Meditation Center\" href=\"https:\/\/perf.stage.aws.wp.sos-dev.org\/it\/our-new-center\/\">International Meditation Center<\/a>[\/et_pb_text][\/et_pb_column][et_pb_column type=&#8221;1_4&#8243; _builder_version=&#8221;3.25&#8243; custom_padding=&#8221;|||&#8221; custom_padding__hover=&#8221;|||&#8221; _i=&#8221;2&#8243; _address=&#8221;2.0.2&#8243;][et_pb_text admin_label=&#8221;Explore&#8221; _builder_version=&#8221;3.29.3&#8243; text_font=&#8221;Nunito|600|||||||&#8221; text_text_color=&#8221;#968743&#8243; text_font_size=&#8221;17px&#8221; header_font=&#8221;Nunito||||||||&#8221; header_5_font=&#8221;Nunito|600|||||||&#8221; header_6_font=&#8221;Nunito|600|||||||&#8221; _i=&#8221;0&#8243; _address=&#8221;2.0.2.0&#8243;]<\/p>\n<h3>EXPLORE<\/h3>\n<p><a title=\"News\" href=\"\/?page_id=22450\">News<\/a><\/p>\n<p><a title=\"Articles\" href=\"https:\/\/perf.stage.aws.wp.sos-dev.org\/it\/articles\/\">Articles<\/a><\/p>\n<p><a title=\"Videos\" href=\"https:\/\/perf.stage.aws.wp.sos-dev.org\/it\/videos\/\">Videos<\/a>[\/et_pb_text][\/et_pb_column][et_pb_column type=&#8221;1_4&#8243; _builder_version=&#8221;3.25&#8243; custom_padding=&#8221;|||&#8221; custom_padding__hover=&#8221;|||&#8221; _i=&#8221;3&#8243; _address=&#8221;2.0.3&#8243;][et_pb_text admin_label=&#8221;More&#8221; _builder_version=&#8221;3.27.4&#8243; text_font=&#8221;Nunito|600|||||||&#8221; text_text_color=&#8221;#968743&#8243; text_font_size=&#8221;17px&#8221; header_font=&#8221;Nunito||||||||&#8221; header_5_font=&#8221;Nunito|600|||||||&#8221; header_6_font=&#8221;Nunito|600|||||||&#8221; _i=&#8221;0&#8243; _address=&#8221;2.0.3.0&#8243;]<\/p>\n<h3>MORE<\/h3>\n<p><a title=\"Spiritual Guide\" href=\"https:\/\/perf.stage.aws.wp.sos-dev.org\/it\/benefits-of-a-spiritual-guide\/\">Spiritual Guide<\/a><\/p>\n<p><a title=\"Find Porgrams\" href=\"https:\/\/perf.stage.aws.wp.sos-dev.org\/it\/find-programs\/\">Find Programs<\/a><\/p>\n<p><a title=\"Connect\" href=\"https:\/\/perf.stage.aws.wp.sos-dev.org\/it\/contact-us\/\">Connect<\/a><\/p>\n<p><a title=\"Privacy Policy\" href=\"\/privacy-policy\/\">Privacy Policy<\/a>[\/et_pb_text][\/et_pb_column][\/et_pb_row][\/et_pb_section]<\/p>\n","protected":false},"excerpt":{"rendered":"<p>[et_pb_section fb_built=&#8221;1&#8243; custom_padding_last_edited=&#8221;on|desktop&#8221; module_class=&#8221;sos-fixed-video-bg&#8221; _builder_version=&#8221;3.22.3&#8243; background_image=&#8221;https:\/\/perf.stage.aws.wp.sos-dev.org\/wp-content\/uploads\/2018\/07\/SpiritualBenefitsSectionBG-Adjust-1.jpg&#8221; parallax=&#8221;on&#8221; parallax_method=&#8221;off&#8221; background_video_width=&#8221;980&#8243; background_video_height=&#8221;460&#8243; custom_padding=&#8221;92px|0px|54px|0px&#8221; fb_built=&#8221;1&#8243; _i=&#8221;0&#8243; _address=&#8221;0&#8243;][et_pb_row _builder_version=&#8221;3.25&#8243; background_color=&#8221;rgba(255,255,255,0.95)&#8221; custom_padding=&#8221;56px|15px|27px|15px|false|false&#8221; box_shadow_style=&#8221;preset1&#8243; _i=&#8221;0&#8243; _address=&#8221;0.0&#8243;][et_pb_column type=&#8221;4_4&#8243; _builder_version=&#8221;3.25&#8243; custom_padding=&#8221;|||&#8221; _i=&#8221;0&#8243; _address=&#8221;0.0.0&#8243; custom_padding__hover=&#8221;|||&#8221;][et_pb_text admin_label=&#8221;title&#8221; _builder_version=&#8221;3.27.4&#8243; text_orientation=&#8221;center&#8221; text_font_size_last_edited=&#8221;off|desktop&#8221; _i=&#8221;0&#8243; _address=&#8221;0.0.0.0&#8243;] Meditazione per la Crescita Spirituale [\/et_pb_text][et_pb_text module_class=&#8221;sos-dropcap margin-bottom-6 margin-top-6&#8243; _builder_version=&#8221;3.27.4&#8243; max_width=&#8221;75%&#8221; max_width_last_edited=&#8221;on|desktop&#8221; module_alignment=&#8221;center&#8221; _i=&#8221;1&#8243; _address=&#8221;0.0.0.1&#8243;]Attraverso la meditazione, si pu\u00f2 crescere spiritualmente, mentre si [&hellip;]<\/p>\n","protected":false},"author":1,"featured_media":0,"parent":0,"menu_order":0,"comment_status":"closed","ping_status":"closed","template":"","meta":{"_et_pb_use_builder":"on","_et_pb_old_content":"","_et_gb_content_width":""},"_links":{"self":[{"href":"https:\/\/perf.stage.aws.cdn.wp.sos-dev.org\/it\/wp-json\/wp\/v2\/pages\/5849"}],"collection":[{"href":"https:\/\/perf.stage.aws.cdn.wp.sos-dev.org\/it\/wp-json\/wp\/v2\/pages"}],"about":[{"href":"https:\/\/perf.stage.aws.cdn.wp.sos-dev.org\/it\/wp-json\/wp\/v2\/types\/page"}],"author":[{"embeddable":true,"href":"https:\/\/perf.stage.aws.cdn.wp.sos-dev.org\/it\/wp-json\/wp\/v2\/users\/1"}],"replies":[{"embeddable":true,"href":"https:\/\/perf.stage.aws.cdn.wp.sos-dev.org\/it\/wp-json\/wp\/v2\/comments?post=5849"}],"version-history":[{"count":10,"href":"https:\/\/perf.stage.aws.cdn.wp.sos-dev.org\/it\/wp-json\/wp\/v2\/pages\/5849\/revisions"}],"predecessor-version":[{"id":35540,"href":"https:\/\/perf.stage.aws.cdn.wp.sos-dev.org\/it\/wp-json\/wp\/v2\/pages\/5849\/revisions\/35540"}],"wp:attachment":[{"href":"https:\/\/perf.stage.aws.cdn.wp.sos-dev.org\/it\/wp-json\/wp\/v2\/media?parent=5849"}],"curies":[{"name":"wp","href":"https:\/\/api.w.org\/{rel}","templated":true}]}}