{"id":5875,"date":"2018-07-13T04:46:12","date_gmt":"2018-07-13T09:46:12","guid":{"rendered":"https:\/\/perf.stage.aws.wp.sos-dev.org\/about-us\/"},"modified":"2020-07-31T08:58:01","modified_gmt":"2020-07-31T13:58:01","slug":"about-us","status":"publish","type":"page","link":"https:\/\/perf.stage.aws.cdn.wp.sos-dev.org\/hu\/about-us\/","title":{"rendered":"A szervezet\u00fcnk"},"content":{"rendered":"<p>[et_pb_section fb_built=&#8221;1&#8243; _builder_version=&#8221;3.22&#8243; background_image=&#8221;https:\/\/perf.stage.aws.wp.sos-dev.org\/wp-content\/uploads\/2018\/07\/about-us-section.jpg&#8221; parallax=&#8221;on&#8221; parallax_method=&#8221;off&#8221; custom_padding=&#8221;92px|||&#8221;][et_pb_row _builder_version=&#8221;3.25&#8243; background_color=&#8221;rgba(255,255,255,0.95)&#8221; box_shadow_style=&#8221;preset1&#8243;][et_pb_column type=&#8221;4_4&#8243; _builder_version=&#8221;3.25&#8243; custom_padding=&#8221;|||&#8221; custom_padding__hover=&#8221;|||&#8221;][et_pb_text _builder_version=&#8221;3.27.4&#8243; text_orientation=&#8221;center&#8221; text_font_size_last_edited=&#8221;off|desktop&#8221;]<\/p>\n<h1 class=\"font-size-8 sos-uj-page-title\">A szervezet\u00fcnk<\/h1>\n<p>[\/et_pb_text][et_pb_text module_class=&#8221;sos-dropcap margin-bottom-6 margin-top-6&#8243; _builder_version=&#8221;4.2.2&#8243; max_width=&#8221;75%&#8221; max_width_last_edited=&#8221;off|desktop&#8221; module_alignment=&#8221;center&#8221; hover_enabled=&#8221;0&#8243;]<\/p>\n<p>A Spiritualit\u00e1s Tudom\u00e1nya nonprofit szervezet, vil\u00e1gszerte 2800 k\u00f6zponttal, amelyek f\u00f3rumot k\u00edn\u00e1lnak arra, hogy megtanuljunk medit\u00e1lni a fizikai, a ment\u00e1lis, az \u00e9rzelmi eg\u00e9szs\u00e9g\u00fcnk \u00e9s a spiritu\u00e1lis fejl\u0151d\u00e9s\u00fcnk \u00e9rdek\u00e9ben. E m\u00f3dszer alkalmaz\u00e1s\u00e1val felismerhetj\u00fck az \u00e9let\u00fcnk c\u00e9lj\u00e1t, r\u00e1lelhet\u00fcnk a bens\u0151 kincseire, \u00e9s \u00e9lvezhetj\u00fck a spiritu\u00e1lis tapasztalatokat, amelyek b\u00e9kess\u00e9get, boldogs\u00e1got, \u00fcdv\u00f6ss\u00e9get ny\u00fajtanak, mert megtapasztaljuk a lelk\u00fcnket, \u00e9s annak kapcsolat\u00e1t az istenis\u00e9ggel. <\/p>\n<p>A Spiritualit\u00e1s Tudom\u00e1ny\u00e1t azt teszi k\u00fcl\u00f6nlegess\u00e9, hogy az emberek elsaj\u00e1t\u00edthatj\u00e1k a medit\u00e1ci\u00f3 m\u00f3dszer\u00e9t a vil\u00e1gszerte elismert spiritu\u00e1lis Mestert\u0151l,aki vil\u00e1gszint\u0171 vezet\u0151 \u00e9s \u00edr\u00f3 is.  <a href=\"https:\/\/perf.stage.aws.wp.sos-dev.org\/benefits-of-a-spiritual-guide\/\">Sant Rajinder Singh Ji Maharajt\u00f3l <\/a>,  \u0150 a spiritu\u00e1lis utaz\u00e1s szak\u00e9rt\u0151je, \u00e9s meg szeretn\u00e9 osztani vel\u00fcnk is az \u00f6r\u00f6m\u00f6t, a boldogs\u00e1got, az \u00fcdv\u00f6ss\u00e9get, amelyre \u00f6nmagunkban lelhet\u00fcnk r\u00e1. A Mester seg\u00edt \u00e9s vezet a medit\u00e1ci\u00f3ban, amely k\u00eds\u00e9rlet, teszt a test\u00fcnk laborat\u00f3rium\u00e1ban. A medit\u00e1ci\u00f3 j\u00f3t\u00e9tem\u00e9nyei testi, ment\u00e1lis \u00e9s spiritu\u00e1lis szint\u0171 \u00e1tform\u00e1l\u00f3d\u00e1st eredm\u00e9nyeznek.<\/p>\n<p>\u0150 sok k\u00f6nyv, sz\u00e1mos cikk, blog szerz\u0151jek\u00e9nt a medit\u00e1ci\u00f3 gyakorlati m\u00f3dszer\u00e9t osztja meg vel\u00fcnk, t\u00f6bbek k\u00f6z\u00f6tt A medit\u00e1ci\u00f3 gy\u00f3gy\u00edr a l\u00e9leknek c\u00edm\u0171 k\u00f6nyv\u00e9ben. A programjai a tv, a r\u00e1di\u00f3 \u00e9s az internet seg\u00edts\u00e9g\u00e9vel is el\u00e9rhet\u0151k.<\/p>\n<p>Az \u0150 szakmai ter\u00fcletei: a m\u0171szaki tudom\u00e1nyok, a sz\u00e1m\u00edt\u00f3g\u00e9pes technika \u00e9s a kommunik\u00e1ci\u00f3. Ezek tett\u00e9k k\u00e9pess\u00e9 arra, hogy tudom\u00e1nyos szemmel k\u00f6zel\u00edtse meg a spiritualit\u00e1st. Ez \u00e9s a medit\u00e1ci\u00f3 m\u00f3dszere megk\u00f6nny\u00edti az emberek sz\u00e1m\u00e1ra, hogy meg\u00e9rts\u00e9k ezt a tudom\u00e1nyt, \u00e9s a gyakorlatba \u00fcltess\u00e9k. Medit\u00e1ci\u00f3s szemin\u00e1riumokat, nagyk\u00f6z\u00f6ns\u00e9gnek sz\u00f3l\u00f3 el\u0151ad\u00e1sokat tart, nemzetk\u00f6zi konferenci\u00e1kat szervez, amelyek seg\u00edts\u00e9g\u00e9vel emberek milli\u00f3i ismerhetik meg az er\u0151teljes \u00e9s egyszer\u0171 medit\u00e1ci\u00f3s technik\u00e1t. Az \u00e9let\u00e9t az emberis\u00e9g f\u00e1radhatatlan szolg\u00e1lat\u00e1ra szenteli, hogy el\u00e9rkezhessen a b\u00e9ke \u00e9s a spiritu\u00e1lis emelkedetts\u00e9g ideje a f\u00f6ldre.<\/p>\n<p>[\/et_pb_text][\/et_pb_column][\/et_pb_row][\/et_pb_section][et_pb_section fb_built=&#8221;1&#8243; disabled_on=&#8221;on|off|off&#8221; _builder_version=&#8221;3.26.4&#8243; background_color=&#8221;#e1b93b&#8221; background_image=&#8221;https:\/\/perf.stage.aws.wp.sos-dev.org\/wp-content\/uploads\/2018\/07\/footer-08.jpg&#8221; background_enable_image=&#8221;off&#8221; width=&#8221;100%&#8221; custom_padding=&#8221;35px|0px|35px|0px|false|false&#8221; global_module=&#8221;403&#8243; saved_tabs=&#8221;all&#8221; collapsed=&#8221;off&#8221;][et_pb_row column_structure=&#8221;1_4,1_4,1_4,1_4&#8243; make_equal=&#8221;on&#8221; module_class=&#8221;sos-expanded-footer&#8221; _builder_version=&#8221;3.25&#8243;][et_pb_column type=&#8221;1_4&#8243; _builder_version=&#8221;3.25&#8243; custom_padding=&#8221;|||&#8221; custom_padding__hover=&#8221;|||&#8221;][et_pb_text admin_label=&#8221;Meditation&#8221; _builder_version=&#8221;3.27.4&#8243; text_font=&#8221;Nunito|600|||||||&#8221; text_text_color=&#8221;#968743&#8243; text_font_size=&#8221;13px&#8221; header_font=&#8221;Nunito||||||||&#8221; header_5_font=&#8221;Nunito|600|||||||&#8221; header_6_font=&#8221;Nunito|600|||||||&#8221;]<\/p>\n<h3>MEDITATION<\/h3>\n<p><a title=\"Spiritual Growth\" href=\"https:\/\/perf.stage.aws.wp.sos-dev.org\/hu\/spiritual-growth\/\">Spiritual Growth<\/a><\/p>\n<p><a title=\"Benefits of a Spiritual Guide\" href=\"https:\/\/perf.stage.aws.wp.sos-dev.org\/hu\/benefits-of-a-spiritual-guide\/\">Benefits of a Spiritual Guide<\/a><\/p>\n<p><a title=\"Health Benefits\" href=\"https:\/\/perf.stage.aws.wp.sos-dev.org\/hu\/benefits-from-meditation\/\">Meditation Byproducts<\/a><\/p>\n<p><a title=\"Healthy Living\" href=\"https:\/\/perf.stage.aws.wp.sos-dev.org\/hu\/healthy-living-and-vegetarian-diet\/\">Healthy Living<\/a><\/p>\n<p>[\/et_pb_text][\/et_pb_column][et_pb_column type=&#8221;1_4&#8243; _builder_version=&#8221;3.25&#8243; custom_padding=&#8221;|||&#8221; custom_padding__hover=&#8221;|||&#8221;][et_pb_text admin_label=&#8221;About Us&#8221; _builder_version=&#8221;3.27.4&#8243; text_font=&#8221;Nunito|600|||||||&#8221; text_text_color=&#8221;#968743&#8243; text_font_size=&#8221;17px&#8221; header_font=&#8221;Nunito||||||||&#8221; header_5_font=&#8221;Nunito|600|||||||&#8221; header_6_font=&#8221;Nunito|600|||||||&#8221; custom_margin=&#8221;|||&#8221;]<\/p>\n<h3>ABOUT US<\/h3>\n<p><a title=\"Our Organization\" href=\"https:\/\/perf.stage.aws.wp.sos-dev.org\/hu\/about-us\/\">Our Organization<\/a><\/p>\n<p><a title=\"International Meditation Center\" href=\"https:\/\/perf.stage.aws.wp.sos-dev.org\/hu\/meditation-center\/\">International Meditation Center<\/a><\/p>\n<p>[\/et_pb_text][\/et_pb_column][et_pb_column type=&#8221;1_4&#8243; _builder_version=&#8221;3.25&#8243; custom_padding=&#8221;|||&#8221; custom_padding__hover=&#8221;|||&#8221;][et_pb_text admin_label=&#8221;Explore&#8221; _builder_version=&#8221;3.29.3&#8243; text_font=&#8221;Nunito|600|||||||&#8221; text_text_color=&#8221;#968743&#8243; text_font_size=&#8221;17px&#8221; header_font=&#8221;Nunito||||||||&#8221; header_5_font=&#8221;Nunito|600|||||||&#8221; header_6_font=&#8221;Nunito|600|||||||&#8221;]<\/p>\n<h3>EXPLORE<\/h3>\n<p><a title=\"News\" href=\"\/?page_id=22450\">News<\/a><\/p>\n<p><a title=\"Articles\" href=\"https:\/\/perf.stage.aws.wp.sos-dev.org\/hu\/articles\/\">Articles<\/a><\/p>\n<p><a title=\"Videos\" href=\"https:\/\/perf.stage.aws.wp.sos-dev.org\/hu\/videos\/\">Videos<\/a><\/p>\n<p>[\/et_pb_text][\/et_pb_column][et_pb_column type=&#8221;1_4&#8243; _builder_version=&#8221;3.25&#8243; custom_padding=&#8221;|||&#8221; custom_padding__hover=&#8221;|||&#8221;][et_pb_text admin_label=&#8221;More&#8221; _builder_version=&#8221;3.27.4&#8243; text_font=&#8221;Nunito|600|||||||&#8221; text_text_color=&#8221;#968743&#8243; text_font_size=&#8221;17px&#8221; header_font=&#8221;Nunito||||||||&#8221; header_5_font=&#8221;Nunito|600|||||||&#8221; header_6_font=&#8221;Nunito|600|||||||&#8221;]<\/p>\n<h3>MORE<\/h3>\n<p><a title=\"Spiritual Guide\" href=\"https:\/\/perf.stage.aws.wp.sos-dev.org\/hu\/benefits-of-a-spiritual-guide\/\">Spiritual Guide<\/a><\/p>\n<p><a title=\"Find Porgrams\" href=\"https:\/\/perf.stage.aws.wp.sos-dev.org\/hu\/find-programs\/\">Find Programs<\/a><\/p>\n<p><a title=\"Connect\" href=\"https:\/\/perf.stage.aws.wp.sos-dev.org\/hu\/contact-us\/\">Connect<\/a><\/p>\n<p><a title=\"Privacy Policy\" href=\"\/privacy-policy\/\">Privacy Policy<\/a><\/p>\n<p>[\/et_pb_text][\/et_pb_column][\/et_pb_row][\/et_pb_section]<\/p>\n","protected":false},"excerpt":{"rendered":"<p>[et_pb_section fb_built=&#8221;1&#8243; _builder_version=&#8221;3.22&#8243; background_image=&#8221;https:\/\/perf.stage.aws.wp.sos-dev.org\/wp-content\/uploads\/2018\/07\/about-us-section.jpg&#8221; parallax=&#8221;on&#8221; parallax_method=&#8221;off&#8221; custom_padding=&#8221;92px|||&#8221;][et_pb_row _builder_version=&#8221;3.25&#8243; background_color=&#8221;rgba(255,255,255,0.95)&#8221; box_shadow_style=&#8221;preset1&#8243;][et_pb_column type=&#8221;4_4&#8243; _builder_version=&#8221;3.25&#8243; custom_padding=&#8221;|||&#8221; custom_padding__hover=&#8221;|||&#8221;][et_pb_text _builder_version=&#8221;3.27.4&#8243; text_orientation=&#8221;center&#8221; text_font_size_last_edited=&#8221;off|desktop&#8221;] A szervezet\u00fcnk [\/et_pb_text][et_pb_text module_class=&#8221;sos-dropcap margin-bottom-6 margin-top-6&#8243; _builder_version=&#8221;4.2.2&#8243; max_width=&#8221;75%&#8221; max_width_last_edited=&#8221;off|desktop&#8221; module_alignment=&#8221;center&#8221; hover_enabled=&#8221;0&#8243;] A Spiritualit\u00e1s Tudom\u00e1nya nonprofit szervezet, vil\u00e1gszerte 2800 k\u00f6zponttal, amelyek f\u00f3rumot k\u00edn\u00e1lnak arra, hogy megtanuljunk medit\u00e1lni a fizikai, a ment\u00e1lis, az \u00e9rzelmi eg\u00e9szs\u00e9g\u00fcnk \u00e9s a spiritu\u00e1lis fejl\u0151d\u00e9s\u00fcnk \u00e9rdek\u00e9ben. [&hellip;]<\/p>\n","protected":false},"author":1,"featured_media":0,"parent":0,"menu_order":0,"comment_status":"closed","ping_status":"closed","template":"","meta":{"_et_pb_use_builder":"on","_et_pb_old_content":"","_et_gb_content_width":""},"_links":{"self":[{"href":"https:\/\/perf.stage.aws.cdn.wp.sos-dev.org\/hu\/wp-json\/wp\/v2\/pages\/5875"}],"collection":[{"href":"https:\/\/perf.stage.aws.cdn.wp.sos-dev.org\/hu\/wp-json\/wp\/v2\/pages"}],"about":[{"href":"https:\/\/perf.stage.aws.cdn.wp.sos-dev.org\/hu\/wp-json\/wp\/v2\/types\/page"}],"author":[{"embeddable":true,"href":"https:\/\/perf.stage.aws.cdn.wp.sos-dev.org\/hu\/wp-json\/wp\/v2\/users\/1"}],"replies":[{"embeddable":true,"href":"https:\/\/perf.stage.aws.cdn.wp.sos-dev.org\/hu\/wp-json\/wp\/v2\/comments?post=5875"}],"version-history":[{"count":7,"href":"https:\/\/perf.stage.aws.cdn.wp.sos-dev.org\/hu\/wp-json\/wp\/v2\/pages\/5875\/revisions"}],"predecessor-version":[{"id":39759,"href":"https:\/\/perf.stage.aws.cdn.wp.sos-dev.org\/hu\/wp-json\/wp\/v2\/pages\/5875\/revisions\/39759"}],"wp:attachment":[{"href":"https:\/\/perf.stage.aws.cdn.wp.sos-dev.org\/hu\/wp-json\/wp\/v2\/media?parent=5875"}],"curies":[{"name":"wp","href":"https:\/\/api.w.org\/{rel}","templated":true}]}}