{"id":5873,"date":"2018-08-04T03:43:30","date_gmt":"2018-08-04T08:43:30","guid":{"rendered":"https:\/\/perf.stage.aws.wp.sos-dev.org\/benefits-of-meditation-2\/"},"modified":"2020-08-01T11:24:08","modified_gmt":"2020-08-01T16:24:08","slug":"benefits-from-meditation","status":"publish","type":"page","link":"https:\/\/perf.stage.aws.cdn.wp.sos-dev.org\/hu\/benefits-from-meditation\/","title":{"rendered":"Benefits from Meditation"},"content":{"rendered":"<p>[et_pb_section fb_built=&#8221;1&#8243; custom_padding_last_edited=&#8221;on|desktop&#8221; _builder_version=&#8221;3.22.3&#8243; background_image=&#8221;https:\/\/perf.stage.aws.wp.sos-dev.org\/wp-content\/uploads\/2018\/07\/HealthBenefitsSectionBG-3.jpg&#8221; parallax=&#8221;on&#8221; parallax_method=&#8221;off&#8221; custom_padding=&#8221;92px|0px|54px|0px&#8221; custom_padding_tablet=&#8221;&#8221; custom_padding_phone=&#8221;&#8221;][et_pb_row module_class=&#8221;sos-userjourney-responsive-row sos-padded-row&#8221; _builder_version=&#8221;3.25&#8243; background_color=&#8221;rgba(255,255,255,0.95)&#8221; custom_padding=&#8221;55px|15px|27px|15px|false|false&#8221; box_shadow_style=&#8221;preset1&#8243;][et_pb_column type=&#8221;4_4&#8243; _builder_version=&#8221;3.25&#8243; custom_padding=&#8221;|||&#8221; custom_padding__hover=&#8221;|||&#8221;][et_pb_text _builder_version=&#8221;3.27.4&#8243; text_orientation=&#8221;center&#8221; text_text_align=&#8221;center&#8221;]Spiritual growth is the primary reason to meditate. These are the byproducts of meditation.[\/et_pb_text][et_pb_text admin_label=&#8221;title&#8221; _builder_version=&#8221;4.5.1&#8243; text_orientation=&#8221;center&#8221; text_font_size_last_edited=&#8221;off|desktop&#8221;]<\/p>\n<h1 class=\"font-size-8 sos-uj-page-title\">Physical, Mental, &amp; Emotional <br \/>Benefits from Meditation<\/h1>\n<p>[\/et_pb_text][et_pb_text module_class=&#8221;sos-dropcap margin-bottom-6 margin-top-6&#8243; _builder_version=&#8221;3.27.4&#8243; max_width=&#8221;75%&#8221; max_width_tablet=&#8221;&#8221; max_width_phone=&#8221;&#8221; max_width_last_edited=&#8221;on|desktop&#8221; module_alignment=&#8221;center&#8221;]<\/p>\n<p>\u00c9lj\u00fck \u00e1t a nyugalom, a kiegyens\u00falyozotts\u00e1g, a b\u00e9ke pillanatait a medit\u00e1ci\u00f3 seg\u00edts\u00e9g\u00e9vel! Amint megnyugszunk, \u00e9rezhet\u0151v\u00e9 v\u00e1lik, ahogy a benn\u00fcnk l\u00e9v\u0151 fesz\u00fclts\u00e9g old\u00f3dik, majd lassan k\u00f6dd\u00e9 v\u00e1lik. Fedezz\u00fck fel, hogyan k\u00e9pes a medit\u00e1ci\u00f3 jav\u00edtani a fizikai, ment\u00e1lis \u00e9s \u00e9rzelmi eg\u00e9szs\u00e9gi \u00e1llapotunkon!.<\/p>\n<p>[\/et_pb_text][et_pb_code admin_label=&#8221;Video Code&#8221; max_width=&#8221;75%&#8221; max_width_tablet=&#8221;&#8221; max_width_phone=&#8221;100%&#8221; max_width_last_edited=&#8221;on|phone&#8221; module_alignment=&#8221;center&#8221;][\/et_pb_code][et_pb_text module_class=&#8221;margin-bottom-6 margin-top-6&#8243; _builder_version=&#8221;3.27.4&#8243; max_width=&#8221;75%&#8221; max_width_tablet=&#8221;&#8221; max_width_phone=&#8221;&#8221; max_width_last_edited=&#8221;on|desktop&#8221; module_alignment=&#8221;center&#8221;]<\/p>\n<h2 class=\"font-thin-4 margin-bottom-3\">A medit\u00e1ci\u00f3 j\u00f3t\u00e9tem\u00e9nyei a fizikai test sz\u00e1m\u00e1ra<\/h2>\n<p>A medit\u00e1ci\u00f3t\u00f3l cs\u00f6kken a stressz szint, jobb lesz a fizikai \u00e1ll\u00f3k\u00e9pess\u00e9g\u00fcnk. Ennek az egyik el\u0151nyek\u00e9nt m\u00e9rs\u00e9kl\u0151dik a stresszel \u00f6sszef\u00fcgg\u0151 betegs\u00e9gek kialakul\u00e1s\u00e1nak a kock\u00e1zata.<\/p>\n<p>Az eg\u00e9szs\u00e9g\u00fcgyben dolgoz\u00f3k, az orvosok tapasztalj\u00e1k a stressznek a fizikai testre gyakorolt negat\u00edv hat\u00e1s\u00e1t. Egy\u00e9rtelm\u0171 a fesz\u00fclts\u00e9g \u00e9s az \u00e1ltala okozott betegs\u00e9gek kapcsolata. Ez\u00e9rt az eg\u00e9szs\u00e9g\u00fcgyi szakemberek a stressz-szint cs\u00f6kkent\u00e9s\u00e9re a medit\u00e1ci\u00f3t javasolj\u00e1k a betegeiknek. Ter\u00e1pi\u00e1s c\u00e9llal hat\u00e9konynak bizonyul a magas v\u00e9rnyom\u00e1s \u00e9s magas pulzussz\u00e1m ellen. Tapasztalatok igazolj\u00e1k az immunrendszerre gyakorolt pozit\u00edv hat\u00e1s\u00e1t. A k\u00f3rh\u00e1zak \u00e9s klinik\u00e1k egyre gyakrabban aj\u00e1nlj\u00e1k a medit\u00e1ci\u00f3s tanfolyamot is a betegeik r\u00e9sz\u00e9re.<\/p>\n<h2 class=\"font-thin-4 margin-bottom-3\">A medit\u00e1ci\u00f3nak az elm\u00e9nkre tett j\u00f3t\u00e9kony hat\u00e1sa <\/h2>\n<p>A medit\u00e1ci\u00f3 \u00e1ltal ny\u00fajtott nyugalom gy\u00fcm\u00f6lcse a csendes, b\u00e9k\u00e9s, eg\u00e9szs\u00e9ges elme. <\/p>\n<p>Tanulm\u00e1nyok bizony\u00edtj\u00e1k a medit\u00e1ci\u00f3nak az agyunkra \u00e9s az eml\u00e9kez\u0151 k\u00e9pess\u00e9g\u00fcnkre gyakorolt pozit\u00edv hat\u00e1s\u00e1t. Tov\u00e1bb\u00e1 jav\u00edtja a koncentr\u00e1ci\u00f3s k\u00e9pess\u00e9get, a figyelem \u00f6sszefogotts\u00e1g\u00e1t. Ennek fontos szerepe van az oktat\u00e1s, a sportok, a munka \u00e9s a hobbik ter\u00fclet\u00e9n. Amikor \u00f6sszpontosul a figyelm\u00fcnk, hat\u00e9konyabb\u00e1 v\u00e1lunk. Ismert j\u00e1t\u00e9kosok \u00e9s edz\u0151k mes\u00e9lnek arr\u00f3l, hogyan seg\u00edti \u0151ket a medit\u00e1ci\u00f3 a cs\u00facsteljes\u00edtm\u00e9ny el\u00e9r\u00e9s\u00e9ben. <\/p>\n<h2 class=\"font-thin-4 margin-bottom-3\">A medit\u00e1ci\u00f3 kedvez\u0151 hat\u00e1sa az \u00e9rzelmi \u00e9let\u00fcnkben <\/h2>\n<p>Az \u00e9rzelmi j\u00f3ll\u00e9t\u00fcnk\u00f6n is jav\u00edt a medit\u00e1ci\u00f3. Bens\u0151 boldogs\u00e1got \u00e9s \u00f6r\u00f6m\u00f6t ny\u00fajt. A medit\u00e1ci\u00f3 gyakorl\u00e1s\u00e1val cs\u00f6kkenthet\u0151 az \u00e9let kih\u00edv\u00e1sai \u00e1ltal keltett kil\u00e1t\u00e1stalans\u00e1g \u00e9s csal\u00f3dotts\u00e1g \u00e9rz\u00e9se, a depresszi\u00f3. Amikor a negat\u00edv \u00e9rzelmek miatt mag\u00e1nyosnak, elszigeteltnek vagy egyszer\u0171en csak szomor\u00fanak \u00e9rezz\u00fck magunkat, a medit\u00e1ci\u00f3 k\u00e9pes hat\u00e9konyan kieg\u00e9sz\u00edteni a professzion\u00e1lis szakemberek \u00e1ltal ny\u00fajtott seg\u00edts\u00e9get.<\/p>\n<p>A medit\u00e1ci\u00f3ban a nyugalom \u00e9s boldogs\u00e1g bens\u0151 r\u00e9gi\u00f3j\u00e1ra csatlakozunk r\u00e1. Ez er\u0151s\u00edti a pozit\u00edv \u00e9letszeml\u00e9letet. Megtapasztaljuk, hogy t\u00fal a mindennapi \u00e9let \u00e1ltal keltett \u00e9rzelmi f\u00e1jdalmakon, a bens\u0151nkben az \u00f6r\u00f6m tava v\u00e1r r\u00e1nk, amelyben b\u00e1rmikor megm\u00e1rt\u00f3zhatunk. A medit\u00e1ci\u00f3 seg\u00edt az \u00fajrat\u00f6lt\u0151d\u00e9sben, a felfriss\u00fcl\u00e9sben, a meg\u00fajul\u00e1sban.<\/p>\n<p>Ha boldogabb\u00e1 v\u00e1lunk, nyugodtabbak \u00e9s kiegyens\u00falyozottabb lesz\u00fcnk. Ez hull\u00e1mk\u00e9nt tov\u00e1bbterjedve fog kisug\u00e1rz\u00f3dni bel\u0151l\u00fcnk. A medit\u00e1ci\u00f3 \u00edgy lehet seg\u00edts\u00e9g\u00fcnkre a csal\u00e1dtagjainkkal, bar\u00e1tainkkal, munkat\u00e1rsakkal, s\u0151t a szomsz\u00e9dainkkal \u00e9s az eg\u00e9sz k\u00f6z\u00f6ss\u00e9g\u00fcnkkel val\u00f3 jobb kapcsolat megteremt\u00e9s\u00e9ben.<\/p>\n<p class=\"sos-gold-text\">Visszav\u00e1runk ide a medit\u00e1ci\u00f3nak a fizikai, ment\u00e1lis \u00e9s \u00e9rzelmi eg\u00e9szs\u00e9g\u00fcnkre tett j\u00f3 hat\u00e1sai t\u00e9mak\u00f6rben az \u00faj \u00edr\u00e1sok, vide\u00f3k megtekint\u00e9s\u00e9re.<\/p>\n<p>[\/et_pb_text][et_pb_code disabled_on=&#8221;on|on|on&#8221; _builder_version=&#8221;3.29.3&#8243; disabled=&#8221;on&#8221;][\/et_pb_code][et_pb_cta button_url=&#8221;https:\/\/perf.stage.aws.wp.sos-dev.org\/hu\/connect-form\/&#8221; button_text=&#8221;Sign Up&#8221; module_class=&#8221;sos-contact-us-cta &#8221; _builder_version=&#8221;4.5.1&#8243; background_enable_color=&#8221;off&#8221; background_layout=&#8221;light&#8221; max_width=&#8221;75%&#8221; max_width_tablet=&#8221;&#8221; max_width_phone=&#8221;&#8221; max_width_last_edited=&#8221;on|desktop&#8221; module_alignment=&#8221;center&#8221; border_radii=&#8221;on|15px|15px|15px|15px&#8221; border_width_all=&#8221;1px&#8221; border_color_all=&#8221;#d3d3d3&#8243; box_shadow_style=&#8221;preset1&#8243;]<\/p>\n<p>Sign up for our mailing list and continue discovering the physical, mental, and emotional benefits of meditation<\/p>\n<p>[\/et_pb_cta][\/et_pb_column][\/et_pb_row][\/et_pb_section][et_pb_section fb_built=&#8221;1&#8243; module_class=&#8221;sos-marble-bg sos-highlight-section&#8221; _builder_version=&#8221;3.26.4&#8243; custom_padding=&#8221;50px|0px|54px|0px|false|false&#8221; box_shadow_style=&#8221;preset1&#8243; box_shadow_blur=&#8221;20px&#8221; box_shadow_spread=&#8221;2px&#8221; global_module=&#8221;638&#8243;][et_pb_row make_equal=&#8221;on&#8221; _builder_version=&#8221;3.25&#8243; max_width=&#8221;89%&#8221; custom_padding=&#8221;0|0px|27px|0px|false|false&#8221;][et_pb_column type=&#8221;4_4&#8243; _builder_version=&#8221;3.25&#8243; custom_padding=&#8221;|||&#8221; custom_padding__hover=&#8221;|||&#8221;][et_pb_text _builder_version=&#8221;3.27.4&#8243;]<\/p>\n<h1 class=\"center-text font-size-8\">Want to Learn More?<\/h1>\n<p>[\/et_pb_text][et_pb_blog fullwidth=&#8221;off&#8221; posts_number=&#8221;6&#8243; include_categories=&#8221;28&#8243; show_thumbnail=&#8221;off&#8221; show_more=&#8221;on&#8221; show_author=&#8221;off&#8221; show_date=&#8221;off&#8221; show_categories=&#8221;off&#8221; show_pagination=&#8221;off&#8221; use_overlay=&#8221;on&#8221; overlay_icon_color=&#8221;#ffffff&#8221; hover_overlay_color=&#8221;rgba(229,222,216,0.4)&#8221; hover_icon=&#8221;%%24%%&#8221; masonry_tile_background_color=&#8221;#ffffff&#8221; admin_label=&#8221;BME Blog&#8221; module_class=&#8221;sos-article-grid&#8221; _builder_version=&#8221;3.27.4&#8243; text_orientation=&#8221;left&#8221;]<\/p>\n<p>\u00a0<\/p>\n<p>[\/et_pb_blog][\/et_pb_column][\/et_pb_row][\/et_pb_section][et_pb_section fb_built=&#8221;1&#8243; disabled_on=&#8221;on|off|off&#8221; _builder_version=&#8221;4.4.7&#8243; background_color=&#8221;#e1b93b&#8221; background_image=&#8221;https:\/\/perf.stage.aws.wp.sos-dev.org\/wp-content\/uploads\/2018\/07\/footer-08.jpg&#8221; background_enable_image=&#8221;off&#8221; width=&#8221;100%&#8221; custom_padding=&#8221;35px|0px|35px|0px|false|false&#8221; global_module=&#8221;403&#8243; saved_tabs=&#8221;all&#8221; collapsed=&#8221;off&#8221;][et_pb_row column_structure=&#8221;1_4,1_4,1_4,1_4&#8243; make_equal=&#8221;on&#8221; module_class=&#8221;sos-expanded-footer&#8221; _builder_version=&#8221;3.25&#8243;][et_pb_column type=&#8221;1_4&#8243; _builder_version=&#8221;3.25&#8243; custom_padding=&#8221;|||&#8221; custom_padding__hover=&#8221;|||&#8221;][et_pb_text admin_label=&#8221;Meditation&#8221; _builder_version=&#8221;4.4.1&#8243; text_font=&#8221;Nunito|600|||||||&#8221; text_text_color=&#8221;#968743&#8243; text_font_size=&#8221;13px&#8221; header_font=&#8221;Nunito||||||||&#8221; header_5_font=&#8221;Nunito|600|||||||&#8221; header_6_font=&#8221;Nunito|600|||||||&#8221;]<\/p>\n<h3>MEDITATION<\/h3>\n<p><a title=\"Spiritual Growth\" href=\"https:\/\/perf.stage.aws.wp.sos-dev.org\/hu\/spiritual-growth\/\">Spiritual Growth<\/a><\/p>\n<p><a title=\"Benefits of a Spiritual Guide\" href=\"https:\/\/perf.stage.aws.wp.sos-dev.org\/hu\/benefits-of-a-spiritual-guide\/\">Benefits of a Spiritual Guide<\/a><\/p>\n<p><a title=\"Health Benefits\" href=\"https:\/\/perf.stage.aws.wp.sos-dev.org\/hu\/benefits-from-meditation\/\">Meditation Byproducts<\/a><\/p>\n<p><a title=\"Healthy Living\" href=\"https:\/\/perf.stage.aws.wp.sos-dev.org\/hu\/healthy-living-and-vegetarian-diet\/\">Healthy Living<\/a><\/p>\n<p>[\/et_pb_text][\/et_pb_column][et_pb_column type=&#8221;1_4&#8243; _builder_version=&#8221;3.25&#8243; custom_padding=&#8221;|||&#8221; custom_padding__hover=&#8221;|||&#8221;][et_pb_text admin_label=&#8221;About Us&#8221; _builder_version=&#8221;3.27.4&#8243; text_font=&#8221;Nunito|600|||||||&#8221; text_text_color=&#8221;#968743&#8243; text_font_size=&#8221;17px&#8221; header_font=&#8221;Nunito||||||||&#8221; header_5_font=&#8221;Nunito|600|||||||&#8221; header_6_font=&#8221;Nunito|600|||||||&#8221; custom_margin=&#8221;|||&#8221;]<\/p>\n<h3>ABOUT US<\/h3>\n<p><a title=\"Our Organization\" href=\"https:\/\/perf.stage.aws.wp.sos-dev.org\/hu\/about-us\/\">Our Organization<\/a><\/p>\n<p><a title=\"International Meditation Center\" href=\"https:\/\/perf.stage.aws.wp.sos-dev.org\/hu\/meditation-center\/\">International Meditation Center<\/a><\/p>\n<p>[\/et_pb_text][\/et_pb_column][et_pb_column type=&#8221;1_4&#8243; _builder_version=&#8221;3.25&#8243; custom_padding=&#8221;|||&#8221; custom_padding__hover=&#8221;|||&#8221;][et_pb_text admin_label=&#8221;Explore&#8221; _builder_version=&#8221;3.29.3&#8243; text_font=&#8221;Nunito|600|||||||&#8221; text_text_color=&#8221;#968743&#8243; text_font_size=&#8221;17px&#8221; header_font=&#8221;Nunito||||||||&#8221; header_5_font=&#8221;Nunito|600|||||||&#8221; header_6_font=&#8221;Nunito|600|||||||&#8221;]<\/p>\n<h3>EXPLORE<\/h3>\n<p><a title=\"News\" href=\"\/?page_id=22450\">News<\/a><\/p>\n<p><a title=\"Articles\" href=\"https:\/\/perf.stage.aws.wp.sos-dev.org\/hu\/articles\/\">Articles<\/a><\/p>\n<p><a title=\"Videos\" href=\"https:\/\/perf.stage.aws.wp.sos-dev.org\/hu\/videos\/\">Videos<\/a><\/p>\n<p>[\/et_pb_text][\/et_pb_column][et_pb_column type=&#8221;1_4&#8243; _builder_version=&#8221;3.25&#8243; custom_padding=&#8221;|||&#8221; custom_padding__hover=&#8221;|||&#8221;][et_pb_text admin_label=&#8221;More&#8221; _builder_version=&#8221;4.4.7&#8243; text_font=&#8221;Nunito|600|||||||&#8221; text_text_color=&#8221;#968743&#8243; text_font_size=&#8221;17px&#8221; header_font=&#8221;Nunito||||||||&#8221; header_5_font=&#8221;Nunito|600|||||||&#8221; header_6_font=&#8221;Nunito|600|||||||&#8221;]<\/p>\n<h3>MORE<\/h3>\n<p><a title=\"Spiritual Guide\" href=\"https:\/\/perf.stage.aws.wp.sos-dev.org\/hu\/benefits-of-a-spiritual-guide\/\">Spiritual Guide<\/a><\/p>\n<p><a title=\"Find Porgrams\" href=\"https:\/\/perf.stage.aws.wp.sos-dev.org\/hu\/find-programs\/\">Find Programs<\/a><\/p>\n<p><a title=\"Connect\" href=\"https:\/\/perf.stage.aws.wp.sos-dev.org\/hu\/contact-us\/\">Connect<\/a><\/p>\n<p><a title=\"Privacy Policy\" href=\"\/privacy-policy\/\">Privacy Policy<\/a><\/p>\n<p><a title=\"Terms of Use\" href=\"\/?page_id=34140\">Terms of Use<\/a><\/p>\n<p>[\/et_pb_text][\/et_pb_column][\/et_pb_row][\/et_pb_section]<\/p>\n","protected":false},"excerpt":{"rendered":"<p>[et_pb_section fb_built=&#8221;1&#8243; custom_padding_last_edited=&#8221;on|desktop&#8221; _builder_version=&#8221;3.22.3&#8243; background_image=&#8221;https:\/\/perf.stage.aws.wp.sos-dev.org\/wp-content\/uploads\/2018\/07\/HealthBenefitsSectionBG-3.jpg&#8221; parallax=&#8221;on&#8221; parallax_method=&#8221;off&#8221; custom_padding=&#8221;92px|0px|54px|0px&#8221; custom_padding_tablet=&#8221;&#8221; custom_padding_phone=&#8221;&#8221;][et_pb_row module_class=&#8221;sos-userjourney-responsive-row sos-padded-row&#8221; _builder_version=&#8221;3.25&#8243; background_color=&#8221;rgba(255,255,255,0.95)&#8221; custom_padding=&#8221;55px|15px|27px|15px|false|false&#8221; box_shadow_style=&#8221;preset1&#8243;][et_pb_column type=&#8221;4_4&#8243; _builder_version=&#8221;3.25&#8243; custom_padding=&#8221;|||&#8221; custom_padding__hover=&#8221;|||&#8221;][et_pb_text _builder_version=&#8221;3.27.4&#8243; text_orientation=&#8221;center&#8221; text_text_align=&#8221;center&#8221;]Spiritual growth is the primary reason to meditate. These are the byproducts of meditation.[\/et_pb_text][et_pb_text admin_label=&#8221;title&#8221; _builder_version=&#8221;4.5.1&#8243; text_orientation=&#8221;center&#8221; text_font_size_last_edited=&#8221;off|desktop&#8221;] Physical, Mental, &amp; Emotional Benefits from Meditation [\/et_pb_text][et_pb_text module_class=&#8221;sos-dropcap margin-bottom-6 margin-top-6&#8243; _builder_version=&#8221;3.27.4&#8243; max_width=&#8221;75%&#8221; max_width_tablet=&#8221;&#8221; max_width_phone=&#8221;&#8221; [&hellip;]<\/p>\n","protected":false},"author":3,"featured_media":0,"parent":0,"menu_order":0,"comment_status":"closed","ping_status":"closed","template":"","meta":{"_et_pb_use_builder":"on","_et_pb_old_content":"","_et_gb_content_width":""},"_links":{"self":[{"href":"https:\/\/perf.stage.aws.cdn.wp.sos-dev.org\/hu\/wp-json\/wp\/v2\/pages\/5873"}],"collection":[{"href":"https:\/\/perf.stage.aws.cdn.wp.sos-dev.org\/hu\/wp-json\/wp\/v2\/pages"}],"about":[{"href":"https:\/\/perf.stage.aws.cdn.wp.sos-dev.org\/hu\/wp-json\/wp\/v2\/types\/page"}],"author":[{"embeddable":true,"href":"https:\/\/perf.stage.aws.cdn.wp.sos-dev.org\/hu\/wp-json\/wp\/v2\/users\/3"}],"replies":[{"embeddable":true,"href":"https:\/\/perf.stage.aws.cdn.wp.sos-dev.org\/hu\/wp-json\/wp\/v2\/comments?post=5873"}],"version-history":[{"count":10,"href":"https:\/\/perf.stage.aws.cdn.wp.sos-dev.org\/hu\/wp-json\/wp\/v2\/pages\/5873\/revisions"}],"predecessor-version":[{"id":39937,"href":"https:\/\/perf.stage.aws.cdn.wp.sos-dev.org\/hu\/wp-json\/wp\/v2\/pages\/5873\/revisions\/39937"}],"wp:attachment":[{"href":"https:\/\/perf.stage.aws.cdn.wp.sos-dev.org\/hu\/wp-json\/wp\/v2\/media?parent=5873"}],"curies":[{"name":"wp","href":"https:\/\/api.w.org\/{rel}","templated":true}]}}