{"id":5825,"date":"2018-08-04T07:25:58","date_gmt":"2018-08-04T12:25:58","guid":{"rendered":"https:\/\/perf.stage.aws.wp.sos-dev.org\/western-headquarters\/"},"modified":"2020-08-01T05:49:17","modified_gmt":"2020-08-01T10:49:17","slug":"meditation-center","status":"publish","type":"page","link":"https:\/\/perf.stage.aws.cdn.wp.sos-dev.org\/hu\/meditation-center\/","title":{"rendered":"Nemzetk\u00f6zi Medit\u00e1ci\u00f3s K\u00f6zpont"},"content":{"rendered":"<p>[et_pb_section fb_built=&#8221;1&#8243; module_class=&#8221;sos-marble-bg&#8221; _builder_version=&#8221;3.22&#8243; background_image=&#8221;https:\/\/perf.stage.aws.wp.sos-dev.org\/wp-content\/uploads\/2018\/11\/sos-international-meditation-center-rendering.jpg&#8221; parallax=&#8221;on&#8221; parallax_method=&#8221;off&#8221; custom_padding=&#8221;92px|||&#8221;][et_pb_row custom_padding_last_edited=&#8221;on|phone&#8221; _builder_version=&#8221;3.25&#8243; background_color=&#8221;rgba(255,255,255,0.95)&#8221; background_size=&#8221;initial&#8221; background_position=&#8221;top_left&#8221; background_repeat=&#8221;repeat&#8221; custom_padding=&#8221;57px|57px|57px|57px&#8221; custom_padding_tablet=&#8221;&#8221; custom_padding_phone=&#8221;34px|34px|34px|34px&#8221;][et_pb_column type=&#8221;4_4&#8243; _builder_version=&#8221;3.25&#8243; custom_padding=&#8221;|||&#8221; custom_padding__hover=&#8221;|||&#8221;][et_pb_text admin_label=&#8221;Western Headquarters&#8221; _builder_version=&#8221;3.27.4&#8243;]<\/p>\n<h1 class=\"sos-uj-page-title\" style=\"text-align: center\">Nemzetk\u00f6zi Medit\u00e1ci\u00f3s K\u00f6zpont<\/h1>\n<p>[\/et_pb_text][et_pb_text admin_label=&#8221;Open to the Public&#8221; _builder_version=&#8221;4.4.6&#8243; text_orientation=&#8221;center&#8221; hover_enabled=&#8221;0&#8243;]<\/p>\n<h2 style=\"line-height: normal\">Due to the coronavirus, the Science of Spirituality International Meditation Center is currently closed until further notice.<\/h2>\n<p>[\/et_pb_text][et_pb_image src=&#8221;https:\/\/perf.stage.aws.wp.sos-dev.org\/wp-content\/uploads\/2018\/11\/sos-international-meditation-center.jpg&#8221; align=&#8221;center&#8221; align_tablet=&#8221;center&#8221; align_phone=&#8221;&#8221; align_last_edited=&#8221;on|desktop&#8221; _builder_version=&#8221;3.23&#8243; max_width=&#8221;85%&#8221; module_alignment=&#8221;center&#8221; mix_blend_mode=&#8221;multiply&#8221; box_shadow_style=&#8221;preset3&#8243;][\/et_pb_image][et_pb_text _builder_version=&#8221;3.27.4&#8243; text_orientation=&#8221;center&#8221; hover_enabled=&#8221;0&#8243;]<\/p>\n<h2>\u00daj Spiritualit\u00e1s Tudom\u00e1nya medit\u00e1ci\u00f3s K\u00f6zpont<br \/>Illinois, Lisle <\/h2>\n<h3 class=\"sos-letter-spacing-text-4 sos-gold-text sos-whq-tag-text\">Fedezz\u00fck fel a bens\u0151 szent\u00e9ly\u00fcnket! | Tapasztaljuk meg a b\u00e9k\u00e9t, \u00f6r\u00f6m\u00f6t, \u00fcdv\u00f6ss\u00e9get!<\/h3>\n<p>[\/et_pb_text][et_pb_text _builder_version=&#8221;4.4.6&#8243; text_orientation=&#8221;center&#8221; hover_enabled=&#8221;0&#8243;]<\/p>\n<p>\n&nbsp;<\/p>\n<h4><strong>Nyitvatart\u00e1s: 10:00 -17:00 \u00f3r\u00e1ig<br \/><\/strong><\/h4>\n<h4><strong>Ellen\u0151rizz\u00fck a rendszeres friss\u00edt\u00e9seket!<br \/><\/strong><\/h4>\n<p>[\/et_pb_text][et_pb_text module_class=&#8221;bullet-points&#8221; _builder_version=&#8221;3.27.4&#8243; max_width=&#8221;60%&#8221; max_width_tablet=&#8221;85%&#8221; max_width_phone=&#8221;100%&#8221; max_width_last_edited=&#8221;on|phone&#8221; module_alignment=&#8221;center&#8221;]<\/p>\n<ul>\n<li>Fedezz\u00fck fel a medit\u00e1ci\u00f3 spiritu\u00e1lis, fizikai, ment\u00e1lis \u00e9s \u00e9rzelmi eg\u00e9szs\u00e9gi j\u00f3t\u00e9tem\u00e9nyeit!<\/li>\n<li>Lazuljunk el \u00e9s friss\u00fclj\u00fcnk fel a b\u00e9k\u00e9s medit\u00e1ci\u00f3s szent\u00e9lyben!<\/li>\n<li>Tanuljunk meg medit\u00e1lni a tanfolyamokon \u00e9s workshopokon!<\/li>\n<li>Keress\u00fck fel a workshopokat \u00e9s a f\u0151z\u0151tanfolyamokat, hogy megismerj\u00fck a veget\u00e1ri\u00e1nus \u00e9letm\u00f3d el\u0151nyeit, \u00e9s \u00f6tletekkel gazdagodjunk az eg\u00e9szs\u00e9ges \u00e9letvitellel kapcsolatban a Vega Fesztiv\u00e1l nagy t\u00e1mogat\u00f3j\u00e1t\u00f3l!<\/li>\n<li>Vegy\u00fcnk r\u00e9szt az \u00f6szt\u00f6nz\u00e9st ny\u00fajt\u00f3 nyilv\u00e1nos el\u0151ad\u00e1sokon, a medit\u00e1ci\u00f3s szemin\u00e1riumokon, \u00e9s azokon a programokon, amelyeken a medit\u00e1ci\u00f3r\u00f3l tanulhatunk <a href=\"https:\/\/perf.stage.aws.wp.sos-dev.org\/benefits-of-a-spiritual-guide\/\">Sant Rajinder Singh Ji Maharajt\u00f3l!<\/a><\/li>\n<\/ul>\n<p>[\/et_pb_text][et_pb_text _builder_version=&#8221;3.27.4&#8243; text_orientation=&#8221;center&#8221;]<\/p>\n<h4><strong>T\u00e9rj\u00fcnk vissza erre az oldalra a cikkek\u00e9rt \u00e9s vide\u00f3k\u00e9rt, hogy a medit\u00e1ci\u00f3 megtanul\u00e1s\u00e1val gazdagg\u00e1 tegy\u00fck az \u00e9let\u00fcnket!<\/strong><\/h4>\n<p>[\/et_pb_text][et_pb_text admin_label=&#8221;Location&#8221; _builder_version=&#8221;3.27.4&#8243;]<\/p>\n<h4><strong>Helysz\u00edn: Science of Spirituality, 4105 Naperville Rd, Lisle, IL 60532<\/strong><\/h4>\n<p>[\/et_pb_text][et_pb_map address=&#8221;4105 Naperville Rd, Lisle, IL 60532, USA&#8221; address_lat=&#8221;41.8108215&#8243; address_lng=&#8221;-88.11536460000002&#8243; mouse_wheel=&#8221;off&#8221; mobile_dragging=&#8221;off&#8221; _builder_version=&#8221;3.19.2&#8243; max_width=&#8221;90%&#8221; module_alignment=&#8221;center&#8221; box_shadow_style=&#8221;preset1&#8243;][\/et_pb_map][\/et_pb_column][\/et_pb_row][\/et_pb_section][et_pb_section fb_built=&#8221;1&#8243; disabled_on=&#8221;on|off|off&#8221; _builder_version=&#8221;4.4.1&#8243; background_color=&#8221;#e1b93b&#8221; background_image=&#8221;https:\/\/perf.stage.aws.wp.sos-dev.org\/wp-content\/uploads\/2018\/07\/footer-08.jpg&#8221; background_enable_image=&#8221;off&#8221; width=&#8221;100%&#8221; custom_padding=&#8221;35px|0px|35px|0px|false|false&#8221; global_module=&#8221;403&#8243; saved_tabs=&#8221;all&#8221; collapsed=&#8221;off&#8221;][et_pb_row column_structure=&#8221;1_4,1_4,1_4,1_4&#8243; make_equal=&#8221;on&#8221; module_class=&#8221;sos-expanded-footer&#8221; _builder_version=&#8221;3.25&#8243;][et_pb_column type=&#8221;1_4&#8243; _builder_version=&#8221;3.25&#8243; custom_padding=&#8221;|||&#8221; custom_padding__hover=&#8221;|||&#8221;][et_pb_text admin_label=&#8221;Meditation&#8221; _builder_version=&#8221;4.4.1&#8243; text_font=&#8221;Nunito|600|||||||&#8221; text_text_color=&#8221;#968743&#8243; text_font_size=&#8221;13px&#8221; header_font=&#8221;Nunito||||||||&#8221; header_5_font=&#8221;Nunito|600|||||||&#8221; header_6_font=&#8221;Nunito|600|||||||&#8221;]<\/p>\n<h3>MEDITATION<\/h3>\n<p><a title=\"Spiritual Growth\" href=\"https:\/\/perf.stage.aws.wp.sos-dev.org\/hu\/spiritual-growth\/\">Spiritual Growth<\/a><\/p>\n<p><a title=\"Benefits of a Spiritual Guide\" href=\"https:\/\/perf.stage.aws.wp.sos-dev.org\/hu\/benefits-of-a-spiritual-guide\/\">Benefits of a Spiritual Guide<\/a><\/p>\n<p><a title=\"Health Benefits\" href=\"https:\/\/perf.stage.aws.wp.sos-dev.org\/hu\/benefits-from-meditation\/\">Meditation Byproducts<\/a><\/p>\n<p><a title=\"Healthy Living\" href=\"https:\/\/perf.stage.aws.wp.sos-dev.org\/hu\/healthy-living-and-vegetarian-diet\/\">Healthy Living<\/a><\/p>\n<p>[\/et_pb_text][\/et_pb_column][et_pb_column type=&#8221;1_4&#8243; _builder_version=&#8221;3.25&#8243; custom_padding=&#8221;|||&#8221; custom_padding__hover=&#8221;|||&#8221;][et_pb_text admin_label=&#8221;About Us&#8221; _builder_version=&#8221;3.27.4&#8243; text_font=&#8221;Nunito|600|||||||&#8221; text_text_color=&#8221;#968743&#8243; text_font_size=&#8221;17px&#8221; header_font=&#8221;Nunito||||||||&#8221; header_5_font=&#8221;Nunito|600|||||||&#8221; header_6_font=&#8221;Nunito|600|||||||&#8221; custom_margin=&#8221;|||&#8221;]<\/p>\n<h3>ABOUT US<\/h3>\n<p><a title=\"Our Organization\" href=\"https:\/\/perf.stage.aws.wp.sos-dev.org\/hu\/about-us\/\">Our Organization<\/a><\/p>\n<p><a title=\"International Meditation Center\" href=\"https:\/\/perf.stage.aws.wp.sos-dev.org\/hu\/meditation-center\/\">International Meditation Center<\/a><\/p>\n<p>[\/et_pb_text][\/et_pb_column][et_pb_column type=&#8221;1_4&#8243; _builder_version=&#8221;3.25&#8243; custom_padding=&#8221;|||&#8221; custom_padding__hover=&#8221;|||&#8221;][et_pb_text admin_label=&#8221;Explore&#8221; _builder_version=&#8221;3.29.3&#8243; text_font=&#8221;Nunito|600|||||||&#8221; text_text_color=&#8221;#968743&#8243; text_font_size=&#8221;17px&#8221; header_font=&#8221;Nunito||||||||&#8221; header_5_font=&#8221;Nunito|600|||||||&#8221; header_6_font=&#8221;Nunito|600|||||||&#8221;]<\/p>\n<h3>EXPLORE<\/h3>\n<p><a title=\"News\" href=\"\/?page_id=22450\">News<\/a><\/p>\n<p><a title=\"Articles\" href=\"https:\/\/perf.stage.aws.wp.sos-dev.org\/hu\/articles\/\">Articles<\/a><\/p>\n<p><a title=\"Videos\" href=\"https:\/\/perf.stage.aws.wp.sos-dev.org\/hu\/videos\/\">Videos<\/a><\/p>\n<p>[\/et_pb_text][\/et_pb_column][et_pb_column type=&#8221;1_4&#8243; _builder_version=&#8221;3.25&#8243; custom_padding=&#8221;|||&#8221; custom_padding__hover=&#8221;|||&#8221;][et_pb_text admin_label=&#8221;More&#8221; _builder_version=&#8221;4.4.6&#8243; text_font=&#8221;Nunito|600|||||||&#8221; text_text_color=&#8221;#968743&#8243; text_font_size=&#8221;17px&#8221; header_font=&#8221;Nunito||||||||&#8221; header_5_font=&#8221;Nunito|600|||||||&#8221; header_6_font=&#8221;Nunito|600|||||||&#8221;]<\/p>\n<h3>MORE<\/h3>\n<p><a title=\"Spiritual Guide\" href=\"https:\/\/perf.stage.aws.wp.sos-dev.org\/hu\/benefits-of-a-spiritual-guide\/\">Spiritual Guide<\/a><\/p>\n<p><a title=\"Find Porgrams\" href=\"https:\/\/perf.stage.aws.wp.sos-dev.org\/hu\/find-programs\/\">Find Programs<\/a><\/p>\n<p><a title=\"Connect\" href=\"https:\/\/perf.stage.aws.wp.sos-dev.org\/hu\/contact-us\/\">Connect<\/a><\/p>\n<p><a title=\"Privacy Policy\" href=\"\/privacy-policy\/\">Privacy Policy<\/a><\/p>\n<p><a title=\"Terms of Use\" href=\"\/?page_id=34140\">Terms of Use<\/a><\/p>\n<p>[\/et_pb_text][\/et_pb_column][\/et_pb_row][\/et_pb_section]<\/p>\n","protected":false},"excerpt":{"rendered":"<p>Fedezz\u00fck fel a bens\u0151 szent\u00e9ly\u00fcnket! | Tapasztaljuk meg a b\u00e9k\u00e9t, \u00f6r\u00f6m\u00f6t, \u00fcdv\u00f6ss\u00e9get!<br \/>\n Meditation Center hours: 10:00 am to 5:00 pm<br \/>\nFedezz\u00fck fel a medit\u00e1ci\u00f3 spiritu\u00e1lis, fizikai, ment\u00e1lis \u00e9s \u00e9rzelmi eg\u00e9szs\u00e9gi j\u00f3t\u00e9tem\u00e9nyeit!<br \/>\nLazuljunk el \u00e9s friss\u00fclj\u00fcnk fel a b\u00e9k\u00e9s medit\u00e1ci\u00f3s szent\u00e9lyben<br \/>\nTanuljunk meg medit\u00e1lni a tanfolyamokon \u00e9s workshopokon.<br \/>\n\u2022\tKeress\u00fck fel a workshopokat \u00e9s a f\u0151z\u0151tanfolyamokat, hogy megismerj\u00fck a veget\u00e1ri\u00e1nus \u00e9letm\u00f3d el\u0151nyeit, \u00e9s \u00f6tletekkel gazdagodjunk az eg\u00e9szs\u00e9ges \u00e9letvitellel kapcsolatban a Vega Fesztiv\u00e1l nagy t\u00e1mogat\u00f3j\u00e1t\u00f3l!<br \/>\n\u2022\tVegy\u00fcnk r\u00e9szt az \u00f6szt\u00f6nz\u00e9st ny\u00fajt\u00f3 nyilv\u00e1nos el\u0151ad\u00e1sokon, a medit\u00e1ci\u00f3s szemin\u00e1riumokon, \u00e9s azokon a programokon, amelyeken a medit\u00e1ci\u00f3r\u00f3l tanulhatunk Sant Rajinder Singh Ji Maharajt\u00f3l!<br \/>\nHelysz\u00edn: Science of Spirituality, 4105 Naperville Rd, Lisle, IL 60532<\/p>\n","protected":false},"author":1,"featured_media":0,"parent":0,"menu_order":0,"comment_status":"closed","ping_status":"closed","template":"","meta":{"_et_pb_use_builder":"on","_et_pb_old_content":"","_et_gb_content_width":""},"_links":{"self":[{"href":"https:\/\/perf.stage.aws.cdn.wp.sos-dev.org\/hu\/wp-json\/wp\/v2\/pages\/5825"}],"collection":[{"href":"https:\/\/perf.stage.aws.cdn.wp.sos-dev.org\/hu\/wp-json\/wp\/v2\/pages"}],"about":[{"href":"https:\/\/perf.stage.aws.cdn.wp.sos-dev.org\/hu\/wp-json\/wp\/v2\/types\/page"}],"author":[{"embeddable":true,"href":"https:\/\/perf.stage.aws.cdn.wp.sos-dev.org\/hu\/wp-json\/wp\/v2\/users\/1"}],"replies":[{"embeddable":true,"href":"https:\/\/perf.stage.aws.cdn.wp.sos-dev.org\/hu\/wp-json\/wp\/v2\/comments?post=5825"}],"version-history":[{"count":8,"href":"https:\/\/perf.stage.aws.cdn.wp.sos-dev.org\/hu\/wp-json\/wp\/v2\/pages\/5825\/revisions"}],"predecessor-version":[{"id":39908,"href":"https:\/\/perf.stage.aws.cdn.wp.sos-dev.org\/hu\/wp-json\/wp\/v2\/pages\/5825\/revisions\/39908"}],"wp:attachment":[{"href":"https:\/\/perf.stage.aws.cdn.wp.sos-dev.org\/hu\/wp-json\/wp\/v2\/media?parent=5825"}],"curies":[{"name":"wp","href":"https:\/\/api.w.org\/{rel}","templated":true}]}}