{"id":38129,"date":"2020-01-21T03:22:40","date_gmt":"2020-01-21T09:22:40","guid":{"rendered":"https:\/\/perf.stage.aws.wp.sos-dev.org\/frequently-asked-questions\/"},"modified":"2020-08-01T03:54:36","modified_gmt":"2020-08-01T08:54:36","slug":"frequently-asked-questions","status":"publish","type":"page","link":"https:\/\/perf.stage.aws.cdn.wp.sos-dev.org\/fr\/frequently-asked-questions\/","title":{"rendered":"Questions fr\u00e9quemment pos\u00e9es"},"content":{"rendered":"<p>[et_pb_section fb_built=\u00a0\u00bb1&Prime; _builder_version=\u00a0\u00bb3.22.3&Prime; custom_padding=\u00a0\u00bb|||\u00a0\u00bb][et_pb_row _builder_version=\u00a0\u00bb4.2.2&Prime; custom_padding=\u00a0\u00bb27px|0px|0|0px|false|false\u00a0\u00bb][et_pb_column type=\u00a0\u00bb4_4&Prime; _builder_version=\u00a0\u00bb3.25&Prime; custom_padding=\u00a0\u00bb|||\u00a0\u00bb custom_padding__hover=\u00a0\u00bb|||\u00a0\u00bb][et_pb_text _builder_version=\u00a0\u00bb4.4.8&Prime; text_orientation=\u00a0\u00bbcenter\u00a0\u00bb custom_padding=\u00a0\u00bb||19px|||\u00a0\u00bb text_font_size_last_edited=\u00a0\u00bboff|desktop\u00a0\u00bb]<\/p>\n<h1>Questions fr\u00e9quemment pos\u00e9es<\/h1>\n<p>[\/et_pb_text][\/et_pb_column][\/et_pb_row][et_pb_row _builder_version=\u00a0\u00bb3.25&Prime; module_alignment=\u00a0\u00bbcenter\u00a0\u00bb custom_padding=\u00a0\u00bb0|0px|27px|0px|false|false\u00a0\u00bb locked=\u00a0\u00bboff\u00a0\u00bb][et_pb_column type=\u00a0\u00bb4_4&Prime; _builder_version=\u00a0\u00bb3.25&Prime; custom_padding=\u00a0\u00bb|||\u00a0\u00bb custom_padding__hover=\u00a0\u00bb|||\u00a0\u00bb][et_pb_text module_class=\u00a0\u00bbsos-dropcap\u00a0\u00bb _builder_version=\u00a0\u00bb4.4.8&Prime; max_width=\u00a0\u00bb75%\u00a0\u00bb max_width_tablet=\u00a0\u00bb\u00a0\u00bb max_width_phone=\u00a0\u00bb\u00a0\u00bb max_width_last_edited=\u00a0\u00bbon|phone\u00a0\u00bb module_alignment=\u00a0\u00bbcenter\u00a0\u00bb custom_padding=\u00a0\u00bb36px||15px|||\u00a0\u00bb]<\/p>\n<h2 id=\"meditation\">Qu&rsquo;est-ce que la m\u00e9ditation?<\/h2>\n<p>La m\u00e9ditation c\u2019est le processus qui consiste \u00e0 retirer notre attention du monde ext\u00e9rieur et la concentrer en nous-m\u00eames. C&rsquo;est une pratique ancienne qui porte bien d&rsquo;autres noms comme la concentration, s\u2019asseoir dans le silence, ou la contemplation.<\/p>\n<h2 id=\"benefits-of-meditation\"><img loading=\"lazy\" class=\"alignright wp-image-36428\" src=\"https:\/\/perf.stage.aws.wp.sos-dev.org\/wp-content\/uploads\/2020\/07\/The-more-we-meditate-Keenan-1-French-1.jpg\" alt=\"\" width=\"292\" height=\"444\" \/>Pourquoi m\u00e9diter? Quels sont les bienfaits de la m\u00e9ditation?<\/h2>\n<p>La m\u00e9ditation est b\u00e9n\u00e9fique pour notre bien-\u00eatre physique, mental et \u00e9motionnel. Il a \u00e9t\u00e9 scientifiquement prouv\u00e9 qu&rsquo;elle soulage le stress, r\u00e9duit la tension art\u00e9rielle, am\u00e9liore la concentration, nous apporte joie et bonheur, et nous aide \u00e0 faire face calmement aux d\u00e9fis de la vie. Cependant, ce ne sont l\u00e0 que des bienfaits d\u00e9riv\u00e9s de la m\u00e9ditation. La raison la plus importante de m\u00e9diter est de parvenir \u00e0 notre \u00e9veil spirituel et \u00e0 la r\u00e9alisation de notre existence au niveau de l\u2019\u00e2me. Ainsi, un tout nouveau monde s\u2019ouvre \u00e0 nous.<\/p>\n<h2>\u00c0 quelle fr\u00e9quence dois-je m\u00e9diter?<\/h2>\n<p>Aussi souvent que vous le pouvez ! Pour r\u00e9colter les b\u00e9n\u00e9fices de la m\u00e9ditation, il est pr\u00e9f\u00e9rable d&rsquo;\u00e9tablir une pratique quotidienne dans laquelle vous m\u00e9ditez \u00e0 la m\u00eame heure chaque jour, tous les jours. La r\u00e9gularit\u00e9 est importante dans  toute nouvelle habitude, et la m\u00e9ditation n&rsquo;est pas diff\u00e9rente. M\u00e9diter \u00e0 la m\u00eame heure chaque jour am\u00e8ne le mental \u00e0 adopter la nouvelle habitude.<\/p>\n<h2 id=\"control-my-mind\">J&rsquo;ai du mal \u00e0 contr\u00f4ler mon mental. Puis-je parvenir \u00e0 m\u00e9diter ?<\/h2>\n<p>Avec l&rsquo;effort et la pratique, n&rsquo;importe qui peut r\u00e9ussir \u00e0 m\u00e9diter. Il est important de comprendre que la m\u00e9ditation ne consiste pas \u00e0 contr\u00f4ler le mental.\u00a0<strong>La m\u00e9ditation consiste \u00e0 <em>calmer<\/em> le mental<\/strong>. La diff\u00e9rence est subtile, mais c&rsquo;est la cl\u00e9 du succ\u00e8s. Avec un effort, chacun peut apprendre \u00e0 calmer le mental en le concentrant sur quelque chose de paisible et relaxant. C&rsquo;est pourquoi la technique de m\u00e9ditation SOS mentionne la r\u00e9p\u00e9tition mentale d&rsquo;un mot qui apaise.<\/p>\n<h2>Combien de temps dois-je m\u00e9diter?<\/h2>\n<p>En tant que d\u00e9butant sur le sentier de la m\u00e9ditation, vous pouvez commencer par 5 \u00e0 10 minutes par jour. Progressivement, vous pouvez travailler jusqu&rsquo;\u00e0 environ 30 minutes par jour ou plus. Plus longtemps vous pouvez rester assis, mieux c&rsquo;est. Il faut un certain temps pour lib\u00e9rer le mental des pens\u00e9es de la journ\u00e9e et pour atteindre le calme que vous recherchez. Plus vous vous asseyez longtemps, plus vos m\u00e9ditations seront fructueuses.<\/p>\n<h2 id=\"learn-meditation\">Comment puis-je apprendre \u00e0 m\u00e9diter ? Quel est le premier pas que je peux faire ?<\/h2>\n<p>La premi\u00e8re \u00e9tape consiste \u00e0 essayer la  <a href=\"https:\/\/perf.stage.aws.wp.sos-dev.org\/fr\/meditation\/learn-meditation\">technique<\/a>\u00a0de m\u00e9ditation de m\u00e9diter dans le confort de votre maison. Essayez-la M\u00e9ditez pendant 5 \u00e0 10 minutes par jour. <\/p>\n<p class=\"western\">Vous pouvez \u00e9galement choisir d&rsquo;assister \u00e0 un cours de m\u00e9ditation. Nous avons temporairement suspendu nos r\u00e9unions r\u00e9guli\u00e8res en personne, mais nous proposons des cours d&rsquo;apprentissage de la m\u00e9ditation en ligne.\u00a0<a href=\"https:\/\/perf.stage.aws.wp.sos-dev.org\/fr\/find-programs-2\/\">Veuillez consulter le calendrier ici.<\/a>.<\/p>\n<p><img loading=\"lazy\" class=\"alignleft wp-image-36437\" src=\"https:\/\/perf.stage.aws.wp.sos-dev.org\/wp-content\/uploads\/2020\/08\/Still-the-Mind-French-Redo-1.jpg\" alt=\"Sant Rajinder Singh Ji Maharaj\" width=\"315\" height=\"257\" \/><\/p>\n<h2>Pourquoi est-il important d&rsquo;apprendre la m\u00e9ditation aupr\u00e8s d&rsquo;un enseignant spirituel ?<\/h2>\n<p class=\"western\">A l\u2019\u00e9cole, la lecture d\u2019une exp\u00e9rience de chimie dans un manuel est instructive, mais ce n\u2019est que lorsque cette exp\u00e9rience est men\u00e9e dans un laboratoire en pr\u00e9sence d\u2019un enseignant qui peut r\u00e9pondre aux questions que le concept peut \u00eatre clarifi\u00e9.\u00a0<b>La m\u00e9ditation n&rsquo;est pas diff\u00e9rente. La m\u00e9ditation est une exp\u00e9rience que vous menez dans le laboratoire de votre corps. <\/b>\u00a0Au fur et \u00e0 mesure de votre progression, vous vous poserez des questions sur la fa\u00e7on de perfectionner la technique et de surmonter les difficult\u00e9s qui se pr\u00e9senteront. C&rsquo;est l\u00e0 qu&rsquo;il est essentiel d&rsquo;avoir un enseignant. Si vous voulez ma\u00eetriser la pratique, il est important d&rsquo;apprendre d&rsquo;un enseignant qui a ma\u00eetris\u00e9 la technique. Sur le chemin de la spiritualit\u00e9, ce professeur est connu comme un ma\u00eetre spirituel.<\/p>\n<h2><img loading=\"lazy\" class=\"alignleft wp-image-36446\" src=\"https:\/\/perf.stage.aws.wp.sos-dev.org\/wp-content\/uploads\/2020\/07\/Sit-in-a-relaxed-state-FAQ-Quote-A2-2-French-1.jpg\" alt=\"Sant Rajinder Singh Ji Maharaj\" width=\"315\" height=\"276\" \/>Puis-je m\u00e9diter \u00e0 la maison?<\/h2>\n<p class=\"western\">Absolument. En fait, nous vous sugg\u00e9rons de choisir un endroit dans votre maison comme lieu de m\u00e9ditation. La cr\u00e9ation d&rsquo;un espace pour une activit\u00e9 augmente son importance. Chaque fois que vous verrez votre lieu, vous vous rappellerez  que vous devez m\u00e9diter.\u200b<\/p>\n<h2>Comment puis-je commencer la pratique de la m\u00e9ditation ?<\/h2>\n<p class=\"western\">Commencez par trouver un moment o\u00f9 vous \u00eates bien \u00e9veill\u00e9 et o\u00f9 vous pouvez vous concentrer sans interruption. Asseyez-vous \u00e0 une heure fixe chaque jour et suivez la technique avec pr\u00e9cision.<\/p>\n<p class=\"western\">Avant de vous en rendre compte, vous aurez pris une habitude, comme celle de vous brosser les dents matin et soir.<\/p>\n<h2 id=\"tips-for-meditation\">Y a-t-il des conseils pour mieux m\u00e9diter ?<\/h2>\n<ul>\n<li><b>Avoir un espace d\u00e9di\u00e9 \u00e0 la m\u00e9ditation<\/b> \u2013 Trouvez un endroit calme dans votre maison que vous pouvez consacrer \u00e0 votre pratique de la m\u00e9ditation. En le faisant, l&rsquo;espace deviendra un rappel de votre engagement.<\/li>\n<p><\/p>\n<li><b>Trouver le moment id\u00e9al<\/b>\u00a0\u2013 Tout moment de la journ\u00e9e est un bon moment pour m\u00e9diter. Cependant, il est pr\u00e9f\u00e9rable de trouver un moment o\u00f9 vous \u00eates bien \u00e9veill\u00e9 et o\u00f9 vous \u00eates moins susceptible d&rsquo;\u00eatre distrait. Essayez de faire des exp\u00e9riences au d\u00e9but pour voir ce qui vous convient le mieux.<\/li>\n<p><\/p>\n<li><b>S&rsquo;asseoir dans une position confortable\u00a0<\/b>\u2013 Trouvez une position dans laquelle vous pouvez vous asseoir confortablement sans vous endormir ni bouger.<\/li>\n<p><\/p>\n<li><b>Apprendre \u00e0 se concentrer<\/b>\u00a0\u2013 Apprendre \u00e0 faire une chose \u00e0 la fois pendant la journ\u00e9e. En habituant votre cerveau \u00e0 faire une chose \u00e0 la fois, cette habitude vous servira bien pendant votre pratique de la m\u00e9ditation.<\/li>\n<p><\/p>\n<li><b>\u00catre r\u00e9gulier dans sa pratique<\/b>\u00a0\u2013 Quel que soit le moment de la journ\u00e9e que vous choisissez, essayez de vous asseoir \u00e0 la m\u00eame heure chaque jour. En le faisant, vous prenez une habitude. La r\u00e9gularit\u00e9 est importante.<\/li>\n<p><\/p>\n<li><b>Tenir un journal\u00a0<\/b><b>\u2013<\/b>\u00a0Notez le temps que vous consacrez \u00e0 votre pratique, vos exp\u00e9riences durant la m\u00e9ditation, les difficult\u00e9s et les d\u00e9fis, les mini-buts ou les \u00e9tapes que vous atteignez. Il permet de suivre vos efforts et de vous garder motiv\u00e9.<\/li>\n<p><\/p>\n<li><b>D\u00e9velopper l&rsquo;amour<\/b>\u00a0\u2013En m\u00e9ditant, vous deviendrez plus aimant, calme et serein. S&rsquo;asseoir en m\u00e9ditation avec de l&rsquo;amour dans le c\u0153ur permet de mieux apaiser son mental.<\/li>\n<p>\n<\/ul>\n<p><img loading=\"lazy\" class=\"wp-image-15677 aligncenter size-full\" src=\"https:\/\/perf.stage.aws.wp.sos-dev.org\/wp-content\/uploads\/2019\/06\/line-2-crp-200.png\" alt=\"article Rajinder meditation end\" width=\"200\" height=\"30\" \/>[\/et_pb_text][\/et_pb_column][\/et_pb_row][\/et_pb_section][et_pb_section fb_built=\u00a0\u00bb1&Prime; module_class=\u00a0\u00bbsos-marble-bg sos-highlight-section\u00a0\u00bb _builder_version=\u00a0\u00bb4.4.8&Prime; background_color=\u00a0\u00bb#f2f1f0&Prime; custom_padding=\u00a0\u00bb50px|0px|54px|0px|false|false\u00a0\u00bb box_shadow_style=\u00a0\u00bbpreset1&Prime; global_module=\u00a0\u00bb505&Prime;][et_pb_row make_equal=\u00a0\u00bbon\u00a0\u00bb module_class=\u00a0\u00bbsos-article-grid et_pb_row_fullwidth\u00a0\u00bb _builder_version=\u00a0\u00bb3.25&Prime; width=\u00a0\u00bb89%\u00a0\u00bb width_tablet=\u00a0\u00bb80%\u00a0\u00bb width_phone=\u00a0\u00bb\u00a0\u00bb width_last_edited=\u00a0\u00bbon|desktop\u00a0\u00bb max_width=\u00a0\u00bb89%\u00a0\u00bb max_width_tablet=\u00a0\u00bb80%\u00a0\u00bb max_width_phone=\u00a0\u00bb\u00a0\u00bb max_width_last_edited=\u00a0\u00bbon|desktop\u00a0\u00bb custom_padding=\u00a0\u00bb0|0px|27px|0px|false|false\u00a0\u00bb make_fullwidth=\u00a0\u00bbon\u00a0\u00bb][et_pb_column type=\u00a0\u00bb4_4&Prime; _builder_version=\u00a0\u00bb3.25&Prime; custom_padding=\u00a0\u00bb|||\u00a0\u00bb custom_padding__hover=\u00a0\u00bb|||\u00a0\u00bb][et_pb_text admin_label=\u00a0\u00bbTitle\u00a0\u00bb _builder_version=\u00a0\u00bb3.27.4&Prime;]<\/p>\n<h1 style=\"text-align: center;\">Want to learn more?<\/h1>\n<p>[\/et_pb_text][et_pb_blog fullwidth=\u00a0\u00bboff\u00a0\u00bb posts_number=\u00a0\u00bb6&Prime; include_categories=\u00a0\u00bb14,20&Prime; show_thumbnail=\u00a0\u00bboff\u00a0\u00bb show_more=\u00a0\u00bbon\u00a0\u00bb show_author=\u00a0\u00bboff\u00a0\u00bb show_date=\u00a0\u00bboff\u00a0\u00bb show_categories=\u00a0\u00bboff\u00a0\u00bb show_pagination=\u00a0\u00bboff\u00a0\u00bb masonry_tile_background_color=\u00a0\u00bb#ffffff\u00a0\u00bb admin_label=\u00a0\u00bbBlog Stream\u00a0\u00bb module_class=\u00a0\u00bbsos-article-grid\u00a0\u00bb _builder_version=\u00a0\u00bb4.4.8&Prime; header_line_height=\u00a0\u00bb1.2em\u00a0\u00bb header_font_size_tablet=\u00a0\u00bb\u00a0\u00bb header_font_size_phone=\u00a0\u00bb22px\u00a0\u00bb header_font_size_last_edited=\u00a0\u00bbon|phone\u00a0\u00bb]<\/p>\n<p>\u00a0<\/p>\n<p>[\/et_pb_blog][\/et_pb_column][\/et_pb_row][\/et_pb_section][et_pb_section fb_built=\u00a0\u00bb1&Prime; disabled_on=\u00a0\u00bbon|off|off\u00a0\u00bb _builder_version=\u00a0\u00bb4.4.7&Prime; background_color=\u00a0\u00bb#e1b93b\u00a0\u00bb background_image=\u00a0\u00bbhttps:\/\/perf.stage.aws.wp.sos-dev.org\/wp-content\/uploads\/2018\/07\/footer-08.jpg\u00a0\u00bb background_enable_image=\u00a0\u00bboff\u00a0\u00bb width=\u00a0\u00bb100%\u00a0\u00bb custom_padding=\u00a0\u00bb35px|0px|35px|0px|false|false\u00a0\u00bb global_module=\u00a0\u00bb403&Prime; saved_tabs=\u00a0\u00bball\u00a0\u00bb collapsed=\u00a0\u00bboff\u00a0\u00bb][et_pb_row column_structure=\u00a0\u00bb1_4,1_4,1_4,1_4&Prime; make_equal=\u00a0\u00bbon\u00a0\u00bb module_class=\u00a0\u00bbsos-expanded-footer\u00a0\u00bb _builder_version=\u00a0\u00bb3.25&Prime;][et_pb_column type=\u00a0\u00bb1_4&Prime; _builder_version=\u00a0\u00bb3.25&Prime; custom_padding=\u00a0\u00bb|||\u00a0\u00bb custom_padding__hover=\u00a0\u00bb|||\u00a0\u00bb][et_pb_text admin_label=\u00a0\u00bbMeditation\u00a0\u00bb _builder_version=\u00a0\u00bb4.4.1&Prime; text_font=\u00a0\u00bbNunito|600|||||||\u00a0\u00bb text_text_color=\u00a0\u00bb#968743&Prime; text_font_size=\u00a0\u00bb13px\u00a0\u00bb header_font=\u00a0\u00bbNunito||||||||\u00a0\u00bb header_5_font=\u00a0\u00bbNunito|600|||||||\u00a0\u00bb header_6_font=\u00a0\u00bbNunito|600|||||||\u00a0\u00bb]<\/p>\n<h3>MEDITATION<\/h3>\n<p><a title=\"Spiritual Growth\" href=\"https:\/\/perf.stage.aws.wp.sos-dev.org\/fr\/spiritual-growth\/\">Spiritual Growth<\/a><\/p>\n<p><a title=\"Benefits of a Spiritual Guide\" href=\"https:\/\/perf.stage.aws.wp.sos-dev.org\/fr\/spiritual-guide\/\">Benefits of a Spiritual Guide<\/a><\/p>\n<p><a title=\"Health Benefits\" href=\"https:\/\/perf.stage.aws.wp.sos-dev.org\/fr\/benefits-of-meditation-2\/\">Meditation Byproducts<\/a><\/p>\n<p><a title=\"Healthy Living\" href=\"https:\/\/perf.stage.aws.wp.sos-dev.org\/fr\/vegetarian-diet-and-vegetarian-meals\/\">Healthy Living<\/a><\/p>\n<p>[\/et_pb_text][\/et_pb_column][et_pb_column type=\u00a0\u00bb1_4&Prime; _builder_version=\u00a0\u00bb3.25&Prime; custom_padding=\u00a0\u00bb|||\u00a0\u00bb custom_padding__hover=\u00a0\u00bb|||\u00a0\u00bb][et_pb_text admin_label=\u00a0\u00bbAbout Us\u00a0\u00bb _builder_version=\u00a0\u00bb3.27.4&Prime; text_font=\u00a0\u00bbNunito|600|||||||\u00a0\u00bb text_text_color=\u00a0\u00bb#968743&Prime; text_font_size=\u00a0\u00bb17px\u00a0\u00bb header_font=\u00a0\u00bbNunito||||||||\u00a0\u00bb header_5_font=\u00a0\u00bbNunito|600|||||||\u00a0\u00bb header_6_font=\u00a0\u00bbNunito|600|||||||\u00a0\u00bb custom_margin=\u00a0\u00bb|||\u00a0\u00bb]<\/p>\n<h3>ABOUT US<\/h3>\n<p><a title=\"Our Organization\" href=\"https:\/\/perf.stage.aws.wp.sos-dev.org\/fr\/our-organization\/\">Our Organization<\/a><\/p>\n<p><a title=\"International Meditation Center\" href=\"https:\/\/perf.stage.aws.wp.sos-dev.org\/fr\/western-headquarters\/\">International Meditation Center<\/a><\/p>\n<p>[\/et_pb_text][\/et_pb_column][et_pb_column type=\u00a0\u00bb1_4&Prime; _builder_version=\u00a0\u00bb3.25&Prime; custom_padding=\u00a0\u00bb|||\u00a0\u00bb custom_padding__hover=\u00a0\u00bb|||\u00a0\u00bb][et_pb_text admin_label=\u00a0\u00bbExplore\u00a0\u00bb _builder_version=\u00a0\u00bb3.29.3&Prime; text_font=\u00a0\u00bbNunito|600|||||||\u00a0\u00bb text_text_color=\u00a0\u00bb#968743&Prime; text_font_size=\u00a0\u00bb17px\u00a0\u00bb header_font=\u00a0\u00bbNunito||||||||\u00a0\u00bb header_5_font=\u00a0\u00bbNunito|600|||||||\u00a0\u00bb header_6_font=\u00a0\u00bbNunito|600|||||||\u00a0\u00bb]<\/p>\n<h3>EXPLORE<\/h3>\n<p><a title=\"News\" href=\"\/?page_id=22450\">News<\/a><\/p>\n<p><a title=\"Articles\" href=\"https:\/\/perf.stage.aws.wp.sos-dev.org\/fr\/articles-2\/\">Articles<\/a><\/p>\n<p><a title=\"Videos\" href=\"https:\/\/perf.stage.aws.wp.sos-dev.org\/fr\/videos-2\/\">Videos<\/a><\/p>\n<p>[\/et_pb_text][\/et_pb_column][et_pb_column type=\u00a0\u00bb1_4&Prime; _builder_version=\u00a0\u00bb3.25&Prime; custom_padding=\u00a0\u00bb|||\u00a0\u00bb custom_padding__hover=\u00a0\u00bb|||\u00a0\u00bb][et_pb_text admin_label=\u00a0\u00bbMore\u00a0\u00bb _builder_version=\u00a0\u00bb4.4.7&Prime; text_font=\u00a0\u00bbNunito|600|||||||\u00a0\u00bb text_text_color=\u00a0\u00bb#968743&Prime; text_font_size=\u00a0\u00bb17px\u00a0\u00bb header_font=\u00a0\u00bbNunito||||||||\u00a0\u00bb header_5_font=\u00a0\u00bbNunito|600|||||||\u00a0\u00bb header_6_font=\u00a0\u00bbNunito|600|||||||\u00a0\u00bb]<\/p>\n<h3>MORE<\/h3>\n<p><a title=\"Spiritual Guide\" href=\"https:\/\/perf.stage.aws.wp.sos-dev.org\/fr\/spiritual-guide\/\">Spiritual Guide<\/a><\/p>\n<p><a title=\"Find Porgrams\" href=\"https:\/\/perf.stage.aws.wp.sos-dev.org\/fr\/find-programs-2\/\">Find Programs<\/a><\/p>\n<p><a title=\"Connect\" href=\"https:\/\/perf.stage.aws.wp.sos-dev.org\/fr\/contact-us-2\/\">Connect<\/a><\/p>\n<p><a title=\"Privacy Policy\" href=\"\/privacy-policy\/\">Privacy Policy<\/a><\/p>\n<p><a title=\"Terms of Use\" href=\"\/?page_id=34140\">Terms of Use<\/a><\/p>\n<p>[\/et_pb_text][\/et_pb_column][\/et_pb_row][\/et_pb_section]<\/p>\n","protected":false},"excerpt":{"rendered":"<p>[et_pb_section fb_built=\u00a0\u00bb1&Prime; _builder_version=\u00a0\u00bb3.22.3&Prime; custom_padding=\u00a0\u00bb|||\u00a0\u00bb][et_pb_row _builder_version=\u00a0\u00bb4.2.2&Prime; custom_padding=\u00a0\u00bb27px|0px|0|0px|false|false\u00a0\u00bb][et_pb_column type=\u00a0\u00bb4_4&Prime; _builder_version=\u00a0\u00bb3.25&Prime; custom_padding=\u00a0\u00bb|||\u00a0\u00bb custom_padding__hover=\u00a0\u00bb|||\u00a0\u00bb][et_pb_text _builder_version=\u00a0\u00bb4.4.8&Prime; text_orientation=\u00a0\u00bbcenter\u00a0\u00bb custom_padding=\u00a0\u00bb||19px|||\u00a0\u00bb text_font_size_last_edited=\u00a0\u00bboff|desktop\u00a0\u00bb] Questions fr\u00e9quemment pos\u00e9es [\/et_pb_text][\/et_pb_column][\/et_pb_row][et_pb_row _builder_version=\u00a0\u00bb3.25&Prime; module_alignment=\u00a0\u00bbcenter\u00a0\u00bb custom_padding=\u00a0\u00bb0|0px|27px|0px|false|false\u00a0\u00bb locked=\u00a0\u00bboff\u00a0\u00bb][et_pb_column type=\u00a0\u00bb4_4&Prime; _builder_version=\u00a0\u00bb3.25&Prime; custom_padding=\u00a0\u00bb|||\u00a0\u00bb custom_padding__hover=\u00a0\u00bb|||\u00a0\u00bb][et_pb_text module_class=\u00a0\u00bbsos-dropcap\u00a0\u00bb _builder_version=\u00a0\u00bb4.4.8&Prime; max_width=\u00a0\u00bb75%\u00a0\u00bb max_width_tablet=\u00a0\u00bb\u00a0\u00bb max_width_phone=\u00a0\u00bb\u00a0\u00bb max_width_last_edited=\u00a0\u00bbon|phone\u00a0\u00bb module_alignment=\u00a0\u00bbcenter\u00a0\u00bb custom_padding=\u00a0\u00bb36px||15px|||\u00a0\u00bb] Qu&rsquo;est-ce que la m\u00e9ditation? La m\u00e9ditation c\u2019est le processus qui consiste \u00e0 retirer notre attention du monde ext\u00e9rieur et la concentrer [&hellip;]<\/p>\n","protected":false},"author":3,"featured_media":0,"parent":0,"menu_order":0,"comment_status":"closed","ping_status":"closed","template":"","meta":{"_et_pb_use_builder":"on","_et_pb_old_content":"","_et_gb_content_width":""},"_links":{"self":[{"href":"https:\/\/perf.stage.aws.cdn.wp.sos-dev.org\/fr\/wp-json\/wp\/v2\/pages\/38129"}],"collection":[{"href":"https:\/\/perf.stage.aws.cdn.wp.sos-dev.org\/fr\/wp-json\/wp\/v2\/pages"}],"about":[{"href":"https:\/\/perf.stage.aws.cdn.wp.sos-dev.org\/fr\/wp-json\/wp\/v2\/types\/page"}],"author":[{"embeddable":true,"href":"https:\/\/perf.stage.aws.cdn.wp.sos-dev.org\/fr\/wp-json\/wp\/v2\/users\/3"}],"replies":[{"embeddable":true,"href":"https:\/\/perf.stage.aws.cdn.wp.sos-dev.org\/fr\/wp-json\/wp\/v2\/comments?post=38129"}],"version-history":[{"count":10,"href":"https:\/\/perf.stage.aws.cdn.wp.sos-dev.org\/fr\/wp-json\/wp\/v2\/pages\/38129\/revisions"}],"predecessor-version":[{"id":39887,"href":"https:\/\/perf.stage.aws.cdn.wp.sos-dev.org\/fr\/wp-json\/wp\/v2\/pages\/38129\/revisions\/39887"}],"wp:attachment":[{"href":"https:\/\/perf.stage.aws.cdn.wp.sos-dev.org\/fr\/wp-json\/wp\/v2\/media?parent=38129"}],"curies":[{"name":"wp","href":"https:\/\/api.w.org\/{rel}","templated":true}]}}