{"id":3689,"date":"2018-06-30T02:15:32","date_gmt":"2018-06-30T07:15:32","guid":{"rendered":"https:\/\/perf.stage.aws.wp.sos-dev.org\/vegetarian-diet-and-vegetarian-meals\/"},"modified":"2018-12-30T13:50:06","modified_gmt":"2018-12-30T13:50:06","slug":"vegetarian-diet-and-vegetarian-meals","status":"publish","type":"page","link":"https:\/\/perf.stage.aws.cdn.wp.sos-dev.org\/fr\/vegetarian-diet-and-vegetarian-meals\/","title":{"rendered":"La vie saine"},"content":{"rendered":"<p>[et_pb_section bb_built=\u00a0\u00bb1&Prime; custom_padding_last_edited=\u00a0\u00bbon|desktop\u00a0\u00bb _builder_version=\u00a0\u00bb3.10.1&Prime; background_image=\u00a0\u00bbhttps:\/\/perf.stage.aws.wp.sos-dev.org\/wp-content\/uploads\/2018\/11\/Vegetarianism-and-Spirituality-Thumbnail2.jpg\u00a0\u00bb parallax=\u00a0\u00bbon\u00a0\u00bb parallax_method=\u00a0\u00bboff\u00a0\u00bb custom_padding=\u00a0\u00bb92px|0px|54px|0px|false|false\u00a0\u00bb next_background_color=\u00a0\u00bb#ffffff\u00a0\u00bb][et_pb_row custom_padding=\u00a0\u00bb54px|0px|0|0px|false|false\u00a0\u00bb module_class=\u00a0\u00bbsos-padded-row sos-userjourney-responsive-row\u00a0\u00bb _builder_version=\u00a0\u00bb3.10&Prime; background_color=\u00a0\u00bbrgba(237,243,249,0.95)\u00a0\u00bb][et_pb_column type=\u00a0\u00bb4_4&Prime;][et_pb_text admin_label=\u00a0\u00bbtitle\u00a0\u00bb module_class=\u00a0\u00bbmargin-bottom-6&Prime; _builder_version=\u00a0\u00bb3.10.1&Prime; text_font_size_last_edited=\u00a0\u00bboff|desktop\u00a0\u00bb header_font_size=\u00a0\u00bb55px\u00a0\u00bb text_orientation=\u00a0\u00bbcenter\u00a0\u00bb]<\/p>\n<h1 class=\"font-size-8 sos-uj-page-title\">La vie saine et le mode de vie v\u00e9g\u00e9tarien<\/h1>\n<p>[\/et_pb_text][\/et_pb_column][\/et_pb_row][et_pb_row custom_padding=\u00a0\u00bb0|0px|27px|0px|false|false\u00a0\u00bb module_class=\u00a0\u00bbsos-padded-row sos-userjourney-responsive-row\u00a0\u00bb _builder_version=\u00a0\u00bb3.10&Prime; background_color=\u00a0\u00bbrgba(237,243,249,0.95)\u00a0\u00bb module_alignment=\u00a0\u00bbcenter\u00a0\u00bb locked=\u00a0\u00bboff\u00a0\u00bb][et_pb_column type=\u00a0\u00bb2_3&Prime;][et_pb_text admin_label=\u00a0\u00bbcontent\u00a0\u00bb module_class=\u00a0\u00bbsos-dropcap margin-bottom-6 margin-top-6&Prime; _builder_version=\u00a0\u00bb3.10.1&Prime; max_width=\u00a0\u00bb75%\u00a0\u00bb max_width_last_edited=\u00a0\u00bbon|phone\u00a0\u00bb module_alignment=\u00a0\u00bbcenter\u00a0\u00bb]<\/p>\n<p>La Science de la Spiritualit\u00e9 pr\u00e9conise un r\u00e9gime v\u00e9g\u00e9tarien pour am\u00e9liorer la sant\u00e9 physique, mentale, \u00e9motionnelle et spirituelle.<\/p>\n<p>Il n\u2019y a pas si longtemps, le v\u00e9g\u00e9tarisme \u00e9tait consid\u00e9r\u00e9 comme un choix de vie non conventionnel. Plus maintenant!<\/p>\n<p>Aujourd&rsquo;hui, dans les foyers, les restaurants, les bureaux et les \u00e9coles, diff\u00e9rents types de v\u00e9g\u00e9tarisme sont devenus des modes de vie courants, accept\u00e9s, respect\u00e9s et m\u00eame admir\u00e9s. \u00catre v\u00e9g\u00e9tarien n&rsquo;a jamais \u00e9t\u00e9 aussi facile et agr\u00e9able.<\/p>\n<p><strong>Vous \u00eates invit\u00e9s \u00e0 des programmes de science de la spiritualit\u00e9 \u00e0 travers le monde comprenant:<\/strong><\/p>\n<ul>\n<li>cours de cuisine v\u00e9g\u00e9tarienne<\/li>\n<li>ateliers et s\u00e9minaires sur les modes de vie sains<\/li>\n<li>nouvelles recettes et astuces pour la planification de repas<\/li>\n<li>une chance d\u2019exp\u00e9rimenter les avantages spirituels d&rsquo;un style de vie v\u00e9g\u00e9tarien<\/li>\n<\/ul>\n<p>Certains choisissent d\u2019\u00eatre v\u00e9g\u00e9tariens car ils pr\u00e9servent les pr\u00e9cieuses ressources de notre plan\u00e8te. D&rsquo;autres, pour une meilleure sant\u00e9. D&rsquo;autres encore, par respect pour tous les \u00eatres vivants.<\/p>\n<p>Ce sont toutes de bonnes raisons. Mais \u00e0 travers les \u00e2ges, les ma\u00eetres spirituels ont encourag\u00e9 le v\u00e9g\u00e9tarisme pour une raison encore plus convaincante. Ils soulignent que c&rsquo;est l&rsquo;une des pierres angulaires pour r\u00e9ussir une vie m\u00e9ditative et spirituelle.<\/p>\n<p>En r\u00e9sum\u00e9: un r\u00e9gime v\u00e9g\u00e9tarien frais et \u00e9quilibr\u00e9 nourrit enti\u00e8rement une personne, son corps, son esprit et son \u00e2me.<\/p>\n<h2><span style=\"color: #000000;\"><strong>Focus sur VeggieFest<\/strong><\/span><\/h2>\n<p>[\/et_pb_text][et_pb_code admin_label=\u00a0\u00bbVideo Embed Code\u00a0\u00bb _builder_version=\u00a0\u00bb3.10.1&Prime; max_width=\u00a0\u00bb75%\u00a0\u00bb max_width_tablet=\u00a0\u00bb100%\u00a0\u00bb max_width_last_edited=\u00a0\u00bbon|phone\u00a0\u00bb module_alignment=\u00a0\u00bbcenter\u00a0\u00bb]&lt;iframe width=&quot;560&quot; height=&quot;315&quot; src=&quot;https:\/\/www.youtube.com\/embed\/8HKsrZCjhVQ?rel=0&quot; frameborder=&quot;0&quot; allow=&quot;autoplay; encrypted-media&quot; allowfullscreen&gt;&lt;\/iframe&gt;[\/et_pb_code][et_pb_text admin_label=\u00a0\u00bbpost-video-text\u00a0\u00bb module_class=\u00a0\u00bbmargin-bottom-6 margin-top-6&Prime; _builder_version=\u00a0\u00bb3.10.1&Prime; max_width=\u00a0\u00bb75%\u00a0\u00bb max_width_last_edited=\u00a0\u00bbon|phone\u00a0\u00bb module_alignment=\u00a0\u00bbcenter\u00a0\u00bb]<\/p>\n<p>La Science de la Spiritualit\u00e9 est le sponsor h\u00f4te du Veggie Fest, un festival d&rsquo;\u00e9t\u00e9 annuel de deux jours pour toute la famille. Offert en tant que service public et fond\u00e9 sur le principe du respect de toute vie, le Veggie Fest est un moyen de pr\u00e9senter les avantages d&rsquo;un mode de vie v\u00e9g\u00e9tarien \u00e0 la communaut\u00e9 dans son ensemble.<\/p>\n<p><strong>Le Veggie Fest offre :<\/strong><\/p>\n<ul>\n<li>des conf\u00e9rences anim\u00e9es par des orateurs parmi lesquels on trouve des m\u00e9decins et des nutritionnistes de premier plan<\/li>\n<li>des d\u00e9monstrations culinaires anim\u00e9es par de grands chefs et  des auteurs renomm\u00e9s<\/li>\n<li>un espace o\u00f9 l\u2019on peut se restaurer en d\u00e9gustant les cuisines v\u00e9g\u00e9tariennes de diff\u00e9rents pays<\/li>\n<li>les plus r\u00e9cents produits relatifs au v\u00e9g\u00e9tarisme et \u00e0 la sant\u00e9 <\/li>\n<li>des concerts de musique live jou\u00e9s par des groupes renomm\u00e9s<\/li>\n<li>Des divertissements destin\u00e9s \u00e0 la  famille<\/li>\n<li>Entr\u00e9e gratuite<\/li>\n<\/ul>\n<p>Visitez notre site Web <a href=\"https:\/\/www.veggiefestchicago.com\/\">VeggieFestChicago<\/a> pour obtenir des nouvelles du Veggie Fest, des articles d&rsquo;actualit\u00e9 et un large choix de recettes.<\/p>\n<p>&nbsp;<\/p>\n<p>&nbsp;<\/p>\n<p>[\/et_pb_text][\/et_pb_column][et_pb_column type=\u00a0\u00bb1_3&Prime;][et_pb_blurb admin_label=\u00a0\u00bbRecipe of the Month\u00a0\u00bb title=\u00a0\u00bbRecette du jour\u00a0\u00bb module_class=\u00a0\u00bbsos-full-height-columns margin-top-5&Prime; _builder_version=\u00a0\u00bb3.10.1&Prime; header_level=\u00a0\u00bbh1&Prime; custom_margin=\u00a0\u00bb|45px||20px\u00a0\u00bb]<\/p>\n<h2>BBQ Jackfruit<\/h2>\n<p><img loading=\"lazy\" class=\"alignnone size-full wp-image-3519\" src=\"https:\/\/perf.stage.aws.wp.sos-dev.org\/wp-content\/uploads\/2018\/12\/BBQ-Jackfruit-veggiefest.jpg\" alt=\"BBQ Jackfruit VegggieFest\" width=\"840\" height=\"440\" srcset=\"https:\/\/perf.stage.aws.cdn.wp.sos-dev.org\/wp-content\/uploads\/2018\/12\/BBQ-Jackfruit-veggiefest.jpg 840w, https:\/\/perf.stage.aws.cdn.wp.sos-dev.org\/wp-content\/uploads\/2018\/12\/BBQ-Jackfruit-veggiefest-768x402.jpg 768w, https:\/\/perf.stage.aws.cdn.wp.sos-dev.org\/wp-content\/uploads\/2018\/12\/BBQ-Jackfruit-veggiefest-610x320.jpg 610w\" sizes=\"(max-width: 840px) 100vw, 840px\" \/><\/p>\n<p>From India to North America, jackfruit lends itself to countless variations. A satisfying filling for a meal, go as spicy or smoky as you like.<\/p>\n<h2>Ingredients<\/h2>\n<ul>\n<li>2 cans young green jackfruit, in brine<\/li>\n<li>1 tablespoon dark brown (muscovado) sugar<\/li>\n<li>1 teaspoon garlic powder<\/li>\n<li>1 teaspoon onion powder<\/li>\n<li>1 teaspoon smoked paprika powder<\/li>\n<li>\u00bc\u00a0 teaspoon dry mustard powder (optional)<\/li>\n<li>Pinch of cayenne pepper<\/li>\n<li>Vegetable oil for frying<\/li>\n<li>1 cup of your preferred barbeque (BBQ) sauce<\/li>\n<li>1 teaspoon molasses<\/li>\n<li>1 teaspoon liquid mesquite smoke (optional)<\/li>\n<\/ul>\n<p>For full recipe, click <a href=\"https:\/\/www.veggiefestchicago.com\/recipe\/bbq-jackfruit\/\" target=\"_blank\" rel=\"noopener\">here<\/a><\/p>\n<p>[\/et_pb_blurb][\/et_pb_column][\/et_pb_row][\/et_pb_section][et_pb_section bb_built=\u00a0\u00bb1&Prime; module_class=\u00a0\u00bb sos-grey-bg\u00a0\u00bb _builder_version=\u00a0\u00bb3.10&Prime; custom_padding=\u00a0\u00bb50px|0px|54px|0px|false|false\u00a0\u00bb box_shadow_style=\u00a0\u00bbpreset1&Prime; prev_background_color=\u00a0\u00bb#000000&Prime; next_background_color=\u00a0\u00bb#f1d575&Prime; global_module=\u00a0\u00bb707&Prime;][et_pb_row global_parent=\u00a0\u00bb707&Prime; make_fullwidth=\u00a0\u00bbon\u00a0\u00bb custom_padding=\u00a0\u00bb0|0px|27px|0px|false|false\u00a0\u00bb make_equal=\u00a0\u00bbon\u00a0\u00bb _builder_version=\u00a0\u00bb3.7&Prime;][et_pb_column type=\u00a0\u00bb4_4&Prime;][et_pb_text global_parent=\u00a0\u00bb707&Prime; _builder_version=\u00a0\u00bb3.9&Prime;]<\/p>\n<h1 class=\"center-text font-size-8\">Vous voulez en apprendre plus?<\/h1>\n<p>[\/et_pb_text][et_pb_blog admin_label=\u00a0\u00bbHealthy Living Blog + Video Stream\u00a0\u00bb global_parent=\u00a0\u00bb707&Prime; fullwidth=\u00a0\u00bboff\u00a0\u00bb posts_number=\u00a0\u00bb6&Prime; include_categories=\u00a0\u00bb20,34,39&Prime; show_author=\u00a0\u00bboff\u00a0\u00bb show_date=\u00a0\u00bboff\u00a0\u00bb show_categories=\u00a0\u00bboff\u00a0\u00bb show_pagination=\u00a0\u00bboff\u00a0\u00bb use_overlay=\u00a0\u00bbon\u00a0\u00bb overlay_icon_color=\u00a0\u00bb#ffffff\u00a0\u00bb hover_overlay_color=\u00a0\u00bbrgba(229,222,216,0.4)\u00a0\u00bb hover_icon=\u00a0\u00bb%%24%%\u00a0\u00bb masonry_tile_background_color=\u00a0\u00bb#ffffff\u00a0\u00bb module_class=\u00a0\u00bbsos-article-grid sos-grey-bg margin-bottom-0&Prime; _builder_version=\u00a0\u00bb3.10.1&Prime; header_font_size_phone=\u00a0\u00bb22px\u00a0\u00bb header_font_size_last_edited=\u00a0\u00bbon|phone\u00a0\u00bb header_line_height=\u00a0\u00bb1.2em\u00a0\u00bb \/][\/et_pb_column][\/et_pb_row][\/et_pb_section][et_pb_section bb_built=\u00a0\u00bb1&Prime; disabled_on=\u00a0\u00bbon|off|off\u00a0\u00bb _builder_version=\u00a0\u00bb3.10&Prime; background_color=\u00a0\u00bb#f1d575&Prime; custom_padding=\u00a0\u00bb35px|0px|35px|0px|false|false\u00a0\u00bb saved_tabs=\u00a0\u00bball\u00a0\u00bb background_image=\u00a0\u00bbhttps:\/\/perf.stage.aws.wp.sos-dev.org\/wp-content\/uploads\/2018\/07\/footer-08.jpg\u00a0\u00bb prev_background_color=\u00a0\u00bb#ffffff\u00a0\u00bb global_module=\u00a0\u00bb403&Prime;][et_pb_row global_parent=\u00a0\u00bb403&Prime; make_equal=\u00a0\u00bbon\u00a0\u00bb module_class=\u00a0\u00bbsos-expanded-footer\u00a0\u00bb _builder_version=\u00a0\u00bb3.9&Prime;][et_pb_column type=\u00a0\u00bb1_4&Prime;][et_pb_text admin_label=\u00a0\u00bbMeditation\u00a0\u00bb global_parent=\u00a0\u00bb403&Prime; _builder_version=\u00a0\u00bb3.10.1&Prime; text_font=\u00a0\u00bbNunito|600|||||||\u00a0\u00bb text_text_color=\u00a0\u00bb#968743&Prime; text_font_size=\u00a0\u00bb13px\u00a0\u00bb header_font=\u00a0\u00bbNunito||||||||\u00a0\u00bb header_5_font=\u00a0\u00bbNunito|600|||||||\u00a0\u00bb header_6_font=\u00a0\u00bbNunito|600|||||||\u00a0\u00bb]<\/p>\n<h3>M\u00e9ditation<\/h3>\n<p><a title=\"Spiritual Growth\" href=\"https:\/\/perf.stage.aws.wp.sos-dev.org\/fr\/spiritual-growth\/\">Le D\u00e9veloppement spirituel<\/a><\/p>\n<p><a title=\"Benefits of a Spiritual Guide\" href=\"https:\/\/perf.stage.aws.wp.sos-dev.org\/fr\/spiritual-guide\/\">Les bienfaits d\u2019un guide spirituel<\/a><\/p>\n<p><a title=\"Health Benefits\" href=\"https:\/\/perf.stage.aws.wp.sos-dev.org\/fr\/benefits-of-meditation-2\/\">Les bienfaits pour la sant\u00e9<\/a><\/p>\n<p><a title=\"Healthy Living\" href=\"https:\/\/perf.stage.aws.wp.sos-dev.org\/fr\/vegetarian-diet-and-vegetarian-meals\/\">Vivre en bonne sant\u00e9<\/a><\/p>\n<p>[\/et_pb_text][\/et_pb_column][et_pb_column type=\u00a0\u00bb1_4&Prime;][et_pb_text admin_label=\u00a0\u00bbAbout Us\u00a0\u00bb global_parent=\u00a0\u00bb403&Prime; _builder_version=\u00a0\u00bb3.10.1&Prime; text_font=\u00a0\u00bbNunito|600|||||||\u00a0\u00bb text_text_color=\u00a0\u00bb#968743&Prime; text_font_size=\u00a0\u00bb17px\u00a0\u00bb header_font=\u00a0\u00bbNunito||||||||\u00a0\u00bb header_5_font=\u00a0\u00bbNunito|600|||||||\u00a0\u00bb header_6_font=\u00a0\u00bbNunito|600|||||||\u00a0\u00bb custom_margin=\u00a0\u00bb|||\u00a0\u00bb]<\/p>\n<h3>A propos de nous<\/h3>\n<p><a title=\"Notre organisation\" href=\"https:\/\/perf.stage.aws.wp.sos-dev.org\/fr\/about-us\/\">Notre organisation<\/a><\/p>\n<p><a title=\"Centre de m\u00e9ditation international\" href=\"https:\/\/perf.stage.aws.wp.sos-dev.org\/fr\/western-headquarters\/\">Centre de m\u00e9ditation international<\/a><\/p>\n<p>[\/et_pb_text][\/et_pb_column][et_pb_column type=\u00a0\u00bb1_4&Prime;][et_pb_text admin_label=\u00a0\u00bbExplore\u00a0\u00bb global_parent=\u00a0\u00bb403&Prime; _builder_version=\u00a0\u00bb3.10.1&Prime; text_font=\u00a0\u00bbNunito|600|||||||\u00a0\u00bb text_text_color=\u00a0\u00bb#968743&Prime; text_font_size=\u00a0\u00bb17px\u00a0\u00bb header_font=\u00a0\u00bbNunito||||||||\u00a0\u00bb header_5_font=\u00a0\u00bbNunito|600|||||||\u00a0\u00bb header_6_font=\u00a0\u00bbNunito|600|||||||\u00a0\u00bb]<\/p>\n<h3>Explorer<\/h3>\n<p><a title=\"Articles\" href=\"\/fr\/articles\/\">Les articles<\/a><\/p>\n<p><a title=\"Videos\" href=\"\/fr\/videos\/\">Les vid\u00e9os<\/a><\/p>\n<p>[\/et_pb_text][\/et_pb_column][et_pb_column type=\u00a0\u00bb1_4&Prime;][et_pb_text admin_label=\u00a0\u00bbMore\u00a0\u00bb global_parent=\u00a0\u00bb403&Prime; _builder_version=\u00a0\u00bb3.10.1&Prime; text_font=\u00a0\u00bbNunito|600|||||||\u00a0\u00bb text_text_color=\u00a0\u00bb#968743&Prime; text_font_size=\u00a0\u00bb17px\u00a0\u00bb header_font=\u00a0\u00bbNunito||||||||\u00a0\u00bb header_5_font=\u00a0\u00bbNunito|600|||||||\u00a0\u00bb header_6_font=\u00a0\u00bbNunito|600|||||||\u00a0\u00bb]<\/p>\n<h3>Suite<\/h3>\n<p><a title=\"Guide spirituel\" href=\"https:\/\/perf.stage.aws.wp.sos-dev.org\/fr\/spiritual-guide\/\">Guide spirituel<\/a><\/p>\n<p><a title=\"Trouver des programmes\" href=\"\/fr\/find-programs\/\">Trouver des programmes<\/a><\/p>\n<p><a title=\"Se connecter \" href=\"\/fr\/contact-us\/\">Se connecter <\/a><\/p>\n<p><a title=\"Politique de confidentialit\u00e9\" href=\"\/fr\/privacy-policy\/\">Politique de confidentialit\u00e9<\/a><\/p>\n<p>[\/et_pb_text][\/et_pb_column][\/et_pb_row][\/et_pb_section]<\/p>\n","protected":false},"excerpt":{"rendered":"<p>[et_pb_section bb_built=\u00a0\u00bb1&Prime; custom_padding_last_edited=\u00a0\u00bbon|desktop\u00a0\u00bb _builder_version=\u00a0\u00bb3.10.1&Prime; background_image=\u00a0\u00bbhttps:\/\/perf.stage.aws.wp.sos-dev.org\/wp-content\/uploads\/2018\/11\/Vegetarianism-and-Spirituality-Thumbnail2.jpg\u00a0\u00bb parallax=\u00a0\u00bbon\u00a0\u00bb parallax_method=\u00a0\u00bboff\u00a0\u00bb custom_padding=\u00a0\u00bb92px|0px|54px|0px|false|false\u00a0\u00bb next_background_color=\u00a0\u00bb#ffffff\u00a0\u00bb][et_pb_row custom_padding=\u00a0\u00bb54px|0px|0|0px|false|false\u00a0\u00bb module_class=\u00a0\u00bbsos-padded-row sos-userjourney-responsive-row\u00a0\u00bb _builder_version=\u00a0\u00bb3.10&Prime; background_color=\u00a0\u00bbrgba(237,243,249,0.95)\u00a0\u00bb][et_pb_column type=\u00a0\u00bb4_4&Prime;][et_pb_text admin_label=\u00a0\u00bbtitle\u00a0\u00bb module_class=\u00a0\u00bbmargin-bottom-6&Prime; _builder_version=\u00a0\u00bb3.10.1&Prime; text_font_size_last_edited=\u00a0\u00bboff|desktop\u00a0\u00bb header_font_size=\u00a0\u00bb55px\u00a0\u00bb text_orientation=\u00a0\u00bbcenter\u00a0\u00bb] La vie saine et le mode de vie v\u00e9g\u00e9tarien [\/et_pb_text][\/et_pb_column][\/et_pb_row][et_pb_row custom_padding=\u00a0\u00bb0|0px|27px|0px|false|false\u00a0\u00bb module_class=\u00a0\u00bbsos-padded-row sos-userjourney-responsive-row\u00a0\u00bb _builder_version=\u00a0\u00bb3.10&Prime; background_color=\u00a0\u00bbrgba(237,243,249,0.95)\u00a0\u00bb module_alignment=\u00a0\u00bbcenter\u00a0\u00bb locked=\u00a0\u00bboff\u00a0\u00bb][et_pb_column type=\u00a0\u00bb2_3&Prime;][et_pb_text admin_label=\u00a0\u00bbcontent\u00a0\u00bb module_class=\u00a0\u00bbsos-dropcap margin-bottom-6 margin-top-6&Prime; _builder_version=\u00a0\u00bb3.10.1&Prime; max_width=\u00a0\u00bb75%\u00a0\u00bb max_width_last_edited=\u00a0\u00bbon|phone\u00a0\u00bb module_alignment=\u00a0\u00bbcenter\u00a0\u00bb] La Science de la Spiritualit\u00e9 pr\u00e9conise un r\u00e9gime [&hellip;]<\/p>\n","protected":false},"author":1,"featured_media":0,"parent":0,"menu_order":0,"comment_status":"closed","ping_status":"closed","template":"","meta":{"_et_pb_use_builder":"on","_et_pb_old_content":"","_et_gb_content_width":""},"_links":{"self":[{"href":"https:\/\/perf.stage.aws.cdn.wp.sos-dev.org\/fr\/wp-json\/wp\/v2\/pages\/3689"}],"collection":[{"href":"https:\/\/perf.stage.aws.cdn.wp.sos-dev.org\/fr\/wp-json\/wp\/v2\/pages"}],"about":[{"href":"https:\/\/perf.stage.aws.cdn.wp.sos-dev.org\/fr\/wp-json\/wp\/v2\/types\/page"}],"author":[{"embeddable":true,"href":"https:\/\/perf.stage.aws.cdn.wp.sos-dev.org\/fr\/wp-json\/wp\/v2\/users\/1"}],"replies":[{"embeddable":true,"href":"https:\/\/perf.stage.aws.cdn.wp.sos-dev.org\/fr\/wp-json\/wp\/v2\/comments?post=3689"}],"version-history":[{"count":4,"href":"https:\/\/perf.stage.aws.cdn.wp.sos-dev.org\/fr\/wp-json\/wp\/v2\/pages\/3689\/revisions"}],"predecessor-version":[{"id":4043,"href":"https:\/\/perf.stage.aws.cdn.wp.sos-dev.org\/fr\/wp-json\/wp\/v2\/pages\/3689\/revisions\/4043"}],"wp:attachment":[{"href":"https:\/\/perf.stage.aws.cdn.wp.sos-dev.org\/fr\/wp-json\/wp\/v2\/media?parent=3689"}],"curies":[{"name":"wp","href":"https:\/\/api.w.org\/{rel}","templated":true}]}}