{"id":3674,"date":"2018-07-13T04:46:12","date_gmt":"2018-07-13T09:46:12","guid":{"rendered":"https:\/\/perf.stage.aws.wp.sos-dev.org\/about-us\/"},"modified":"2018-12-30T13:13:09","modified_gmt":"2018-12-30T13:13:09","slug":"about-us","status":"publish","type":"page","link":"https:\/\/perf.stage.aws.cdn.wp.sos-dev.org\/fr\/about-us\/","title":{"rendered":"Notre organisation"},"content":{"rendered":"<p>[et_pb_section fb_built=\u00a0\u00bb1&Prime; _builder_version=\u00a0\u00bb3.10&Prime; background_image=\u00a0\u00bbhttps:\/\/perf.stage.aws.wp.sos-dev.org\/wp-content\/uploads\/2018\/07\/about-us-section.jpg\u00a0\u00bb parallax=\u00a0\u00bbon\u00a0\u00bb parallax_method=\u00a0\u00bboff\u00a0\u00bb custom_padding=\u00a0\u00bb92px|||\u00a0\u00bb][et_pb_row _builder_version=\u00a0\u00bb3.10&Prime; background_color=\u00a0\u00bbrgba(255,255,255,0.95)\u00a0\u00bb box_shadow_style=\u00a0\u00bbpreset1&Prime;][et_pb_column type=\u00a0\u00bb4_4&Prime; _builder_version=\u00a0\u00bb3.0.47&Prime; parallax=\u00a0\u00bboff\u00a0\u00bb parallax_method=\u00a0\u00bbon\u00a0\u00bb][et_pb_text _builder_version=\u00a0\u00bb3.10&Prime; text_font_size_last_edited=\u00a0\u00bboff|desktop\u00a0\u00bb text_orientation=\u00a0\u00bbcenter\u00a0\u00bb]<\/p>\n<h1 class=\"font-size-8 sos-uj-page-title\">Notre organisation<\/h1>\n<p>[\/et_pb_text][et_pb_text module_class=\u00a0\u00bbsos-dropcap margin-bottom-6 margin-top-6&Prime; _builder_version=\u00a0\u00bb3.10.1&Prime; max_width=\u00a0\u00bb75%\u00a0\u00bb max_width_last_edited=\u00a0\u00bboff|desktop\u00a0\u00bb module_alignment=\u00a0\u00bbcenter\u00a0\u00bb]<\/p>\n<p>Dot\u00e9e de centres implant\u00e9s dans le monde entier, la Science de la Spiritualit\u00e9 est une organisation \u00e0 but non lucratif qui a pour objet de proposer un forum o\u00f9 les gens peuvent faire l\u2019apprentissage de la m\u00e9ditation en vue d\u2019en retirer des bienfaits en mati\u00e8re de sant\u00e9 physique, mentale et \u00e9motionnelle, de cro\u00eetre spirituellement, de trouver les r\u00e9ponses au but de la vie, de d\u00e9couvrir les tr\u00e9sors int\u00e9rieurs et de r\u00e9aliser des exp\u00e9riences spirituelles qui leur permettront d\u2019acc\u00e9der \u00e0 la paix, au bonheur et \u00e0 la f\u00e9licit\u00e9 en se r\u00e9alisant en tant qu\u2019\u00e2me et en se connectant \u00e0 la Divinit\u00e9.<\/p>\n<p>Ce qui conf\u00e8re \u00e0 la Science de la Spiritualit\u00e9 son caract\u00e8re si sp\u00e9cial tient au fait qu\u2019il s\u2019agit d\u2019une organisation qui permet aux gens de faire l\u2019apprentissage de la m\u00e9ditation aupr\u00e8s de Sant Rajinder Singh Ji Mahahraj, un Ma\u00eetre spirituel \u2013 ou guide \u2013 de renomm\u00e9e mondiale qui a lui-m\u00eame ma\u00eetris\u00e9 le voyage spirituel int\u00e9rieur et veut partager avec nous la f\u00e9licit\u00e9, la joie et le bonheur int\u00e9rieurs. Il nous apporte son aide et sa guidance dans nos m\u00e9ditations, afin que nous puissions exp\u00e9rimenter et tester par nous-m\u00eames le pouvoir transformateur et b\u00e9n\u00e9fique de la m\u00e9ditation sur le corps, le mental et l\u2019\u00e2me.<\/p>\n<p>Il est l\u2019auteur de nombreux livres, articles et blogs \u00e0 travers lesquels Il partage cette m\u00e9thode pratique de m\u00e9ditation (voir Son livre : <i>La m\u00e9ditation comme m\u00e9dicament de l\u2019\u00e2me<\/i>). Ses programmes sont diffus\u00e9s \u00e0 la t\u00e9l\u00e9vision, \u00e0 la radio mais \u00e9galement sur Internet.<\/p>\n<p>Le parcours professionnel qui a \u00e9t\u00e9 le sien dans les domaines des sciences, de l\u2019informatique et des t\u00e9l\u00e9communications lui a permis d\u2019avoir une approche scientifique de la Spiritualit\u00e9. Il a fait de la Spiritualit\u00e9 et de la m\u00e9ditation une science et une technique faciles \u00e0 comprendre et \u00e0 mettre en pratique par les gens. Il tient des s\u00e9minaires de m\u00e9ditation, donne des conf\u00e9rences publiques, organise des conf\u00e9rences internationales \u00e0 l\u2019occasion desquelles il pr\u00e9sente sa puissante et cependant simple technique de m\u00e9ditation \u00e0 des millions de personnes \u00e0 travers le monde. Il consacre continuellement son existence \u00e0 servir le genre humain, afin d\u2019apporter au monde la paix et l\u2019\u00e9l\u00e9vation spirituelle.<\/p>\n<p>[\/et_pb_text][\/et_pb_column][\/et_pb_row][\/et_pb_section][et_pb_section fb_built=\u00a0\u00bb1&Prime; disabled_on=\u00a0\u00bbon|off|off\u00a0\u00bb _builder_version=\u00a0\u00bb3.10&Prime; background_color=\u00a0\u00bb#f1d575&Prime; background_image=\u00a0\u00bbhttps:\/\/perf.stage.aws.wp.sos-dev.org\/wp-content\/uploads\/2018\/07\/footer-08.jpg\u00a0\u00bb custom_padding=\u00a0\u00bb35px|0px|35px|0px|false|false\u00a0\u00bb global_module=\u00a0\u00bb403&Prime; saved_tabs=\u00a0\u00bball\u00a0\u00bb][et_pb_row make_equal=\u00a0\u00bbon\u00a0\u00bb module_class=\u00a0\u00bbsos-expanded-footer\u00a0\u00bb _builder_version=\u00a0\u00bb3.9&Prime;][et_pb_column type=\u00a0\u00bb1_4&Prime; _builder_version=\u00a0\u00bb3.0.47&Prime; parallax=\u00a0\u00bboff\u00a0\u00bb parallax_method=\u00a0\u00bbon\u00a0\u00bb][et_pb_text admin_label=\u00a0\u00bbMeditation\u00a0\u00bb _builder_version=\u00a0\u00bb3.10.1&Prime; text_font=\u00a0\u00bbNunito|600|||||||\u00a0\u00bb text_text_color=\u00a0\u00bb#968743&Prime; text_font_size=\u00a0\u00bb13px\u00a0\u00bb header_font=\u00a0\u00bbNunito||||||||\u00a0\u00bb header_5_font=\u00a0\u00bbNunito|600|||||||\u00a0\u00bb header_6_font=\u00a0\u00bbNunito|600|||||||\u00a0\u00bb]<\/p>\n<h3>MEDITATION<\/h3>\n<p><a title=\"Spiritual Growth\" href=\"\/spiritual-awakening-with-meditation\/\">Spiritual Growth<\/a><\/p>\n<p><a title=\"Benefits of a Spiritual Guide\" href=\"\/learn-how-to-meditate\/\">Benefits of a Spiritual Guide<\/a><\/p>\n<p><a title=\"Health Benefits\" href=\"\/benefits-of-meditation\/\">Health Benefits<\/a><\/p>\n<p><a title=\"Healthy Living\" href=\"\/healthy-living-and-vegetarian-diet\/\">Healthy Living<\/a><\/p>\n<p>[\/et_pb_text][\/et_pb_column][et_pb_column type=\u00a0\u00bb1_4&Prime; _builder_version=\u00a0\u00bb3.0.47&Prime; parallax=\u00a0\u00bboff\u00a0\u00bb parallax_method=\u00a0\u00bbon\u00a0\u00bb][et_pb_text admin_label=\u00a0\u00bbAbout Us\u00a0\u00bb _builder_version=\u00a0\u00bb3.10.1&Prime; text_font=\u00a0\u00bbNunito|600|||||||\u00a0\u00bb text_text_color=\u00a0\u00bb#968743&Prime; text_font_size=\u00a0\u00bb17px\u00a0\u00bb header_font=\u00a0\u00bbNunito||||||||\u00a0\u00bb header_5_font=\u00a0\u00bbNunito|600|||||||\u00a0\u00bb header_6_font=\u00a0\u00bbNunito|600|||||||\u00a0\u00bb custom_margin=\u00a0\u00bb|||\u00a0\u00bb]<\/p>\n<h3>ABOUT US<\/h3>\n<p><a title=\"Our Organization\" href=\"\/our-organization\">Our Organization<\/a><\/p>\n<p><a title=\"International Meditation Center\" href=\"\/our-new-center\/\">International Meditation Center<\/a><\/p>\n<p>[\/et_pb_text][\/et_pb_column][et_pb_column type=\u00a0\u00bb1_4&Prime; _builder_version=\u00a0\u00bb3.0.47&Prime; parallax=\u00a0\u00bboff\u00a0\u00bb parallax_method=\u00a0\u00bbon\u00a0\u00bb][et_pb_text admin_label=\u00a0\u00bbExplore\u00a0\u00bb _builder_version=\u00a0\u00bb3.10.1&Prime; text_font=\u00a0\u00bbNunito|600|||||||\u00a0\u00bb text_text_color=\u00a0\u00bb#968743&Prime; text_font_size=\u00a0\u00bb17px\u00a0\u00bb header_font=\u00a0\u00bbNunito||||||||\u00a0\u00bb header_5_font=\u00a0\u00bbNunito|600|||||||\u00a0\u00bb header_6_font=\u00a0\u00bbNunito|600|||||||\u00a0\u00bb]<\/p>\n<h3>EXPLORE<\/h3>\n<p><a title=\"Articles\" href=\"\/articles\/\">Articles<\/a><\/p>\n<p><a title=\"Videos\" href=\"\/videos\/\">Videos<\/a><\/p>\n<p>[\/et_pb_text][\/et_pb_column][et_pb_column type=\u00a0\u00bb1_4&Prime; _builder_version=\u00a0\u00bb3.0.47&Prime; parallax=\u00a0\u00bboff\u00a0\u00bb parallax_method=\u00a0\u00bbon\u00a0\u00bb][et_pb_text admin_label=\u00a0\u00bbMore\u00a0\u00bb _builder_version=\u00a0\u00bb3.10.1&Prime; text_font=\u00a0\u00bbNunito|600|||||||\u00a0\u00bb text_text_color=\u00a0\u00bb#968743&Prime; text_font_size=\u00a0\u00bb17px\u00a0\u00bb header_font=\u00a0\u00bbNunito||||||||\u00a0\u00bb header_5_font=\u00a0\u00bbNunito|600|||||||\u00a0\u00bb header_6_font=\u00a0\u00bbNunito|600|||||||\u00a0\u00bb]<\/p>\n<h3>MORE<\/h3>\n<p><a title=\"Spiritual Guide\" href=\"\/learn-how-to-meditate\/\">Spiritual Guide<\/a><\/p>\n<p><a title=\"Find Programs\" href=\"\/find-programs\/\">Find Programs<\/a><\/p>\n<p><a title=\"Connect\" href=\"\/contact-us\/\">Connect<\/a><\/p>\n<p><a title=\"Privacy Policy\" href=\"\/privacy-policy\/\">Privacy Policy<\/a><\/p>\n<p>[\/et_pb_text][\/et_pb_column][\/et_pb_row][\/et_pb_section]<\/p>\n","protected":false},"excerpt":{"rendered":"<p>[et_pb_section fb_built=\u00a0\u00bb1&Prime; _builder_version=\u00a0\u00bb3.10&Prime; background_image=\u00a0\u00bbhttps:\/\/perf.stage.aws.wp.sos-dev.org\/wp-content\/uploads\/2018\/07\/about-us-section.jpg\u00a0\u00bb parallax=\u00a0\u00bbon\u00a0\u00bb parallax_method=\u00a0\u00bboff\u00a0\u00bb custom_padding=\u00a0\u00bb92px|||\u00a0\u00bb][et_pb_row _builder_version=\u00a0\u00bb3.10&Prime; background_color=\u00a0\u00bbrgba(255,255,255,0.95)\u00a0\u00bb box_shadow_style=\u00a0\u00bbpreset1&Prime;][et_pb_column type=\u00a0\u00bb4_4&Prime; _builder_version=\u00a0\u00bb3.0.47&Prime; parallax=\u00a0\u00bboff\u00a0\u00bb parallax_method=\u00a0\u00bbon\u00a0\u00bb][et_pb_text _builder_version=\u00a0\u00bb3.10&Prime; text_font_size_last_edited=\u00a0\u00bboff|desktop\u00a0\u00bb text_orientation=\u00a0\u00bbcenter\u00a0\u00bb] Notre organisation [\/et_pb_text][et_pb_text module_class=\u00a0\u00bbsos-dropcap margin-bottom-6 margin-top-6&Prime; _builder_version=\u00a0\u00bb3.10.1&Prime; max_width=\u00a0\u00bb75%\u00a0\u00bb max_width_last_edited=\u00a0\u00bboff|desktop\u00a0\u00bb module_alignment=\u00a0\u00bbcenter\u00a0\u00bb] Dot\u00e9e de centres implant\u00e9s dans le monde entier, la Science de la Spiritualit\u00e9 est une organisation \u00e0 but non lucratif qui a pour objet de proposer un forum [&hellip;]<\/p>\n","protected":false},"author":1,"featured_media":0,"parent":0,"menu_order":0,"comment_status":"closed","ping_status":"closed","template":"","meta":{"_et_pb_use_builder":"on","_et_pb_old_content":"","_et_gb_content_width":""},"_links":{"self":[{"href":"https:\/\/perf.stage.aws.cdn.wp.sos-dev.org\/fr\/wp-json\/wp\/v2\/pages\/3674"}],"collection":[{"href":"https:\/\/perf.stage.aws.cdn.wp.sos-dev.org\/fr\/wp-json\/wp\/v2\/pages"}],"about":[{"href":"https:\/\/perf.stage.aws.cdn.wp.sos-dev.org\/fr\/wp-json\/wp\/v2\/types\/page"}],"author":[{"embeddable":true,"href":"https:\/\/perf.stage.aws.cdn.wp.sos-dev.org\/fr\/wp-json\/wp\/v2\/users\/1"}],"replies":[{"embeddable":true,"href":"https:\/\/perf.stage.aws.cdn.wp.sos-dev.org\/fr\/wp-json\/wp\/v2\/comments?post=3674"}],"version-history":[{"count":3,"href":"https:\/\/perf.stage.aws.cdn.wp.sos-dev.org\/fr\/wp-json\/wp\/v2\/pages\/3674\/revisions"}],"predecessor-version":[{"id":3990,"href":"https:\/\/perf.stage.aws.cdn.wp.sos-dev.org\/fr\/wp-json\/wp\/v2\/pages\/3674\/revisions\/3990"}],"wp:attachment":[{"href":"https:\/\/perf.stage.aws.cdn.wp.sos-dev.org\/fr\/wp-json\/wp\/v2\/media?parent=3674"}],"curies":[{"name":"wp","href":"https:\/\/api.w.org\/{rel}","templated":true}]}}