{"id":3665,"date":"2018-08-04T07:25:58","date_gmt":"2018-08-04T12:25:58","guid":{"rendered":"https:\/\/perf.stage.aws.wp.sos-dev.org\/western-headquarters\/"},"modified":"2020-02-08T11:38:53","modified_gmt":"2020-02-08T11:38:53","slug":"western-headquarters","status":"publish","type":"page","link":"https:\/\/perf.stage.aws.cdn.wp.sos-dev.org\/fr\/western-headquarters\/","title":{"rendered":"Si\u00e8ge pour l\u2019occident"},"content":{"rendered":"<p>[et_pb_section fb_built=\u00a0\u00bb1&Prime; module_class=\u00a0\u00bbsos-marble-bg\u00a0\u00bb _builder_version=\u00a0\u00bb3.22&Prime; background_image=\u00a0\u00bbhttps:\/\/perf.stage.aws.wp.sos-dev.org\/wp-content\/uploads\/2018\/11\/sos-international-meditation-center-rendering.jpg\u00a0\u00bb parallax=\u00a0\u00bbon\u00a0\u00bb parallax_method=\u00a0\u00bboff\u00a0\u00bb custom_padding=\u00a0\u00bb92px|||\u00a0\u00bb fb_built=\u00a0\u00bb1&Prime; bb_built=\u00a0\u00bb1&Prime; _i=\u00a0\u00bb0&Prime; _address=\u00a0\u00bb0&Prime;][et_pb_row custom_padding_last_edited=\u00a0\u00bbon|phone\u00a0\u00bb _builder_version=\u00a0\u00bb3.25&Prime; background_color=\u00a0\u00bbrgba(255,255,255,0.95)\u00a0\u00bb background_size=\u00a0\u00bbinitial\u00a0\u00bb background_position=\u00a0\u00bbtop_left\u00a0\u00bb background_repeat=\u00a0\u00bbrepeat\u00a0\u00bb custom_padding=\u00a0\u00bb57px|57px|57px|57px\u00a0\u00bb custom_padding_phone=\u00a0\u00bb34px|34px|34px|34px\u00a0\u00bb _i=\u00a0\u00bb0&Prime; _address=\u00a0\u00bb0.0&Prime;][et_pb_column type=\u00a0\u00bb4_4&Prime; _builder_version=\u00a0\u00bb3.25&Prime; custom_padding=\u00a0\u00bb|||\u00a0\u00bb _i=\u00a0\u00bb0&Prime; _address=\u00a0\u00bb0.0.0&Prime; custom_padding__hover=\u00a0\u00bb|||\u00a0\u00bb][et_pb_text admin_label=\u00a0\u00bbWestern Headquarters\u00a0\u00bb _builder_version=\u00a0\u00bb3.27.4&Prime; _i=\u00a0\u00bb0&Prime; _address=\u00a0\u00bb0.0.0.0&Prime;]<\/p>\n<h1 class=\"sos-uj-page-title\" style=\"text-align: center;\">Centre international de m\u00e9ditation<\/h1>\n<p>[\/et_pb_text][et_pb_text admin_label=\u00a0\u00bbOpen to the Public\u00a0\u00bb _builder_version=\u00a0\u00bb3.27.4&Prime; text_orientation=\u00a0\u00bbcenter\u00a0\u00bb _i=\u00a0\u00bb1&Prime; _address=\u00a0\u00bb0.0.0.1&Prime;]<\/p>\n<h2 style=\"line-height: normal;\">Ouvert au Public<\/h2>\n<p>[\/et_pb_text][et_pb_image src=\u00a0\u00bbhttps:\/\/perf.stage.aws.wp.sos-dev.org\/wp-content\/uploads\/2018\/11\/sos-international-meditation-center.jpg\u00a0\u00bb align=\u00a0\u00bbcenter\u00a0\u00bb align_tablet=\u00a0\u00bbcenter\u00a0\u00bb align_last_edited=\u00a0\u00bbon|desktop\u00a0\u00bb _builder_version=\u00a0\u00bb3.23&Prime; max_width=\u00a0\u00bb85%\u00a0\u00bb module_alignment=\u00a0\u00bbcenter\u00a0\u00bb mix_blend_mode=\u00a0\u00bbmultiply\u00a0\u00bb box_shadow_style=\u00a0\u00bbpreset3&Prime; _i=\u00a0\u00bb2&Prime; _address=\u00a0\u00bb0.0.0.2&Prime;][\/et_pb_image][et_pb_text _builder_version=\u00a0\u00bb3.27.4&Prime; text_orientation=\u00a0\u00bbcenter\u00a0\u00bb _i=\u00a0\u00bb3&Prime; _address=\u00a0\u00bb0.0.0.3&Prime;]<br class=\"xliff-newline\"><br class=\"xliff-newline\"><\/p>\n<h2>Nouveau centre de la Science de la Spiritualit\u00e9<br class=\"xliff-newline\">Lisle, Illinois<\/h2>\n<p><br class=\"xliff-newline\"><\/p>\n<h3 class=\"sos-letter-spacing-text-4 sos-gold-text sos-whq-tag-text\">D\u00e9couvrez votre sanctuaire int\u00e9rieur | Exp\u00e9rience de paix, de joie et de bonheur<\/h3>\n<p><br class=\"xliff-newline\"><br class=\"xliff-newline\"><br \/>\n[\/et_pb_text][et_pb_text _builder_version=\u00a0\u00bb3.27.4&Prime; text_orientation=\u00a0\u00bbcenter\u00a0\u00bb _i=\u00a0\u00bb4&Prime; _address=\u00a0\u00bb0.0.0.4&Prime;]<\/p>\n<h4><strong>Horaires du centre: 10h00 \u00e0 17h00<br \/>\n<\/strong><\/h4>\n<h4><strong>Consultez cette page pour des mises \u00e0 jour r\u00e9guli\u00e8res.<br \/>\n<\/strong><\/h4>\n<p>[\/et_pb_text][et_pb_text module_class=\u00a0\u00bbbullet-points\u00a0\u00bb _builder_version=\u00a0\u00bb3.27.4&Prime; max_width=\u00a0\u00bb60%\u00a0\u00bb max_width_tablet=\u00a0\u00bb85%\u00a0\u00bb max_width_phone=\u00a0\u00bb100%\u00a0\u00bb max_width_last_edited=\u00a0\u00bbon|phone\u00a0\u00bb module_alignment=\u00a0\u00bbcenter\u00a0\u00bb _i=\u00a0\u00bb5&Prime; _address=\u00a0\u00bb0.0.0.5&Prime;]<\/p>\n<ul>\n<li>D\u00e9couvrir les bienfaits de la m\u00e9ditation sur la sant\u00e9 physique, mentale et \u00e9motionnelle.<\/li>\n<li>Relaxez-vous et revigorez-vous au sein du paisible sanctuaire auquel vous donne acc\u00e8s la m\u00e9ditation.<\/li>\n<li>Apprenez \u00e0 m\u00e9diter gr\u00e2ce \u00e0 des cours et des ateliers.<\/li>\n<li>Participez \u00e0 des ateliers et \u00e0 des cours de cuisine, afin d\u2019apprendre les bienfaits du r\u00e9gime v\u00e9g\u00e9tarien et de b\u00e9n\u00e9ficier, aupr\u00e8s de l\u2019un des principaux parrains du Veggie Fest, de conseils pratiques sur ce qu\u2019est une vie saine.<\/li>\n<li>Assister \u00e0 d\u2019inspirants et \u00e9difiant discours publics, s\u00e9minaires de m\u00e9ditation et programmes, afin d\u2019apprendre la m\u00e9ditation aupr\u00e8s de <a href=\"\/fr\/learn-how-to-meditate\">Sant Rajinder singh Ji Maharaj.<\/a><\/li>\n<\/ul>\n<p>[\/et_pb_text][et_pb_text _builder_version=\u00a0\u00bb3.27.4&Prime; text_orientation=\u00a0\u00bbcenter\u00a0\u00bb _i=\u00a0\u00bb6&Prime; _address=\u00a0\u00bb0.0.0.6&Prime;]<br class=\"xliff-newline\"><br class=\"xliff-newline\"><\/p>\n<h4><strong>Explorez ce site pour des articles et des vid\u00e9os pour savoir comment la m\u00e9ditation peut enrichir votre vie !<\/strong><\/h4>\n<p><br class=\"xliff-newline\"><br class=\"xliff-newline\"><br \/>\n[\/et_pb_text][et_pb_text admin_label=\u00a0\u00bbLocation\u00a0\u00bb _builder_version=\u00a0\u00bb3.27.4&Prime; _i=\u00a0\u00bb7&Prime; _address=\u00a0\u00bb0.0.0.7&Prime;]<br class=\"xliff-newline\"><br class=\"xliff-newline\"><\/p>\n<h4><strong>Zone g\u00e9ographique : Science de la spiritualit\u00e9, 4105 Naperville Rd, Lisle, IL 60532<\/strong><\/h4>\n<p><br class=\"xliff-newline\"><br class=\"xliff-newline\"><br \/>\n[\/et_pb_text][et_pb_map address=\u00a0\u00bb4105 Naperville Rd, Lisle, IL 60532, USA\u00a0\u00bb address_lat=\u00a0\u00bb41.8108215&Prime; address_lng=\u00a0\u00bb-88.11536460000002&Prime; mouse_wheel=\u00a0\u00bboff\u00a0\u00bb mobile_dragging=\u00a0\u00bboff\u00a0\u00bb _builder_version=\u00a0\u00bb3.19.2&Prime; max_width=\u00a0\u00bb90%\u00a0\u00bb module_alignment=\u00a0\u00bbcenter\u00a0\u00bb box_shadow_style=\u00a0\u00bbpreset1&Prime; _i=\u00a0\u00bb8&Prime; _address=\u00a0\u00bb0.0.0.8&Prime;][\/et_pb_map][\/et_pb_column][\/et_pb_row][\/et_pb_section][et_pb_section fb_built=\u00a0\u00bb1&Prime; disabled_on=\u00a0\u00bbon|off|off\u00a0\u00bb _builder_version=\u00a0\u00bb3.26.4&Prime; background_color=\u00a0\u00bb#e1b93b\u00a0\u00bb background_image=\u00a0\u00bbhttps:\/\/perf.stage.aws.wp.sos-dev.org\/wp-content\/uploads\/2018\/07\/footer-08.jpg\u00a0\u00bb background_enable_image=\u00a0\u00bboff\u00a0\u00bb custom_padding=\u00a0\u00bb35px|0px|35px|0px|false|false\u00a0\u00bb global_module=\u00a0\u00bb403&Prime; saved_tabs=\u00a0\u00bball\u00a0\u00bb collapsed=\u00a0\u00bboff\u00a0\u00bb fb_built=\u00a0\u00bb1&Prime; bb_built=\u00a0\u00bb1&Prime; _i=\u00a0\u00bb0&Prime; _address=\u00a0\u00bb1&Prime;][et_pb_row column_structure=\u00a0\u00bb1_4,1_4,1_4,1_4&Prime; make_equal=\u00a0\u00bbon\u00a0\u00bb module_class=\u00a0\u00bbsos-expanded-footer\u00a0\u00bb _builder_version=\u00a0\u00bb3.25&Prime; _i=\u00a0\u00bb0&Prime; _address=\u00a0\u00bb1.0&Prime;][et_pb_column type=\u00a0\u00bb1_4&Prime; _builder_version=\u00a0\u00bb3.25&Prime; custom_padding=\u00a0\u00bb|||\u00a0\u00bb custom_padding__hover=\u00a0\u00bb|||\u00a0\u00bb _i=\u00a0\u00bb0&Prime; _address=\u00a0\u00bb1.0.0&Prime;][et_pb_text admin_label=\u00a0\u00bbMeditation\u00a0\u00bb _builder_version=\u00a0\u00bb3.27.4&Prime; text_font=\u00a0\u00bbNunito|600|||||||\u00a0\u00bb text_text_color=\u00a0\u00bb#968743&Prime; text_font_size=\u00a0\u00bb13px\u00a0\u00bb header_font=\u00a0\u00bbNunito||||||||\u00a0\u00bb header_5_font=\u00a0\u00bbNunito|600|||||||\u00a0\u00bb header_6_font=\u00a0\u00bbNunito|600|||||||\u00a0\u00bb _i=\u00a0\u00bb0&Prime; _address=\u00a0\u00bb1.0.0.0&Prime;]<\/p>\n<h3>MEDITATION<\/h3>\n<p><a title=\"Spiritual Growth\" href=\"https:\/\/perf.stage.aws.wp.sos-dev.org\/fr\/spiritual-growth\/\">Spiritual Growth<\/a><\/p>\n<p><a title=\"Benefits of a Spiritual Guide\" href=\"https:\/\/perf.stage.aws.wp.sos-dev.org\/fr\/spiritual-guide\/\">Benefits of a Spiritual Guide<\/a><\/p>\n<p><a title=\"Health Benefits\" href=\"https:\/\/perf.stage.aws.wp.sos-dev.org\/fr\/benefits-of-meditation-2\/\">Meditation Byproducts<\/a><\/p>\n<p><a title=\"Healthy Living\" href=\"https:\/\/perf.stage.aws.wp.sos-dev.org\/fr\/vegetarian-diet-and-vegetarian-meals\/\">Healthy Living<\/a><\/p>\n<p>[\/et_pb_text][\/et_pb_column][et_pb_column type=\u00a0\u00bb1_4&Prime; _builder_version=\u00a0\u00bb3.25&Prime; custom_padding=\u00a0\u00bb|||\u00a0\u00bb custom_padding__hover=\u00a0\u00bb|||\u00a0\u00bb _i=\u00a0\u00bb1&Prime; _address=\u00a0\u00bb1.0.1&Prime;][et_pb_text admin_label=\u00a0\u00bbAbout Us\u00a0\u00bb _builder_version=\u00a0\u00bb3.27.4&Prime; text_font=\u00a0\u00bbNunito|600|||||||\u00a0\u00bb text_text_color=\u00a0\u00bb#968743&Prime; text_font_size=\u00a0\u00bb17px\u00a0\u00bb header_font=\u00a0\u00bbNunito||||||||\u00a0\u00bb header_5_font=\u00a0\u00bbNunito|600|||||||\u00a0\u00bb header_6_font=\u00a0\u00bbNunito|600|||||||\u00a0\u00bb custom_margin=\u00a0\u00bb|||\u00a0\u00bb _i=\u00a0\u00bb0&Prime; _address=\u00a0\u00bb1.0.1.0&Prime;]<\/p>\n<h3>ABOUT US<\/h3>\n<p><a title=\"Our Organization\" href=\"https:\/\/perf.stage.aws.wp.sos-dev.org\/fr\/about-us\/\">Our Organization<\/a><\/p>\n<p><a title=\"International Meditation Center\" href=\"https:\/\/perf.stage.aws.wp.sos-dev.org\/fr\/western-headquarters\/\">International Meditation Center<\/a><\/p>\n<p>[\/et_pb_text][\/et_pb_column][et_pb_column type=\u00a0\u00bb1_4&Prime; _builder_version=\u00a0\u00bb3.25&Prime; custom_padding=\u00a0\u00bb|||\u00a0\u00bb custom_padding__hover=\u00a0\u00bb|||\u00a0\u00bb _i=\u00a0\u00bb2&Prime; _address=\u00a0\u00bb1.0.2&Prime;][et_pb_text admin_label=\u00a0\u00bbExplore\u00a0\u00bb _builder_version=\u00a0\u00bb3.27.4&Prime; text_font=\u00a0\u00bbNunito|600|||||||\u00a0\u00bb text_text_color=\u00a0\u00bb#968743&Prime; text_font_size=\u00a0\u00bb17px\u00a0\u00bb header_font=\u00a0\u00bbNunito||||||||\u00a0\u00bb header_5_font=\u00a0\u00bbNunito|600|||||||\u00a0\u00bb header_6_font=\u00a0\u00bbNunito|600|||||||\u00a0\u00bb _i=\u00a0\u00bb0&Prime; _address=\u00a0\u00bb1.0.2.0&Prime;]<\/p>\n<h3>EXPLORE<\/h3>\n<p><a title=\"Articles\" href=\"https:\/\/perf.stage.aws.wp.sos-dev.org\/fr\/articles-2\/\">Articles<\/a><\/p>\n<p><a title=\"Videos\" href=\"https:\/\/perf.stage.aws.wp.sos-dev.org\/fr\/videos-2\/\">Videos<\/a><\/p>\n<p>[\/et_pb_text][\/et_pb_column][et_pb_column type=\u00a0\u00bb1_4&Prime; _builder_version=\u00a0\u00bb3.25&Prime; custom_padding=\u00a0\u00bb|||\u00a0\u00bb custom_padding__hover=\u00a0\u00bb|||\u00a0\u00bb _i=\u00a0\u00bb3&Prime; _address=\u00a0\u00bb1.0.3&Prime;][et_pb_text admin_label=\u00a0\u00bbMore\u00a0\u00bb _builder_version=\u00a0\u00bb3.27.4&Prime; text_font=\u00a0\u00bbNunito|600|||||||\u00a0\u00bb text_text_color=\u00a0\u00bb#968743&Prime; text_font_size=\u00a0\u00bb17px\u00a0\u00bb header_font=\u00a0\u00bbNunito||||||||\u00a0\u00bb header_5_font=\u00a0\u00bbNunito|600|||||||\u00a0\u00bb header_6_font=\u00a0\u00bbNunito|600|||||||\u00a0\u00bb _i=\u00a0\u00bb0&Prime; _address=\u00a0\u00bb1.0.3.0&Prime;]<\/p>\n<h3>MORE<\/h3>\n<p><a title=\"Spiritual Guide\" href=\"https:\/\/perf.stage.aws.wp.sos-dev.org\/fr\/spiritual-guide\/\">Spiritual Guide<\/a><\/p>\n<p><a title=\"Find Porgrams\" href=\"https:\/\/perf.stage.aws.wp.sos-dev.org\/fr\/find-programs-2\/\">Find Programs<\/a><\/p>\n<p><a title=\"Connect\" href=\"https:\/\/perf.stage.aws.wp.sos-dev.org\/fr\/contact-us-2\/\">Connect<\/a><\/p>\n<p><a title=\"Privacy Policy\" href=\"\/privacy-policy\/\">Privacy Policy<\/a><\/p>\n<p>[\/et_pb_text][\/et_pb_column][\/et_pb_row][\/et_pb_section]<\/p>\n","protected":false},"excerpt":{"rendered":"<p>Discover Your Inner Sanctuary | Experience Peace, Joy and Bliss<br \/>\n Meditation Center hours: 10:00 am to 5:00 pm<br \/>\nDiscover the benefits of meditation for spiritual, physical, mental, and emotional health.<br \/>\nRelax and refresh in the peaceful meditation sanctuary.<br \/>\nLearn to meditate through classes and workshops.<br \/>\nParticipate in workshops and cooking classes to learn the benefits of a vegetarian diet and gain tips for healthy living from one of the major sponsors of Veggie Fest.<br \/>\nAttend inspiring and elevating public talks, meditation seminars, and programs to learn meditation from Sant Rajinder Singh Ji Maharaj.<br \/>\nLocation: Science of Spirituality, 4105 Naperville Rd, Lisle, IL 60532<\/p>\n","protected":false},"author":1,"featured_media":0,"parent":0,"menu_order":0,"comment_status":"closed","ping_status":"closed","template":"","meta":{"_et_pb_use_builder":"on","_et_pb_old_content":"","_et_gb_content_width":""},"_links":{"self":[{"href":"https:\/\/perf.stage.aws.cdn.wp.sos-dev.org\/fr\/wp-json\/wp\/v2\/pages\/3665"}],"collection":[{"href":"https:\/\/perf.stage.aws.cdn.wp.sos-dev.org\/fr\/wp-json\/wp\/v2\/pages"}],"about":[{"href":"https:\/\/perf.stage.aws.cdn.wp.sos-dev.org\/fr\/wp-json\/wp\/v2\/types\/page"}],"author":[{"embeddable":true,"href":"https:\/\/perf.stage.aws.cdn.wp.sos-dev.org\/fr\/wp-json\/wp\/v2\/users\/1"}],"replies":[{"embeddable":true,"href":"https:\/\/perf.stage.aws.cdn.wp.sos-dev.org\/fr\/wp-json\/wp\/v2\/comments?post=3665"}],"version-history":[{"count":6,"href":"https:\/\/perf.stage.aws.cdn.wp.sos-dev.org\/fr\/wp-json\/wp\/v2\/pages\/3665\/revisions"}],"predecessor-version":[{"id":26026,"href":"https:\/\/perf.stage.aws.cdn.wp.sos-dev.org\/fr\/wp-json\/wp\/v2\/pages\/3665\/revisions\/26026"}],"wp:attachment":[{"href":"https:\/\/perf.stage.aws.cdn.wp.sos-dev.org\/fr\/wp-json\/wp\/v2\/media?parent=3665"}],"curies":[{"name":"wp","href":"https:\/\/api.w.org\/{rel}","templated":true}]}}