{"id":3658,"date":"2018-08-04T07:48:19","date_gmt":"2018-08-04T12:48:19","guid":{"rendered":"https:\/\/perf.stage.aws.wp.sos-dev.org\/find-programs-2\/"},"modified":"2020-06-26T17:07:20","modified_gmt":"2020-06-26T22:07:20","slug":"find-programs-2","status":"publish","type":"page","link":"https:\/\/perf.stage.aws.cdn.wp.sos-dev.org\/fr\/find-programs-2\/","title":{"rendered":"Find Programs"},"content":{"rendered":"<p>[et_pb_section fb_built=\u00a0\u00bb1&Prime; fullwidth=\u00a0\u00bbon\u00a0\u00bb module_class=\u00a0\u00bbsos-page-preloader\u00a0\u00bb _builder_version=\u00a0\u00bb3.26.6&Prime; custom_padding=\u00a0\u00bb160px|0px|224px|0px|false|false\u00a0\u00bb][et_pb_fullwidth_code _builder_version=\u00a0\u00bb3.19.2&Prime;]<!-- [et_pb_line_break_holder] -->[\/et_pb_fullwidth_code][\/et_pb_section][et_pb_section fb_built=\u00a0\u00bb1&Prime; module_class=\u00a0\u00bbsos-page-loaded-section sos-marble-bg\u00a0\u00bb _builder_version=\u00a0\u00bb3.26.6&Prime; background_color=\u00a0\u00bb#e8e4d4&Prime; background_enable_image=\u00a0\u00bboff\u00a0\u00bb parallax=\u00a0\u00bbon\u00a0\u00bb parallax_method=\u00a0\u00bboff\u00a0\u00bb][et_pb_row module_class=\u00a0\u00bb et_pb_row_fullwidth\u00a0\u00bb _builder_version=\u00a0\u00bb3.25&Prime; width=\u00a0\u00bb89%\u00a0\u00bb width_tablet=\u00a0\u00bb80%\u00a0\u00bb width_phone=\u00a0\u00bb\u00a0\u00bb width_last_edited=\u00a0\u00bbon|desktop\u00a0\u00bb max_width=\u00a0\u00bb89%\u00a0\u00bb max_width_tablet=\u00a0\u00bb80%\u00a0\u00bb max_width_phone=\u00a0\u00bb\u00a0\u00bb max_width_last_edited=\u00a0\u00bbon|desktop\u00a0\u00bb make_fullwidth=\u00a0\u00bbon\u00a0\u00bb][et_pb_column type=\u00a0\u00bb4_4&Prime; _builder_version=\u00a0\u00bb3.25&Prime; custom_padding=\u00a0\u00bb|||\u00a0\u00bb custom_padding__hover=\u00a0\u00bb|||\u00a0\u00bb][et_pb_text admin_label=\u00a0\u00bbProgram cancel note\u00a0\u00bb _builder_version=\u00a0\u00bb4.4.6&Prime; text_font=\u00a0\u00bb|700|||||||\u00a0\u00bb text_font_size=\u00a0\u00bb20px\u00a0\u00bb text_orientation=\u00a0\u00bbcenter\u00a0\u00bb custom_padding=\u00a0\u00bb10px||10px||false|false\u00a0\u00bb]<\/p>\n<p>En raison des inqui\u00e9tudes concernant le coronavirus, tous les \u00e9v\u00e9nements et programmes publics de la Science de la Spiritualit\u00e9 sont report\u00e9s jusqu&rsquo;\u00e0 nouvel ordre. <\/p>\n<p>[\/et_pb_text][et_pb_text admin_label=\u00a0\u00bbFind Online Programs Header\u00a0\u00bb _builder_version=\u00a0\u00bb4.4.6&Prime;]<\/p>\n<h1 class=\"sos-uj-page-title\" style=\"text-align: center;\">Trouver des programmes<\/h1>\n<p>[\/et_pb_text][et_pb_code admin_label=\u00a0\u00bbOnline Events List Code\u00a0\u00bb _builder_version=\u00a0\u00bb4.4.6&Prime;]<\/p>\n<div id=\"sos-online-ajax-processing-indicator\"><!-- [et_pb_line_break_holder] --><!-- [et_pb_line_break_holder] --><\/div>\n<p><!-- [et_pb_line_break_holder] --><\/p>\n<div style=\"clear:both;\"><\/div>\n<p><!-- [et_pb_line_break_holder] --><\/p>\n<div id=\"sos-online-program-list-wrapper\"><\/div>\n<p>[\/et_pb_code][et_pb_button button_text=\u00a0\u00bbMore Events\u00a0\u00bb button_alignment=\u00a0\u00bbcenter\u00a0\u00bb admin_label=\u00a0\u00bbShow More Events Button\u00a0\u00bb module_class=\u00a0\u00bbsos-show-more-events-btn\u00a0\u00bb _builder_version=\u00a0\u00bb4.4.6&Prime; custom_button=\u00a0\u00bbon\u00a0\u00bb button_border_radius=\u00a0\u00bb20px\u00a0\u00bb button_use_icon=\u00a0\u00bboff\u00a0\u00bb][\/et_pb_button][et_pb_text admin_label=\u00a0\u00bbFind a Center Header\u00a0\u00bb _builder_version=\u00a0\u00bb4.4.6&Prime;]<\/p>\n<h1 style=\"text-align: center;\" class=\"sos-uj-page-title\">Find a Center<\/h1>\n<p>[\/et_pb_text][et_pb_code _builder_version=\u00a0\u00bb4.4.6&Prime;]<\/p>\n<div id=\"sos-programs-search-wrapper\"><!-- [et_pb_line_break_holder] --> <\/p>\n<div id=\"sos-programs-search-field\"><!-- [et_pb_line_break_holder] --> <input type=\"text\" id=\"sos-programs-search-text\"<!-- [et_pb_line_break_holder] --> name=\u00a0\u00bbsos-programs-search-text\u00a0\u00bb<!-- [et_pb_line_break_holder] --> class=\u00a0\u00bbsos-programs-text-field\u00a0\u00bb style=\u00a0\u00bbpadding-bottom: 7px;\u00a0\u00bb \/><!-- [et_pb_line_break_holder] --><!-- [et_pb_line_break_holder] --><button id=\"sos-programs-search-btn\" class=\"sos-text-box-btn\"><span class=\"fa fa-search\"><\/span><\/button><!-- [et_pb_line_break_holder] --> <\/div>\n<p><!-- [et_pb_line_break_holder] --> <\/p>\n<div id=\"sos-programs-filter-options\" style=\"display: none;\"><!-- [et_pb_line_break_holder] --> <input type=\"checkbox\" id=\"sos-programs-centers-option\" checked=\"true\" \/> Centers<!-- [et_pb_line_break_holder] --> <input type=\"checkbox\" id=\"sos-programs-events-option\"  \/> Events<!-- [et_pb_line_break_holder] --> <input type=\"checkbox\" id=\"sos-programs-meetings-option\" \/> Meetings  <!-- [et_pb_line_break_holder] --> <\/div>\n<p><!-- [et_pb_line_break_holder] --><\/p>\n<div id=\"sos-programs-filter-radius-options\"><!-- [et_pb_line_break_holder] --> <span>Limiter les r\u00e9sultats \u00e0 <\/span><!-- [et_pb_line_break_holder] -->  <select id=\"sos-programs-radius-option\"><!-- [et_pb_line_break_holder] --><option value=\"30\">50 km<\/option><!-- [et_pb_line_break_holder] --><option value=\"50\" selected=\"selected\">80 km<\/option><!-- [et_pb_line_break_holder] --><option value=\"100\">160 km<\/option><!-- [et_pb_line_break_holder] --><option value=\"500\">800 km<\/option><!-- [et_pb_line_break_holder] --><option value=\"50000\">Aucune limite de rayon<\/option><!-- [et_pb_line_break_holder] --> <\/select><!-- [et_pb_line_break_holder] --> <\/div>\n<p><!-- [et_pb_line_break_holder] --><\/p>\n<div id=\"sos-programs-map-option\" style=\"display: none;\"><!-- [et_pb_line_break_holder] --><a href=\"https:\/\/perf.stage.aws.wp.sos-dev.org\/fr\/find-programs-map\/\"><!-- [et_pb_line_break_holder] --><\/p>\n<div id=\"sos-programs-map-button\"><\/div>\n<p><!-- [et_pb_line_break_holder] --><\/div>\n<p><!-- [et_pb_line_break_holder] --><\/a><!-- [et_pb_line_break_holder] --><\/p>\n<div style=\"clear:both;\"><\/div>\n<p><!-- [et_pb_line_break_holder] --><\/div>\n<p><!-- [et_pb_line_break_holder] --><\/p>\n<div id=\"sos-ajax-processing-indicator\"><!-- [et_pb_line_break_holder] --><!-- [et_pb_line_break_holder] --><\/div>\n<p><!-- [et_pb_line_break_holder] --><\/p>\n<div style=\"clear:both;\"><\/div>\n<p><!-- [et_pb_line_break_holder] --><\/p>\n<div id=\"sos-program-list-wrapper\"><\/div>\n<p>[\/et_pb_code][et_pb_text module_class=\u00a0\u00bbsos-find-program-refine-search-map-bg\u00a0\u00bb _builder_version=\u00a0\u00bb3.27.4&Prime;]<\/p>\n<h2 style=\"text-align: left;\">Aucun r\u00e9sultat trouv\u00e9 pour les crit\u00e8res de recherche. Veuillez affiner la recherche et r\u00e9essayer avec un rayon de recherche plus large.<\/h2>\n<p>[\/et_pb_text][et_pb_text disabled_on=\u00a0\u00bbon|on|on\u00a0\u00bb module_class=\u00a0\u00bbsos-find-program-no-result-map-bg-archive\u00a0\u00bb _builder_version=\u00a0\u00bb4.4.6&Prime; disabled=\u00a0\u00bbon\u00a0\u00bb]<\/p>\n<h2 style=\"text-align: left;\">La science de la spiritualit\u00e9 poss\u00e8de des centres de m\u00e9ditation \u00e0 travers le monde o\u00f9 des \u00e9v\u00e8nements sont programm\u00e9s r\u00e9guli\u00e8rement. Inscrivez le nom de votre ville, votre \u00e9tat ou code postal pour trouver un lieu pr\u00e8s de chez vous.<\/h2>\n<p>[\/et_pb_text][\/et_pb_column][\/et_pb_row][\/et_pb_section][et_pb_section fb_built=\u00a0\u00bb1&Prime; disabled_on=\u00a0\u00bbon|off|off\u00a0\u00bb _builder_version=\u00a0\u00bb4.4.1&Prime; background_color=\u00a0\u00bb#e1b93b\u00a0\u00bb background_image=\u00a0\u00bbhttps:\/\/perf.stage.aws.wp.sos-dev.org\/wp-content\/uploads\/2018\/07\/footer-08.jpg\u00a0\u00bb background_enable_image=\u00a0\u00bboff\u00a0\u00bb width=\u00a0\u00bb100%\u00a0\u00bb custom_padding=\u00a0\u00bb35px|0px|35px|0px|false|false\u00a0\u00bb global_module=\u00a0\u00bb403&Prime; saved_tabs=\u00a0\u00bball\u00a0\u00bb collapsed=\u00a0\u00bboff\u00a0\u00bb][et_pb_row column_structure=\u00a0\u00bb1_4,1_4,1_4,1_4&Prime; make_equal=\u00a0\u00bbon\u00a0\u00bb module_class=\u00a0\u00bbsos-expanded-footer\u00a0\u00bb _builder_version=\u00a0\u00bb3.25&Prime;][et_pb_column type=\u00a0\u00bb1_4&Prime; _builder_version=\u00a0\u00bb3.25&Prime; custom_padding=\u00a0\u00bb|||\u00a0\u00bb custom_padding__hover=\u00a0\u00bb|||\u00a0\u00bb][et_pb_text admin_label=\u00a0\u00bbMeditation\u00a0\u00bb _builder_version=\u00a0\u00bb4.4.1&Prime; text_font=\u00a0\u00bbNunito|600|||||||\u00a0\u00bb text_text_color=\u00a0\u00bb#968743&Prime; text_font_size=\u00a0\u00bb13px\u00a0\u00bb header_font=\u00a0\u00bbNunito||||||||\u00a0\u00bb header_5_font=\u00a0\u00bbNunito|600|||||||\u00a0\u00bb header_6_font=\u00a0\u00bbNunito|600|||||||\u00a0\u00bb]<\/p>\n<h3>MEDITATION<\/h3>\n<p><a title=\"Spiritual Growth\" href=\"https:\/\/perf.stage.aws.wp.sos-dev.org\/fr\/spiritual-growth\/\">Spiritual Growth<\/a><\/p>\n<p><a title=\"Benefits of a Spiritual Guide\" href=\"https:\/\/perf.stage.aws.wp.sos-dev.org\/fr\/spiritual-guide\/\">Benefits of a Spiritual Guide<\/a><\/p>\n<p><a title=\"Health Benefits\" href=\"https:\/\/perf.stage.aws.wp.sos-dev.org\/fr\/benefits-of-meditation-2\/\">Health Benefits<\/a><\/p>\n<p><a title=\"Healthy Living\" href=\"https:\/\/perf.stage.aws.wp.sos-dev.org\/fr\/vegetarian-diet-and-vegetarian-meals\/\">Healthy Living<\/a><\/p>\n<p>&nbsp;[\/et_pb_text][\/et_pb_column][et_pb_column type=\u00a0\u00bb1_4&Prime; _builder_version=\u00a0\u00bb3.25&Prime; custom_padding=\u00a0\u00bb|||\u00a0\u00bb custom_padding__hover=\u00a0\u00bb|||\u00a0\u00bb][et_pb_text admin_label=\u00a0\u00bbAbout Us\u00a0\u00bb _builder_version=\u00a0\u00bb3.27.4&Prime; text_font=\u00a0\u00bbNunito|600|||||||\u00a0\u00bb text_text_color=\u00a0\u00bb#968743&Prime; text_font_size=\u00a0\u00bb17px\u00a0\u00bb header_font=\u00a0\u00bbNunito||||||||\u00a0\u00bb header_5_font=\u00a0\u00bbNunito|600|||||||\u00a0\u00bb header_6_font=\u00a0\u00bbNunito|600|||||||\u00a0\u00bb custom_margin=\u00a0\u00bb|||\u00a0\u00bb]<\/p>\n<h3>ABOUT US<\/h3>\n<p><a title=\"Our Organization\" href=\"https:\/\/perf.stage.aws.wp.sos-dev.org\/fr\/about-us\/\">Our Organization<\/a><\/p>\n<p><a title=\"International Meditation Center\" href=\"https:\/\/perf.stage.aws.wp.sos-dev.org\/fr\/western-headquarters\/\">International Meditation Center<\/a><\/p>\n<p>&nbsp;[\/et_pb_text][\/et_pb_column][et_pb_column type=\u00a0\u00bb1_4&Prime; _builder_version=\u00a0\u00bb3.25&Prime; custom_padding=\u00a0\u00bb|||\u00a0\u00bb custom_padding__hover=\u00a0\u00bb|||\u00a0\u00bb][et_pb_text admin_label=\u00a0\u00bbExplore\u00a0\u00bb _builder_version=\u00a0\u00bb3.29.3&Prime; text_font=\u00a0\u00bbNunito|600|||||||\u00a0\u00bb text_text_color=\u00a0\u00bb#968743&Prime; text_font_size=\u00a0\u00bb17px\u00a0\u00bb header_font=\u00a0\u00bbNunito||||||||\u00a0\u00bb header_5_font=\u00a0\u00bbNunito|600|||||||\u00a0\u00bb header_6_font=\u00a0\u00bbNunito|600|||||||\u00a0\u00bb]<\/p>\n<h3>EXPLORE<\/h3>\n<p><a title=\"Articles\" href=\"https:\/\/perf.stage.aws.wp.sos-dev.org\/fr\/articles-2\/\">Article<\/a><\/p>\n<p><a title=\"Videos\" href=\"https:\/\/perf.stage.aws.wp.sos-dev.org\/fr\/videos-2\/\">Videos<\/a><\/p>\n<p>&nbsp;[\/et_pb_text][\/et_pb_column][et_pb_column type=\u00a0\u00bb1_4&Prime; _builder_version=\u00a0\u00bb3.25&Prime; custom_padding=\u00a0\u00bb|||\u00a0\u00bb custom_padding__hover=\u00a0\u00bb|||\u00a0\u00bb][et_pb_text admin_label=\u00a0\u00bbMore\u00a0\u00bb _builder_version=\u00a0\u00bb4.4.6&Prime; text_font=\u00a0\u00bbNunito|600|||||||\u00a0\u00bb text_text_color=\u00a0\u00bb#968743&Prime; text_font_size=\u00a0\u00bb17px\u00a0\u00bb header_font=\u00a0\u00bbNunito||||||||\u00a0\u00bb header_5_font=\u00a0\u00bbNunito|600|||||||\u00a0\u00bb header_6_font=\u00a0\u00bbNunito|600|||||||\u00a0\u00bb]<\/p>\n<h3>MORE<\/h3>\n<p><a title=\"Spiritual Guide\" href=\"https:\/\/perf.stage.aws.wp.sos-dev.org\/fr\/spiritual-guide\/\">Spiritual Guide<\/a><\/p>\n<p><a title=\"Find Porgrams\" href=\"https:\/\/perf.stage.aws.wp.sos-dev.org\/fr\/find-programs-2\/\">Find Programs<\/a><\/p>\n<p><a title=\"Connect\" href=\"https:\/\/perf.stage.aws.wp.sos-dev.org\/fr\/contact-us-2\/\">Connect<\/a><\/p>\n<p><a title=\"Privacy Policy\" href=\"\/privacy-policy\/\">Privacy Policy<\/a><\/p>\n<p>&nbsp;[\/et_pb_text][\/et_pb_column][\/et_pb_row][\/et_pb_section][et_pb_section fb_built=\u00a0\u00bb1&Prime; _builder_version=\u00a0\u00bb3.22&Prime; custom_css_main_element=\u00a0\u00bbdisplay: none;||\u00a0\u00bb][et_pb_row _builder_version=\u00a0\u00bb3.25&Prime; background_size=\u00a0\u00bbinitial\u00a0\u00bb background_position=\u00a0\u00bbtop_left\u00a0\u00bb background_repeat=\u00a0\u00bbrepeat\u00a0\u00bb][et_pb_column type=\u00a0\u00bb4_4&Prime; _builder_version=\u00a0\u00bb3.25&Prime; custom_padding=\u00a0\u00bb|||\u00a0\u00bb custom_padding__hover=\u00a0\u00bb|||\u00a0\u00bb][et_pb_code admin_label=\u00a0\u00bbFind Programs JS Code\u00a0\u00bb _builder_version=\u00a0\u00bb4.4.6&Prime;]<\/p>\n<style><!-- [et_pb_line_break_holder] -->  a.sos-show-more-events-btn {<!-- [et_pb_line_break_holder] -->    display: none;<!-- [et_pb_line_break_holder] -->    color: #e1b93b;<!-- [et_pb_line_break_holder] -->  }<!-- [et_pb_line_break_holder] --><\/style>\n<p><!-- [et_pb_line_break_holder] --><script src=\"https:\/\/cdnjs.cloudflare.com\/ajax\/libs\/moment.js\/2.25.3\/moment-with-locales.min.js\"><\/script><!-- [et_pb_line_break_holder] --><script src=\"https:\/\/cdnjs.cloudflare.com\/ajax\/libs\/moment-timezone\/0.5.28\/moment-timezone-with-data-2012-2022.min.js\"><\/script><!-- [et_pb_line_break_holder] --><!-- [et_pb_line_break_holder] --><script src='https:\/\/maps.googleapis.com\/maps\/api\/js?v=3.exp&#038;key=AIzaSyDnRoyCxAwNrD9WVFB0TFptucIOPMFSCJM&#038;libraries=places'><\/script><!-- [et_pb_line_break_holder] --><!-- [et_pb_line_break_holder] --><script src=\"https:\/\/cdnjs.cloudflare.com\/ajax\/libs\/handlebars.js\/4.0.11\/handlebars.min.js\"><\/script><!-- [et_pb_line_break_holder] --><!-- [et_pb_line_break_holder] --><script id=\"sos-program-template\" type=\"text\/x-handlebars-template\"><!-- [et_pb_line_break_holder] -->{{#each locations}}<!-- [et_pb_line_break_holder] --> <\/p>\n<div class=\"sos-program-wrapper\"><!-- [et_pb_line_break_holder] --> <\/p>\n<div class=\"sos-program-left-section\"><!-- [et_pb_line_break_holder] --> <\/p>\n<div class=\"sos-program-type\"><!-- [et_pb_line_break_holder] --> {{LocationType}}<!-- [et_pb_line_break_holder] --> <\/div>\n<p><!-- [et_pb_line_break_holder] --> {{#if IsCenterOrMeeting}}<!-- [et_pb_line_break_holder] --> <\/p>\n<div class=\"sos-program-location-name\"><!-- [et_pb_line_break_holder] --> {{LocationName}}<!-- [et_pb_line_break_holder] --> <\/div>\n<p><!-- [et_pb_line_break_holder] --> {{\/if}}<!-- [et_pb_line_break_holder] --> {{#if IsEvent}}<!-- [et_pb_line_break_holder] --> <\/p>\n<div class=\"sos-event-lg sos-program-event-month\"><!-- [et_pb_line_break_holder] --> {{EventMonth}}<!-- [et_pb_line_break_holder] --> <\/div>\n<p><!-- [et_pb_line_break_holder] --> <\/p>\n<div class=\"sos-event-lg sos-program-event-date\"><!-- [et_pb_line_break_holder] --> {{EventDate}}<!-- [et_pb_line_break_holder] --> <\/div>\n<p><!-- [et_pb_line_break_holder] --> <\/p>\n<div class=\"sos-event-lg sos-program-event-year\"><!-- [et_pb_line_break_holder] --> {{EventYear}}<!-- [et_pb_line_break_holder] --> <\/div>\n<p><!-- [et_pb_line_break_holder] --> <\/p>\n<div class=\"sos-event-sm sos-program-event-date\"><!-- [et_pb_line_break_holder] --> {{EventMonth}} {{EventDate}}, {{EventYear}}<!-- [et_pb_line_break_holder] --> <\/div>\n<p><!-- [et_pb_line_break_holder] --> {{\/if}}<!-- [et_pb_line_break_holder] --> <\/div>\n<p><!-- [et_pb_line_break_holder] --> <\/p>\n<div class=\"sos-program-center-section\"><!-- [et_pb_line_break_holder] --> <\/p>\n<div class=\"sos-program-location-details\"><!-- [et_pb_line_break_holder] --> <\/p>\n<div class=\"sos-program-event-name\"><!-- [et_pb_line_break_holder] --> {{#if IsEvent}}<!-- [et_pb_line_break_holder] --> <\/p>\n<h2> {{LocationName}}<\/h2>\n<p><!-- [et_pb_line_break_holder] --> {{\/if}}<!-- [et_pb_line_break_holder] --> {{#if IsCenterOrMeeting}}<!-- [et_pb_line_break_holder] --> <\/p>\n<h2 class=\"sos-program-title-filler\">\u00a0<\/h2>\n<p><!-- [et_pb_line_break_holder] --> {{\/if}}<!-- [et_pb_line_break_holder] --><\/div>\n<p><!-- [et_pb_line_break_holder] --> <\/p>\n<div class=\"sos-program-location-locale\">{{PrimaryLocale}}<\/div>\n<p><!-- [et_pb_line_break_holder] --> <\/p>\n<div class=\"sos-program-location-address\"> Address: {{Address1}}, {{#if Address2}} {{Address2}}, {{\/if}} <!-- [et_pb_line_break_holder] --> {{#if City}} {{City}}, {{\/if}} {{#if State}} {{State}}, {{\/if}}<!-- [et_pb_line_break_holder] --> {{#if Country}} {{Country}} {{\/if}} {{#if ZipCode}} ,{{ZipCode}} {{\/if}}<!-- [et_pb_line_break_holder] --><\/div>\n<p><!-- [et_pb_line_break_holder] --> <\/p>\n<div class=\"sos-program-location-contact\"><!-- [et_pb_line_break_holder] --> Contact: {{#if ContactName}} {{ContactName}} | {{\/if}} {{#if ContactPhone}} {{ContactPhone}} | {{\/if}} {{ContactEmail}}<!-- [et_pb_line_break_holder] --><\/div>\n<p><!-- [et_pb_line_break_holder] --> <\/div>\n<p><!-- [et_pb_line_break_holder] --> <\/div>\n<p><!-- [et_pb_line_break_holder] --> <\/p>\n<div class=\"sos-program-right-section\"><!-- [et_pb_line_break_holder] --> <\/p>\n<div class=\"sos-program-link-wrapper\"><!-- [et_pb_line_break_holder] --> <a class=\"sos-program-view-link\" href=\"{{LocationURL}}\"><!-- [et_pb_line_break_holder] --> View Details<!-- [et_pb_line_break_holder] --> <\/a><!-- [et_pb_line_break_holder] --> <\/div>\n<p><!-- [et_pb_line_break_holder] --> <\/div>\n<p><!-- [et_pb_line_break_holder] --> <\/p>\n<div style=\"clear: both;\"><\/div>\n<p><!-- [et_pb_line_break_holder] --> <\/div>\n<p><!-- [et_pb_line_break_holder] --> {{\/each}}<!-- [et_pb_line_break_holder] --><\/script><!-- [et_pb_line_break_holder] --><!-- [et_pb_line_break_holder] --><!-- [et_pb_line_break_holder] --><script id=\"sos-online-program-template\" type=\"text\/x-handlebars-template\"><!-- [et_pb_line_break_holder] -->{{#each locations}}<!-- [et_pb_line_break_holder] --> <\/p>\n<div class=\"sos-program-wrapper {{#if IsOverflowing }} sos-more-programs {{\/if}}\"><!-- [et_pb_line_break_holder] --> <\/p>\n<div class=\"sos-program-left-section\"><!-- [et_pb_line_break_holder] --> <\/p>\n<div class=\"sos-program-type\"><!-- [et_pb_line_break_holder] --> Online Event<!-- [et_pb_line_break_holder] --> <\/div>\n<p><!-- [et_pb_line_break_holder] --> {{#if IsCenterOrMeeting}}<!-- [et_pb_line_break_holder] --> <\/p>\n<div class=\"sos-program-location-name\"><!-- [et_pb_line_break_holder] --> {{LocationName}}<!-- [et_pb_line_break_holder] --> <\/div>\n<p><!-- [et_pb_line_break_holder] --> {{\/if}}<!-- [et_pb_line_break_holder] --> {{#if IsEvent}}<!-- [et_pb_line_break_holder] --> <\/p>\n<div class=\"sos-event-lg sos-program-event-month\"><!-- [et_pb_line_break_holder] --> {{EventMonth}}<!-- [et_pb_line_break_holder] --> <\/div>\n<p><!-- [et_pb_line_break_holder] --> <\/p>\n<div class=\"sos-event-lg sos-program-event-date\"><!-- [et_pb_line_break_holder] --> {{EventDate}}<!-- [et_pb_line_break_holder] --> <\/div>\n<p><!-- [et_pb_line_break_holder] --> <\/p>\n<div class=\"sos-event-lg sos-program-event-year\"><!-- [et_pb_line_break_holder] --> {{EventYear}}<!-- [et_pb_line_break_holder] --> <\/div>\n<p><!-- [et_pb_line_break_holder] --> <\/p>\n<div class=\"sos-event-sm sos-program-event-date\"><!-- [et_pb_line_break_holder] --> {{EventMonth}} {{EventDate}}, {{EventYear}}<!-- [et_pb_line_break_holder] --> <\/div>\n<p><!-- [et_pb_line_break_holder] --> {{\/if}}<!-- [et_pb_line_break_holder] --> <\/div>\n<p><!-- [et_pb_line_break_holder] --> <\/p>\n<div class=\"sos-program-center-section\"><!-- [et_pb_line_break_holder] --> <\/p>\n<div class=\"sos-program-location-details\"><!-- [et_pb_line_break_holder] --> <\/p>\n<div class=\"sos-program-event-name\"><!-- [et_pb_line_break_holder] --> {{#if IsEvent}}<!-- [et_pb_line_break_holder] --> <\/p>\n<h2> {{LocationName}}<\/h2>\n<p><!-- [et_pb_line_break_holder] --> {{\/if}}<!-- [et_pb_line_break_holder] --> {{#if IsCenterOrMeeting}}<!-- [et_pb_line_break_holder] --> <\/p>\n<h2 class=\"sos-program-title-filler\">\u00a0<\/h2>\n<p><!-- [et_pb_line_break_holder] --> {{\/if}}<!-- [et_pb_line_break_holder] --><\/div>\n<p><!-- [et_pb_line_break_holder] --> <\/p>\n<div class=\"sos-program-event-date-time\">{{OnlineEventDateTime}}<\/div>\n<p><!-- [et_pb_line_break_holder] --> <\/p>\n<div class=\"sos-program-location-locale\">{{PrimaryLocale}}<\/div>\n<p> <!-- [et_pb_line_break_holder] --> <\/div>\n<p><!-- [et_pb_line_break_holder] --> <\/div>\n<p><!-- [et_pb_line_break_holder] --> <\/p>\n<div class=\"sos-program-right-section\"><!-- [et_pb_line_break_holder] --> <\/p>\n<div class=\"sos-program-link-wrapper\"><!-- [et_pb_line_break_holder] --> <a class=\"sos-program-view-link\" href=\"{{LocationURL}}\"><!-- [et_pb_line_break_holder] --> View Details<!-- [et_pb_line_break_holder] --> <\/a><!-- [et_pb_line_break_holder] --> <\/div>\n<p><!-- [et_pb_line_break_holder] --> <\/div>\n<p><!-- [et_pb_line_break_holder] --> <\/p>\n<div style=\"clear: both;\"><\/div>\n<p><!-- [et_pb_line_break_holder] --> <\/div>\n<p><!-- [et_pb_line_break_holder] --> {{\/each}}<!-- [et_pb_line_break_holder] --><\/script><!-- [et_pb_line_break_holder] --><!-- [et_pb_line_break_holder] --><!-- [et_pb_line_break_holder] --><script type=\"text\/javascript\" src=\"\/wp-content\/themes\/DiviSOS\/js\/js.cookie-2.2.0.min.js\" ><\/script><!-- [et_pb_line_break_holder] --><!-- [et_pb_line_break_holder] --><script type=\"text\/javascript\" src=\"\/wp-content\/themes\/DiviSOS\/js\/sos-language-codes.js\" ><\/script><!-- [et_pb_line_break_holder] --><!-- [et_pb_line_break_holder] --><script type=\"text\/javascript\" src=\"\/wp-content\/themes\/DiviSOS\/js\/sos-programs-page.js?v=1.7\" ><\/script><!-- [et_pb_line_break_holder] --><!-- [et_pb_line_break_holder] --><script type=\"text\/javascript\" src=\"\/wp-content\/themes\/DiviSOS\/js\/sos-upcoming-online-events-page.js?v=1.6\" ><\/script><!-- [et_pb_line_break_holder] -->[\/et_pb_code][\/et_pb_column][\/et_pb_row][\/et_pb_section]<\/p>\n","protected":false},"excerpt":{"rendered":"<p>[et_pb_section fb_built=\u00a0\u00bb1&Prime; fullwidth=\u00a0\u00bbon\u00a0\u00bb module_class=\u00a0\u00bbsos-page-preloader\u00a0\u00bb _builder_version=\u00a0\u00bb3.26.6&Prime; custom_padding=\u00a0\u00bb160px|0px|224px|0px|false|false\u00a0\u00bb][et_pb_fullwidth_code _builder_version=\u00a0\u00bb3.19.2&Prime;][\/et_pb_fullwidth_code][\/et_pb_section][et_pb_section fb_built=\u00a0\u00bb1&Prime; module_class=\u00a0\u00bbsos-page-loaded-section sos-marble-bg\u00a0\u00bb _builder_version=\u00a0\u00bb3.26.6&Prime; background_color=\u00a0\u00bb#e8e4d4&Prime; background_enable_image=\u00a0\u00bboff\u00a0\u00bb parallax=\u00a0\u00bbon\u00a0\u00bb parallax_method=\u00a0\u00bboff\u00a0\u00bb][et_pb_row module_class=\u00a0\u00bb et_pb_row_fullwidth\u00a0\u00bb _builder_version=\u00a0\u00bb3.25&Prime; width=\u00a0\u00bb89%\u00a0\u00bb width_tablet=\u00a0\u00bb80%\u00a0\u00bb width_phone=\u00a0\u00bb\u00a0\u00bb width_last_edited=\u00a0\u00bbon|desktop\u00a0\u00bb max_width=\u00a0\u00bb89%\u00a0\u00bb max_width_tablet=\u00a0\u00bb80%\u00a0\u00bb max_width_phone=\u00a0\u00bb\u00a0\u00bb max_width_last_edited=\u00a0\u00bbon|desktop\u00a0\u00bb make_fullwidth=\u00a0\u00bbon\u00a0\u00bb][et_pb_column type=\u00a0\u00bb4_4&Prime; _builder_version=\u00a0\u00bb3.25&Prime; custom_padding=\u00a0\u00bb|||\u00a0\u00bb custom_padding__hover=\u00a0\u00bb|||\u00a0\u00bb][et_pb_text admin_label=\u00a0\u00bbProgram cancel note\u00a0\u00bb _builder_version=\u00a0\u00bb4.4.6&Prime; text_font=\u00a0\u00bb|700|||||||\u00a0\u00bb text_font_size=\u00a0\u00bb20px\u00a0\u00bb text_orientation=\u00a0\u00bbcenter\u00a0\u00bb custom_padding=\u00a0\u00bb10px||10px||false|false\u00a0\u00bb] En raison des inqui\u00e9tudes concernant le coronavirus, tous les \u00e9v\u00e9nements et programmes publics de la Science [&hellip;]<\/p>\n","protected":false},"author":1,"featured_media":0,"parent":0,"menu_order":0,"comment_status":"closed","ping_status":"closed","template":"","meta":{"_et_pb_use_builder":"on","_et_pb_old_content":"","_et_gb_content_width":""},"_links":{"self":[{"href":"https:\/\/perf.stage.aws.cdn.wp.sos-dev.org\/fr\/wp-json\/wp\/v2\/pages\/3658"}],"collection":[{"href":"https:\/\/perf.stage.aws.cdn.wp.sos-dev.org\/fr\/wp-json\/wp\/v2\/pages"}],"about":[{"href":"https:\/\/perf.stage.aws.cdn.wp.sos-dev.org\/fr\/wp-json\/wp\/v2\/types\/page"}],"author":[{"embeddable":true,"href":"https:\/\/perf.stage.aws.cdn.wp.sos-dev.org\/fr\/wp-json\/wp\/v2\/users\/1"}],"replies":[{"embeddable":true,"href":"https:\/\/perf.stage.aws.cdn.wp.sos-dev.org\/fr\/wp-json\/wp\/v2\/comments?post=3658"}],"version-history":[{"count":7,"href":"https:\/\/perf.stage.aws.cdn.wp.sos-dev.org\/fr\/wp-json\/wp\/v2\/pages\/3658\/revisions"}],"predecessor-version":[{"id":36872,"href":"https:\/\/perf.stage.aws.cdn.wp.sos-dev.org\/fr\/wp-json\/wp\/v2\/pages\/3658\/revisions\/36872"}],"wp:attachment":[{"href":"https:\/\/perf.stage.aws.cdn.wp.sos-dev.org\/fr\/wp-json\/wp\/v2\/media?parent=3658"}],"curies":[{"name":"wp","href":"https:\/\/api.w.org\/{rel}","templated":true}]}}