{"id":3656,"date":"2018-08-04T07:56:59","date_gmt":"2018-08-04T12:56:59","guid":{"rendered":"https:\/\/perf.stage.aws.wp.sos-dev.org\/privacy-policy-2\/"},"modified":"2018-12-30T13:14:44","modified_gmt":"2018-12-30T13:14:44","slug":"privacy-policy-2","status":"publish","type":"page","link":"https:\/\/perf.stage.aws.cdn.wp.sos-dev.org\/fr\/privacy-policy-2\/","title":{"rendered":"Politique de confidentialit\u00e9"},"content":{"rendered":"<p>[et_pb_section bb_built=\u00a0\u00bb1&Prime; _builder_version=\u00a0\u00bb3.0.47&Prime; next_background_color=\u00a0\u00bb#000000&Prime;][et_pb_row _builder_version=\u00a0\u00bb3.0.48&Prime; background_size=\u00a0\u00bbinitial\u00a0\u00bb background_position=\u00a0\u00bbtop_left\u00a0\u00bb background_repeat=\u00a0\u00bbrepeat\u00a0\u00bb][et_pb_column type=\u00a0\u00bb4_4&Prime;][et_pb_text admin_label=\u00a0\u00bbPrivacy Policy Heading\u00a0\u00bb module_class=\u00a0\u00bbpage-title\u00a0\u00bb _builder_version=\u00a0\u00bb3.10&Prime;]<\/p>\n<h1 class=\"sos-uj-page-title\">Politique de confidentialit\u00e9<\/h1>\n<p>[\/et_pb_text][\/et_pb_column][\/et_pb_row][\/et_pb_section][et_pb_section bb_built=\u00a0\u00bb1&Prime; _builder_version=\u00a0\u00bb3.0.47&Prime; custom_padding=\u00a0\u00bb0|0px|0|0px|false|false\u00a0\u00bb prev_background_color=\u00a0\u00bb#000000&Prime; next_background_color=\u00a0\u00bb#f1d575&Prime;][et_pb_row custom_padding=\u00a0\u00bb0|0px|27px|0px|false|false\u00a0\u00bb _builder_version=\u00a0\u00bb3.7&Prime; background_size=\u00a0\u00bbinitial\u00a0\u00bb background_position=\u00a0\u00bbtop_left\u00a0\u00bb background_repeat=\u00a0\u00bbrepeat\u00a0\u00bb module_alignment=\u00a0\u00bbcenter\u00a0\u00bb][et_pb_column type=\u00a0\u00bb4_4&Prime;][et_pb_text admin_label=\u00a0\u00bbPrivacy Policy Contents\u00a0\u00bb _builder_version=\u00a0\u00bb3.10.1&Prime;]<\/p>\n<p> La Science de la Spiritualit\u00e9 met \u00e0 la disposition de ses membres ainsi que de toutes personnes int\u00e9ress\u00e9es par Ses enseignements toutes les informations utiles sur son site web \u2013 www.sos.org<\/p>\n<h2>Le comit\u00e9 de communication<\/h2>\n<p> Le comit\u00e9 de communication passe en revue tous les contenus pr\u00e9sents sur le site web afin de s\u2019assurer de leur exactitude et de leur pertinence. Les commentaires et suggestions relatifs \u00e0 notre site web doivent \u00eatre adress\u00e9s \u00e0 notre comit\u00e9 de communication. Vos suggestions et vos commentaires seront examin\u00e9s et pris en compte par le comit\u00e9. Ce dernier se r\u00e9serve n\u00e9anmoins le droit d\u2019accepter, de d\u00e9cliner, d\u2019\u00e9diter, de publier ou de ne pas r\u00e9pondre \u00e0 tout commentaire envoy\u00e9. Envoyez vos commentaires \u00e0 soswebsite@sos.org<\/p>\n<h2>Les liens<\/h2>\n<p> Le site de la Science de la Spiritualit\u00e9 contient des liens qui vous redirigent vers d\u2019autres pages web qui peuvent pr\u00e9senter un int\u00e9r\u00eat pour nos membres et pour les visiteurs de notre site. La Science de la Spiritualit\u00e9 d\u00e9cline toute responsabilit\u00e9 concernant les contenus et les pratiques de ces sites web externes. Leur politique de confidentialit\u00e9 est distincte de la n\u00f4tre et devrait \u00eatre attentivement lue par vous, si vous \u00eates attach\u00e9s au respect de votre vie priv\u00e9e. <\/p>\n<h2>La propri\u00e9t\u00e9<\/h2>\n<p> Tous les contenus et les images diffus\u00e9s sur le site web de la Science de la Spiritualit\u00e9, y compris, et de mani\u00e8re non exhaustive, les textes, les images, les graphiques, les logos, les marques d\u00e9pos\u00e9es et les marques de service, sont, sauf indication contraire, la propri\u00e9t\u00e9 de la Science de la Spiritualit\u00e9. Sans autorisation \u00e9crite de la Science de la Spiritualit\u00e9, toute reproduction, publication, distribution ou transmission de ces contenus est interdite.<\/p>\n<h2>Politique de confidentialit\u00e9<\/h2>\n<p> La Science de la Spiritualit\u00e9 respecte la vie priv\u00e9e des usagers de son site web. La Science de la Spiritualit\u00e9 collecte des informations personnelles sur ses usagers en vue de r\u00e9pondre \u00e0 des demandes d\u2019information, d\u2019effectuer des op\u00e9rations telles que l\u2019exp\u00e9dition de publications, de conserver les adresses, les mails et les num\u00e9ros de t\u00e9l\u00e9phone pour notre livre d\u2019or, de maintenir ses membres et les visiteurs inform\u00e9s de nos activit\u00e9s et de nos programmes et, enfin, de diffuser les livres, m\u00e9dias et autres publications relatifs \u00e0 la mission. Toutes les donn\u00e9es enregistr\u00e9es sur le site ne seront utilis\u00e9es que dans les buts ci-dessus mentionn\u00e9s.<\/p>\n<h2>Collecte d\u2019information, utilisation et partage<\/h2>\n<p> Nous ne collectons que les donn\u00e9es que vous nous avez adress\u00e9es volontairement par mail ou par tout autre moyen. Nous ne vendons ni ne louons ces donn\u00e9es \u00e0 quiconque. Sous r\u00e9serve des dispositions suivantes, notre politique est de maintenir ces donn\u00e9es confidentielles, sauf consentement contraire de votre part ou s\u2019il nous faut les partager afin de traiter une demande que vous nous avez adress\u00e9e ou vous apporter une r\u00e9ponse lorsque vous nous avez contact\u00e9s. Nous ne partageons pas vos donn\u00e9es avec des personnes ext\u00e9rieures \u00e0 notre organisation, \u00e0 l\u2019exception de celles qui nous sont affili\u00e9es telles que SK publications ; cela, dans la limite de ce qui est n\u00e9cessaire pour r\u00e9pondre \u00e0 votre demande, vous d\u00e9livrez l\u2019information demand\u00e9e ou mettre \u00e0 disposition des livres, de la litt\u00e9rature ou tout autre m\u00e9dia relatifs \u00e0 la Science de la Spiritualit\u00e9 ou \u00e0 ses enseignements qui sont publi\u00e9s ou r\u00e9alis\u00e9s par un tiers prestataire ; de fournir les informations n\u00e9cessaires \u00e0 un prestataire de service, un vendeur, une banque, un sous-traitant ext\u00e9rieur en vue de traiter votre demande ou d\u2019observer les dispositions l\u00e9gales.<\/p>\n<h2>D\u00e9sabonnement\/Modifications<\/h2>\n<p> Vous pouvez, \u00e0 tout moment, en prenant contact avec nous, vous d\u00e9sabonnez afin de ne plus \u00eatre contact\u00e9 \u00e0 l\u2019avenir ou modifier vos donn\u00e9es telles que votre adresse ou votre mail Si nous vous avons contact\u00e9 ou vous avons adress\u00e9 un mail \u00e0 la suite d\u2019une demande effectu\u00e9e par vous sur notre site web, vous pouvez vous d\u00e9sabonner en nous envoyant un mail \u00e0 l\u2019adresse mentionn\u00e9e en vous identifiant, en nous communiquant une adresse mail et en d\u00e9clarant que vous aimeriez ne plus \u00eatre contact\u00e9 par nous.<\/p>\n<h2>Correction des informations erron\u00e9es<\/h2>\n<p> La Science de la Spiritualit\u00e9 souhaite que toutes les informations pr\u00e9sent\u00e9es sur son site web soient correctes. Cependant, elle ne peut garantir que cela sera toujours le cas. Si des inexactitudes apparaissent dans nos contenus, nous r\u00e9agirons en le corrigeant d\u00e8s qu\u2019elles seront port\u00e9es \u00e0 notre attention et apr\u00e8s v\u00e9rification. Pour nous rapporter des inexactitudes ou des probl\u00e8mes concernant notre site web, contactez notre comit\u00e9 de communication \u00e0 l\u2019adresse mail mentionn\u00e9e ci-dessus.<\/p>\n<h2>Logiciels malveillants et virus<\/h2>\n<p> La Science de la Spiritualit\u00e9 d\u00e9cline toute responsabilit\u00e9 pour les virus infectant ou endommageant un \u00e9quipement informatique, des dossiers de donn\u00e9es ou des programmes des utilisateurs qui acc\u00e8dent ou naviguent sur notre site web ou y t\u00e9l\u00e9chargent des contenus, des donn\u00e9es, des textes, des images ou tout autre contenu.<\/p>\n<h2>Modifications<\/h2>\n<p> Nous nous r\u00e9servons le droit de modifier notre site web ou notre politique de confidentialit\u00e9, lesquelles modifications seront affich\u00e9es dans notre site web. <\/p>\n<p>[\/et_pb_text][\/et_pb_column][\/et_pb_row][\/et_pb_section][et_pb_section bb_built=\u00a0\u00bb1&Prime; disabled_on=\u00a0\u00bbon|off|off\u00a0\u00bb _builder_version=\u00a0\u00bb3.10&Prime; background_color=\u00a0\u00bb#f1d575&Prime; custom_padding=\u00a0\u00bb35px|0px|35px|0px|false|false\u00a0\u00bb saved_tabs=\u00a0\u00bball\u00a0\u00bb background_image=\u00a0\u00bbhttps:\/\/perf.stage.aws.wp.sos-dev.org\/wp-content\/uploads\/2018\/07\/footer-08.jpg\u00a0\u00bb prev_background_color=\u00a0\u00bb#ffffff\u00a0\u00bb global_module=\u00a0\u00bb403&Prime;][et_pb_row global_parent=\u00a0\u00bb403&Prime; make_equal=\u00a0\u00bbon\u00a0\u00bb module_class=\u00a0\u00bbsos-expanded-footer\u00a0\u00bb _builder_version=\u00a0\u00bb3.9&Prime;][et_pb_column type=\u00a0\u00bb1_4&Prime;][et_pb_text global_parent=\u00a0\u00bb403&Prime; _builder_version=\u00a0\u00bb3.10.1&Prime; text_font=\u00a0\u00bbNunito|600|||||||\u00a0\u00bb text_text_color=\u00a0\u00bb#968743&Prime; text_font_size=\u00a0\u00bb13px\u00a0\u00bb header_font=\u00a0\u00bbNunito||||||||\u00a0\u00bb header_5_font=\u00a0\u00bbNunito|600|||||||\u00a0\u00bb header_6_font=\u00a0\u00bbNunito|600|||||||\u00a0\u00bb]<\/p>\n<h3>MEDITATION<\/h3>\n<p><a title=\"Health Benefits\" href=\"\/benefits-of-meditation\/\">Health Benefits<\/a><\/p>\n<p><a title=\"Spiritual Growth\" href=\"\/spiritual-awakening-with-meditation\/\">Spiritual Growth<\/a><\/p>\n<p><a title=\"Benefits of a Spiritual Guide\" href=\"\/learn-how-to-meditate\/\">Benefits of a Spiritual Guide<\/a><\/p>\n<p><a title=\"Healthy Living\" href=\"\/healthy-living-and-vegetarian-diet\/\">Healthy Living<\/a><\/p>\n<p>[\/et_pb_text][\/et_pb_column][et_pb_column type=\u00a0\u00bb1_4&Prime;][et_pb_text global_parent=\u00a0\u00bb403&Prime; _builder_version=\u00a0\u00bb3.10.1&Prime; text_font=\u00a0\u00bbNunito|600|||||||\u00a0\u00bb text_text_color=\u00a0\u00bb#968743&Prime; text_font_size=\u00a0\u00bb17px\u00a0\u00bb header_font=\u00a0\u00bbNunito||||||||\u00a0\u00bb header_5_font=\u00a0\u00bbNunito|600|||||||\u00a0\u00bb header_6_font=\u00a0\u00bbNunito|600|||||||\u00a0\u00bb custom_margin=\u00a0\u00bb|||\u00a0\u00bb]<\/p>\n<h3>ABOUT US<\/h3>\n<p><a title=\"Our Organization\" href=\"\/our-organization\">Our Organization<\/a><\/p>\n<p><a title=\"Western Headquarters\" href=\"\/our-new-center\/\">Western Headquarters<\/a><\/p>\n<p>[\/et_pb_text][\/et_pb_column][et_pb_column type=\u00a0\u00bb1_4&Prime;][et_pb_text global_parent=\u00a0\u00bb403&Prime; _builder_version=\u00a0\u00bb3.10.1&Prime; text_font=\u00a0\u00bbNunito|600|||||||\u00a0\u00bb text_text_color=\u00a0\u00bb#968743&Prime; text_font_size=\u00a0\u00bb17px\u00a0\u00bb header_font=\u00a0\u00bbNunito||||||||\u00a0\u00bb header_5_font=\u00a0\u00bbNunito|600|||||||\u00a0\u00bb header_6_font=\u00a0\u00bbNunito|600|||||||\u00a0\u00bb]<\/p>\n<h3>EXPLORE<\/h3>\n<p><a title=\"Articles\" href=\"\/articles\/\">Articles<\/a><\/p>\n<p><a title=\"Videos\" href=\"\/videos\/\">Videos<\/a><\/p>\n<p>[\/et_pb_text][\/et_pb_column][et_pb_column type=\u00a0\u00bb1_4&Prime;][et_pb_text global_parent=\u00a0\u00bb403&Prime; _builder_version=\u00a0\u00bb3.10.1&Prime; text_font=\u00a0\u00bbNunito|600|||||||\u00a0\u00bb text_text_color=\u00a0\u00bb#968743&Prime; text_font_size=\u00a0\u00bb17px\u00a0\u00bb header_font=\u00a0\u00bbNunito||||||||\u00a0\u00bb header_5_font=\u00a0\u00bbNunito|600|||||||\u00a0\u00bb header_6_font=\u00a0\u00bbNunito|600|||||||\u00a0\u00bb]<\/p>\n<h3>MORE<\/h3>\n<p><a title=\"Spiritual Guide\" href=\"\/learn-how-to-meditate\/\">Spiritual Guide<\/a><\/p>\n<p><a title=\"Find Programs\" href=\"\/find-programs\/\">Find Programs<\/a><\/p>\n<p><a title=\"Connect\" href=\"\/contact-us\/\">Connect<\/a><\/p>\n<p><a title=\"Privacy Policy\" href=\"\/?page_id=78\">Privacy Policy<\/a><\/p>\n<p>[\/et_pb_text][\/et_pb_column][\/et_pb_row][\/et_pb_section]<\/p>\n","protected":false},"excerpt":{"rendered":"<p>[et_pb_section bb_built=\u00a0\u00bb1&Prime; _builder_version=\u00a0\u00bb3.0.47&Prime; next_background_color=\u00a0\u00bb#000000&Prime;][et_pb_row _builder_version=\u00a0\u00bb3.0.48&Prime; background_size=\u00a0\u00bbinitial\u00a0\u00bb background_position=\u00a0\u00bbtop_left\u00a0\u00bb background_repeat=\u00a0\u00bbrepeat\u00a0\u00bb][et_pb_column type=\u00a0\u00bb4_4&Prime;][et_pb_text admin_label=\u00a0\u00bbPrivacy Policy Heading\u00a0\u00bb module_class=\u00a0\u00bbpage-title\u00a0\u00bb _builder_version=\u00a0\u00bb3.10&Prime;] Politique de confidentialit\u00e9 [\/et_pb_text][\/et_pb_column][\/et_pb_row][\/et_pb_section][et_pb_section bb_built=\u00a0\u00bb1&Prime; _builder_version=\u00a0\u00bb3.0.47&Prime; custom_padding=\u00a0\u00bb0|0px|0|0px|false|false\u00a0\u00bb prev_background_color=\u00a0\u00bb#000000&Prime; next_background_color=\u00a0\u00bb#f1d575&Prime;][et_pb_row custom_padding=\u00a0\u00bb0|0px|27px|0px|false|false\u00a0\u00bb _builder_version=\u00a0\u00bb3.7&Prime; background_size=\u00a0\u00bbinitial\u00a0\u00bb background_position=\u00a0\u00bbtop_left\u00a0\u00bb background_repeat=\u00a0\u00bbrepeat\u00a0\u00bb module_alignment=\u00a0\u00bbcenter\u00a0\u00bb][et_pb_column type=\u00a0\u00bb4_4&Prime;][et_pb_text admin_label=\u00a0\u00bbPrivacy Policy Contents\u00a0\u00bb _builder_version=\u00a0\u00bb3.10.1&Prime;] La Science de la Spiritualit\u00e9 met \u00e0 la disposition de ses membres ainsi que de toutes personnes int\u00e9ress\u00e9es par Ses enseignements [&hellip;]<\/p>\n","protected":false},"author":1,"featured_media":0,"parent":0,"menu_order":0,"comment_status":"closed","ping_status":"closed","template":"","meta":{"_et_pb_use_builder":"on","_et_pb_old_content":"","_et_gb_content_width":""},"_links":{"self":[{"href":"https:\/\/perf.stage.aws.cdn.wp.sos-dev.org\/fr\/wp-json\/wp\/v2\/pages\/3656"}],"collection":[{"href":"https:\/\/perf.stage.aws.cdn.wp.sos-dev.org\/fr\/wp-json\/wp\/v2\/pages"}],"about":[{"href":"https:\/\/perf.stage.aws.cdn.wp.sos-dev.org\/fr\/wp-json\/wp\/v2\/types\/page"}],"author":[{"embeddable":true,"href":"https:\/\/perf.stage.aws.cdn.wp.sos-dev.org\/fr\/wp-json\/wp\/v2\/users\/1"}],"replies":[{"embeddable":true,"href":"https:\/\/perf.stage.aws.cdn.wp.sos-dev.org\/fr\/wp-json\/wp\/v2\/comments?post=3656"}],"version-history":[{"count":3,"href":"https:\/\/perf.stage.aws.cdn.wp.sos-dev.org\/fr\/wp-json\/wp\/v2\/pages\/3656\/revisions"}],"predecessor-version":[{"id":4008,"href":"https:\/\/perf.stage.aws.cdn.wp.sos-dev.org\/fr\/wp-json\/wp\/v2\/pages\/3656\/revisions\/4008"}],"wp:attachment":[{"href":"https:\/\/perf.stage.aws.cdn.wp.sos-dev.org\/fr\/wp-json\/wp\/v2\/media?parent=3656"}],"curies":[{"name":"wp","href":"https:\/\/api.w.org\/{rel}","templated":true}]}}