{"id":22986,"date":"2019-11-16T09:48:26","date_gmt":"2019-11-16T15:48:26","guid":{"rendered":"https:\/\/perf.stage.aws.wp.sos-dev.org\/connect-form\/"},"modified":"2020-06-29T12:33:17","modified_gmt":"2020-06-29T17:33:17","slug":"connect-form","status":"publish","type":"page","link":"https:\/\/perf.stage.aws.cdn.wp.sos-dev.org\/fr\/connect-form\/","title":{"rendered":"Formulaire de connexion"},"content":{"rendered":"<p>[et_pb_section fb_built=\u00a0\u00bb1&Prime; _builder_version=\u00a0\u00bb3.29.3&Prime;][et_pb_row _builder_version=\u00a0\u00bb3.29.3&Prime;][et_pb_column type=\u00a0\u00bb4_4&Prime; _builder_version=\u00a0\u00bb3.29.3&Prime;][et_pb_text _builder_version=\u00a0\u00bb3.29.3&Prime;]<\/p>\n<h1 style=\"text-align: center;\">S&rsquo;inscrire et en savoir plus<\/h1>\n<p>[\/et_pb_text][et_pb_sos_contact_form captcha=\u00a0\u00bboff\u00a0\u00bb success_message=\u00a0\u00bbThanks for contacting us.\u00a0\u00bb _builder_version=\u00a0\u00bb4.4.6&Prime; max_width=\u00a0\u00bb80%\u00a0\u00bb max_width_tablet=\u00a0\u00bb\u00a0\u00bb max_width_phone=\u00a0\u00bb\u00a0\u00bb max_width_last_edited=\u00a0\u00bbon|desktop\u00a0\u00bb module_alignment=\u00a0\u00bbcenter\u00a0\u00bb min_height=\u00a0\u00bb400px\u00a0\u00bb min_height_tablet=\u00a0\u00bb\u00a0\u00bb min_height_phone=\u00a0\u00bb\u00a0\u00bb min_height_last_edited=\u00a0\u00bbon|desktop\u00a0\u00bb height_tablet=\u00a0\u00bb\u00a0\u00bb height_phone=\u00a0\u00bb\u00a0\u00bb height_last_edited=\u00a0\u00bbon|desktop\u00a0\u00bb hover_enabled=\u00a0\u00bb0&Prime;][et_pb_sos_contact_form_field field_id=\u00a0\u00bbfirst-name\u00a0\u00bb field_title=\u00a0\u00bbPr\u00e9nom\u00a0\u00bb _builder_version=\u00a0\u00bb3.29.3&Prime;][\/et_pb_sos_contact_form_field][et_pb_sos_contact_form_field field_id=\u00a0\u00bblast-name\u00a0\u00bb field_title=\u00a0\u00bbNom \u00a0\u00bb _builder_version=\u00a0\u00bb3.29.3&Prime;][\/et_pb_sos_contact_form_field][et_pb_sos_contact_form_field field_id=\u00a0\u00bbemail\u00a0\u00bb field_title=\u00a0\u00bbEmail\u00a0\u00bb field_type=\u00a0\u00bbemail\u00a0\u00bb hide_form_connect_context_value=\u00a0\u00bbintroductory-material\u00a0\u00bb _builder_version=\u00a0\u00bb3.29.3&Prime; custom_css_main_element=\u00a0\u00bbclear: both;\u00a0\u00bb][\/et_pb_sos_contact_form_field][et_pb_sos_contact_form_field field_id=\u00a0\u00bbintro-email-req\u00a0\u00bb field_title=\u00a0\u00bbEmail\u00a0\u00bb field_type=\u00a0\u00bbemail\u00a0\u00bb conditional_logic=\u00a0\u00bbon\u00a0\u00bb conditional_logic_rules=\u00a0\u00bb%91{%22field%22:%22sos-postal-intro-material%22,%22condition%22:%22is empty%22,%22value%22:%22Si vous n\u2019avez pas d&rsquo;adresse e-mail, recevez le mat\u00e9riel de pr\u00e9sentation par la poste.%22}%93&Prime; show_form_connect_context_value=\u00a0\u00bbintroductory-material\u00a0\u00bb _builder_version=\u00a0\u00bb3.29.3&Prime;][\/et_pb_sos_contact_form_field][et_pb_sos_contact_form_field field_id=\u00a0\u00bbsos-postal-intro-material\u00a0\u00bb field_title=\u00a0\u00bbRecevoir par la poste\u00a0\u00bb field_type=\u00a0\u00bbcheckbox\u00a0\u00bb checkbox_options=\u00a0\u00bb%91{%22value%22:%22Si vous n\u2019avez pas d&rsquo;adresse e-mail, recevez le mat\u00e9riel de pr\u00e9sentation par la poste.%22,%22checked%22:0,%22dragID%22:-1}%93&Prime; required_mark=\u00a0\u00bboff\u00a0\u00bb fullwidth_field=\u00a0\u00bbon\u00a0\u00bb show_form_connect_context_value=\u00a0\u00bbintroductory-material\u00a0\u00bb _builder_version=\u00a0\u00bb3.29.3&Prime;][\/et_pb_sos_contact_form_field][et_pb_sos_contact_form_field field_id=\u00a0\u00bbintro-address-1&Prime; field_title=\u00a0\u00bbAdresse 1&Prime; conditional_logic=\u00a0\u00bbon\u00a0\u00bb conditional_logic_rules=\u00a0\u00bb%91{%22field%22:%22sos-postal-intro-material%22,%22condition%22:%22is not empty%22,%22value%22:%22Si vous n\u2019avez pas d&rsquo;adresse e-mail, recevez le mat\u00e9riel de pr\u00e9sentation par la poste.%22}%93&Prime; show_form_connect_context_value=\u00a0\u00bbintroductory-material\u00a0\u00bb _builder_version=\u00a0\u00bb3.29.3&Prime;][\/et_pb_sos_contact_form_field][et_pb_sos_contact_form_field field_id=\u00a0\u00bbintro-address-2&Prime; field_title=\u00a0\u00bbAdresse 2&Prime; required_mark=\u00a0\u00bboff\u00a0\u00bb conditional_logic=\u00a0\u00bbon\u00a0\u00bb conditional_logic_rules=\u00a0\u00bb%91{%22field%22:%22sos-postal-intro-material%22,%22condition%22:%22is not empty%22,%22value%22:%22Si vous n\u2019avez pas d&rsquo;adresse e-mail, recevez le mat\u00e9riel de pr\u00e9sentation par la poste.%22}%93&Prime; show_form_connect_context_value=\u00a0\u00bbintroductory-material\u00a0\u00bb _builder_version=\u00a0\u00bb3.29.3&Prime;][\/et_pb_sos_contact_form_field][et_pb_sos_contact_form_field field_id=\u00a0\u00bbintro-country\u00a0\u00bb field_title=\u00a0\u00bbPays\u00a0\u00bb field_type=\u00a0\u00bbcountry\u00a0\u00bb conditional_logic=\u00a0\u00bbon\u00a0\u00bb conditional_logic_rules=\u00a0\u00bb%91{%22field%22:%22sos-postal-intro-material%22,%22condition%22:%22is not empty%22,%22value%22:%22Si vous n\u2019avez pas d&rsquo;adresse e-mail, recevez le mat\u00e9riel de pr\u00e9sentation par la poste.%22}%93&Prime; show_form_connect_context_value=\u00a0\u00bbintroductory-material\u00a0\u00bb _builder_version=\u00a0\u00bb3.29.3&Prime;][\/et_pb_sos_contact_form_field][et_pb_sos_contact_form_field field_id=\u00a0\u00bbintro-zip-code\u00a0\u00bb field_title=\u00a0\u00bbCode postal\u00a0\u00bb conditional_logic=\u00a0\u00bbon\u00a0\u00bb conditional_logic_rules=\u00a0\u00bb%91{%22field%22:%22sos-postal-intro-material%22,%22condition%22:%22is not empty%22,%22value%22:%22Si vous n\u2019avez pas d&rsquo;adresse e-mail, recevez le mat\u00e9riel de pr\u00e9sentation par la poste.%22}%93&Prime; show_form_connect_context_value=\u00a0\u00bbintroductory-material\u00a0\u00bb _builder_version=\u00a0\u00bb3.29.3&Prime;][\/et_pb_sos_contact_form_field][et_pb_sos_contact_form_field field_id=\u00a0\u00bbintro-email-opt\u00a0\u00bb field_title=\u00a0\u00bbEmail\u00a0\u00bb field_type=\u00a0\u00bbemail\u00a0\u00bb required_mark=\u00a0\u00bboff\u00a0\u00bb conditional_logic=\u00a0\u00bbon\u00a0\u00bb conditional_logic_rules=\u00a0\u00bb%91{%22field%22:%22sos-postal-intro-material%22,%22condition%22:%22is not empty%22,%22value%22:%22Si vous n\u2019avez pas d&rsquo;adresse e-mail, recevez le mat\u00e9riel de pr\u00e9sentation par la poste.%22}%93&Prime; show_form_connect_context_value=\u00a0\u00bbintroductory-material\u00a0\u00bb _builder_version=\u00a0\u00bb3.29.3&Prime;][\/et_pb_sos_contact_form_field][et_pb_sos_contact_form_field field_id=\u00a0\u00bbsos-interest-label\u00a0\u00bb field_title=\u00a0\u00bbVous \u00eates int\u00e9ress\u00e9 par le programme et les \u00e9v\u00e9nements de la science de la spiritualit\u00e9 pr\u00e8s de chez vous?\u00a0\u00bb field_type=\u00a0\u00bblabel\u00a0\u00bb required_mark=\u00a0\u00bboff\u00a0\u00bb fullwidth_field=\u00a0\u00bbon\u00a0\u00bb hide_form_connect_context_value=\u00a0\u00bbintroductory-material\u00a0\u00bb _builder_version=\u00a0\u00bb3.29.3&Prime;][\/et_pb_sos_contact_form_field][et_pb_sos_contact_form_field field_id=\u00a0\u00bbcountry\u00a0\u00bb field_title=\u00a0\u00bbPays\u00a0\u00bb field_type=\u00a0\u00bbcountry\u00a0\u00bb required_mark=\u00a0\u00bboff\u00a0\u00bb hide_form_connect_context_value=\u00a0\u00bbintroductory-material\u00a0\u00bb _builder_version=\u00a0\u00bb3.29.3&Prime;][\/et_pb_sos_contact_form_field][et_pb_sos_contact_form_field field_id=\u00a0\u00bbzip-code\u00a0\u00bb field_title=\u00a0\u00bbCode postal\u00a0\u00bb required_mark=\u00a0\u00bboff\u00a0\u00bb hide_form_connect_context_value=\u00a0\u00bbintroductory-material\u00a0\u00bb _builder_version=\u00a0\u00bb3.29.3&Prime;][\/et_pb_sos_contact_form_field][et_pb_sos_contact_form_field field_id=\u00a0\u00bbsos-consent-check\u00a0\u00bb field_title=\u00a0\u00bbConsentement\u00a0\u00bb field_type=\u00a0\u00bbcheckbox\u00a0\u00bb checkbox_options=\u00a0\u00bb%91{%22value%22:%22%22,%22checked%22:0,%22dragID%22:-1}%93&Prime; fullwidth_field=\u00a0\u00bbon\u00a0\u00bb show_form_label_value=\u00a0\u00bbJe confirme que je suis \u00e2g\u00e9 d&rsquo;au moins 18 ans et que je consens \u00e0 recevoir du mat\u00e9riel promotionnel, y compris mais sans s&rsquo;y limiter, <\/p>\n<ul>\n<li>Derni\u00e8res nouvelles, \u00e9v\u00e9nements et programmes \u00e0 venir de la Science de la spiritualit\u00e9<\/li>\n<li>Actualit\u00e9s et articles sur Sant Rajinder Singh Ji Maharaj<\/li>\n<li>La m\u00e9ditation et ses bienfaits<\/li>\n<li>Le v\u00e9g\u00e9tarisme et ses bienfaits pour la sant\u00e9<\/li>\n<\/ul>\n<p>\u00a0\u00bb _builder_version=\u00a0\u00bb4.4.6&Prime;][\/et_pb_sos_contact_form_field][et_pb_sos_contact_form_field field_id=\u00a0\u00bbsos-agree-terms-on-submit\u00a0\u00bb field_title=\u00a0\u00bbEn partageant et en soumettant mes coordonn\u00e9es, j&rsquo;accepte les <a href=%22\/terms-of-use%22>conditions d&rsquo;utilisation<\/a> et <a href=%22\/privacy-policy%22>la politique de confidentialit\u00e9<\/a>de la Science of Spirituality, qui r\u00e9gissent l&rsquo;utilisation de toute information partag\u00e9e sur ce site web.\u00a0\u00bb field_type=\u00a0\u00bblabel\u00a0\u00bb required_mark=\u00a0\u00bboff\u00a0\u00bb fullwidth_field=\u00a0\u00bbon\u00a0\u00bb _builder_version=\u00a0\u00bb4.4.6&Prime; hover_enabled=\u00a0\u00bb0&Prime;][\/et_pb_sos_contact_form_field][\/et_pb_sos_contact_form][et_pb_text _builder_version=\u00a0\u00bb4.4.6&Prime; max_width=\u00a0\u00bb70%\u00a0\u00bb max_width_tablet=\u00a0\u00bb\u00a0\u00bb max_width_phone=\u00a0\u00bb\u00a0\u00bb max_width_last_edited=\u00a0\u00bbon|desktop\u00a0\u00bb module_alignment=\u00a0\u00bbcenter\u00a0\u00bb custom_padding=\u00a0\u00bb|||40px|false|false\u00a0\u00bb custom_padding_tablet=\u00a0\u00bb|||0px|false|false\u00a0\u00bb custom_padding_phone=\u00a0\u00bb\u00a0\u00bb custom_padding_last_edited=\u00a0\u00bbon|phone\u00a0\u00bb]La Science de la Spiritualit\u00e9 ne partagera ni ne vendra vos informations personnelles. Vous pouvez retirer votre consentement \u00e0 vous contacter et vous d\u00e9sabonner \u00e0 tout moment. Veuillez vous r\u00e9f\u00e9rer \u00e0 notre <a href=\"\/privacy-policy\">politique de confidentialit\u00e9<\/a> et \u00e0 nos conditions d&rsquo;utilisation pour retirer votre consentement ou mieux comprendre vos droits en mati\u00e8re de protection des donn\u00e9es.[\/et_pb_text][\/et_pb_column][\/et_pb_row][\/et_pb_section][et_pb_section fb_built=\u00a0\u00bb1&Prime; disabled_on=\u00a0\u00bbon|off|off\u00a0\u00bb _builder_version=\u00a0\u00bb4.4.1&Prime; background_color=\u00a0\u00bb#e1b93b\u00a0\u00bb background_enable_image=\u00a0\u00bboff\u00a0\u00bb width=\u00a0\u00bb100%\u00a0\u00bb custom_padding=\u00a0\u00bb35px|0px|35px|0px|false|false\u00a0\u00bb global_module=\u00a0\u00bb403&Prime; saved_tabs=\u00a0\u00bball\u00a0\u00bb collapsed=\u00a0\u00bboff\u00a0\u00bb][et_pb_row column_structure=\u00a0\u00bb1_4,1_4,1_4,1_4&Prime; make_equal=\u00a0\u00bbon\u00a0\u00bb module_class=\u00a0\u00bbsos-expanded-footer\u00a0\u00bb _builder_version=\u00a0\u00bb3.25&Prime;][et_pb_column type=\u00a0\u00bb1_4&Prime; _builder_version=\u00a0\u00bb3.25&Prime; custom_padding=\u00a0\u00bb|||\u00a0\u00bb custom_padding__hover=\u00a0\u00bb|||\u00a0\u00bb][et_pb_text admin_label=\u00a0\u00bbMeditation\u00a0\u00bb _builder_version=\u00a0\u00bb4.4.1&Prime; text_font=\u00a0\u00bbNunito|600|||||||\u00a0\u00bb text_text_color=\u00a0\u00bb#968743&Prime; text_font_size=\u00a0\u00bb13px\u00a0\u00bb header_font=\u00a0\u00bbNunito||||||||\u00a0\u00bb header_5_font=\u00a0\u00bbNunito|600|||||||\u00a0\u00bb header_6_font=\u00a0\u00bbNunito|600|||||||\u00a0\u00bb]<\/p>\n<h3>MEDITATION<\/h3>\n<p><a title=\"Spiritual Growth\" href=\"https:\/\/perf.stage.aws.wp.sos-dev.org\/fr\/spiritual-growth\/\">Spiritual Growth<\/a><\/p>\n<p><a title=\"Benefits of a Spiritual Guide\" href=\"https:\/\/perf.stage.aws.wp.sos-dev.org\/fr\/spiritual-guide\/\">Benefits of a Spiritual Guide<\/a><\/p>\n<p><a title=\"Health Benefits\" href=\"https:\/\/perf.stage.aws.wp.sos-dev.org\/fr\/benefits-of-meditation-2\/\">Meditation Byproducts<\/a><\/p>\n<p><a title=\"Healthy Living\" href=\"https:\/\/perf.stage.aws.wp.sos-dev.org\/fr\/vegetarian-diet-and-vegetarian-meals\/\">Healthy Living<\/a>[\/et_pb_text][\/et_pb_column][et_pb_column type=\u00a0\u00bb1_4&Prime; _builder_version=\u00a0\u00bb3.25&Prime; custom_padding=\u00a0\u00bb|||\u00a0\u00bb custom_padding__hover=\u00a0\u00bb|||\u00a0\u00bb][et_pb_text admin_label=\u00a0\u00bbAbout Us\u00a0\u00bb _builder_version=\u00a0\u00bb3.27.4&Prime; text_font=\u00a0\u00bbNunito|600|||||||\u00a0\u00bb text_text_color=\u00a0\u00bb#968743&Prime; text_font_size=\u00a0\u00bb17px\u00a0\u00bb header_font=\u00a0\u00bbNunito||||||||\u00a0\u00bb header_5_font=\u00a0\u00bbNunito|600|||||||\u00a0\u00bb header_6_font=\u00a0\u00bbNunito|600|||||||\u00a0\u00bb custom_margin=\u00a0\u00bb|||\u00a0\u00bb]<\/p>\n<h3>ABOUT US<\/h3>\n<p><a title=\"Our Organization\" href=\"https:\/\/perf.stage.aws.wp.sos-dev.org\/fr\/about-us\/\">Our Organization<\/a><\/p>\n<p><a title=\"International Meditation Center\" href=\"https:\/\/perf.stage.aws.wp.sos-dev.org\/fr\/western-headquarters\/\">International Meditation Center<\/a>[\/et_pb_text][\/et_pb_column][et_pb_column type=\u00a0\u00bb1_4&Prime; _builder_version=\u00a0\u00bb3.25&Prime; custom_padding=\u00a0\u00bb|||\u00a0\u00bb custom_padding__hover=\u00a0\u00bb|||\u00a0\u00bb][et_pb_text admin_label=\u00a0\u00bbExplore\u00a0\u00bb _builder_version=\u00a0\u00bb3.29.3&Prime; text_font=\u00a0\u00bbNunito|600|||||||\u00a0\u00bb text_text_color=\u00a0\u00bb#968743&Prime; text_font_size=\u00a0\u00bb17px\u00a0\u00bb header_font=\u00a0\u00bbNunito||||||||\u00a0\u00bb header_5_font=\u00a0\u00bbNunito|600|||||||\u00a0\u00bb header_6_font=\u00a0\u00bbNunito|600|||||||\u00a0\u00bb]<\/p>\n<h3>EXPLORE<\/h3>\n<p><a title=\"Articles\" href=\"https:\/\/perf.stage.aws.wp.sos-dev.org\/fr\/articles-2\/\">Articles<\/a><\/p>\n<p><a title=\"Videos\" href=\"https:\/\/perf.stage.aws.wp.sos-dev.org\/fr\/videos-2\/\">Videos<\/a>[\/et_pb_text][\/et_pb_column][et_pb_column type=\u00a0\u00bb1_4&Prime; _builder_version=\u00a0\u00bb3.25&Prime; custom_padding=\u00a0\u00bb|||\u00a0\u00bb custom_padding__hover=\u00a0\u00bb|||\u00a0\u00bb][et_pb_text admin_label=\u00a0\u00bbMore\u00a0\u00bb _builder_version=\u00a0\u00bb3.27.4&Prime; text_font=\u00a0\u00bbNunito|600|||||||\u00a0\u00bb text_text_color=\u00a0\u00bb#968743&Prime; text_font_size=\u00a0\u00bb17px\u00a0\u00bb header_font=\u00a0\u00bbNunito||||||||\u00a0\u00bb header_5_font=\u00a0\u00bbNunito|600|||||||\u00a0\u00bb header_6_font=\u00a0\u00bbNunito|600|||||||\u00a0\u00bb]<\/p>\n<h3>MORE<\/h3>\n<p><a title=\"Spiritual Guide\" href=\"https:\/\/perf.stage.aws.wp.sos-dev.org\/fr\/spiritual-guide\/\">Spiritual Guide<\/a><\/p>\n<p><a title=\"Find Porgrams\" href=\"https:\/\/perf.stage.aws.wp.sos-dev.org\/fr\/find-programs-2\/\">Find Programs<\/a><\/p>\n<p><a title=\"Connect\" href=\"https:\/\/perf.stage.aws.wp.sos-dev.org\/fr\/contact-us-2\/\">Connect<\/a><\/p>\n<p><a title=\"Privacy Policy\" href=\"\/privacy-policy\/\">Privacy Policy<\/a>[\/et_pb_text][\/et_pb_column][\/et_pb_row][\/et_pb_section]<\/p>\n","protected":false},"excerpt":{"rendered":"<p>[et_pb_section fb_built=\u00a0\u00bb1&Prime; _builder_version=\u00a0\u00bb3.29.3&Prime;][et_pb_row _builder_version=\u00a0\u00bb3.29.3&Prime;][et_pb_column type=\u00a0\u00bb4_4&Prime; _builder_version=\u00a0\u00bb3.29.3&Prime;][et_pb_text _builder_version=\u00a0\u00bb3.29.3&Prime;] S&rsquo;inscrire et en savoir plus [\/et_pb_text][et_pb_sos_contact_form captcha=\u00a0\u00bboff\u00a0\u00bb success_message=\u00a0\u00bbThanks for contacting us.\u00a0\u00bb _builder_version=\u00a0\u00bb4.4.6&Prime; max_width=\u00a0\u00bb80%\u00a0\u00bb max_width_tablet=\u00a0\u00bb\u00a0\u00bb max_width_phone=\u00a0\u00bb\u00a0\u00bb max_width_last_edited=\u00a0\u00bbon|desktop\u00a0\u00bb module_alignment=\u00a0\u00bbcenter\u00a0\u00bb min_height=\u00a0\u00bb400px\u00a0\u00bb min_height_tablet=\u00a0\u00bb\u00a0\u00bb min_height_phone=\u00a0\u00bb\u00a0\u00bb min_height_last_edited=\u00a0\u00bbon|desktop\u00a0\u00bb height_tablet=\u00a0\u00bb\u00a0\u00bb height_phone=\u00a0\u00bb\u00a0\u00bb height_last_edited=\u00a0\u00bbon|desktop\u00a0\u00bb hover_enabled=\u00a0\u00bb0&Prime;][et_pb_sos_contact_form_field field_id=\u00a0\u00bbfirst-name\u00a0\u00bb field_title=\u00a0\u00bbPr\u00e9nom\u00a0\u00bb _builder_version=\u00a0\u00bb3.29.3&Prime;][\/et_pb_sos_contact_form_field][et_pb_sos_contact_form_field field_id=\u00a0\u00bblast-name\u00a0\u00bb field_title=\u00a0\u00bbNom \u00a0\u00bb _builder_version=\u00a0\u00bb3.29.3&Prime;][\/et_pb_sos_contact_form_field][et_pb_sos_contact_form_field field_id=\u00a0\u00bbemail\u00a0\u00bb field_title=\u00a0\u00bbEmail\u00a0\u00bb field_type=\u00a0\u00bbemail\u00a0\u00bb hide_form_connect_context_value=\u00a0\u00bbintroductory-material\u00a0\u00bb _builder_version=\u00a0\u00bb3.29.3&Prime; custom_css_main_element=\u00a0\u00bbclear: both;\u00a0\u00bb][\/et_pb_sos_contact_form_field][et_pb_sos_contact_form_field field_id=\u00a0\u00bbintro-email-req\u00a0\u00bb field_title=\u00a0\u00bbEmail\u00a0\u00bb field_type=\u00a0\u00bbemail\u00a0\u00bb conditional_logic=\u00a0\u00bbon\u00a0\u00bb conditional_logic_rules=\u00a0\u00bb%91{%22field%22:%22sos-postal-intro-material%22,%22condition%22:%22is empty%22,%22value%22:%22Si vous n\u2019avez pas [&hellip;]<\/p>\n","protected":false},"author":3,"featured_media":0,"parent":0,"menu_order":0,"comment_status":"closed","ping_status":"closed","template":"","meta":{"_et_pb_use_builder":"on","_et_pb_old_content":"","_et_gb_content_width":""},"_links":{"self":[{"href":"https:\/\/perf.stage.aws.cdn.wp.sos-dev.org\/fr\/wp-json\/wp\/v2\/pages\/22986"}],"collection":[{"href":"https:\/\/perf.stage.aws.cdn.wp.sos-dev.org\/fr\/wp-json\/wp\/v2\/pages"}],"about":[{"href":"https:\/\/perf.stage.aws.cdn.wp.sos-dev.org\/fr\/wp-json\/wp\/v2\/types\/page"}],"author":[{"embeddable":true,"href":"https:\/\/perf.stage.aws.cdn.wp.sos-dev.org\/fr\/wp-json\/wp\/v2\/users\/3"}],"replies":[{"embeddable":true,"href":"https:\/\/perf.stage.aws.cdn.wp.sos-dev.org\/fr\/wp-json\/wp\/v2\/comments?post=22986"}],"version-history":[{"count":6,"href":"https:\/\/perf.stage.aws.cdn.wp.sos-dev.org\/fr\/wp-json\/wp\/v2\/pages\/22986\/revisions"}],"predecessor-version":[{"id":37080,"href":"https:\/\/perf.stage.aws.cdn.wp.sos-dev.org\/fr\/wp-json\/wp\/v2\/pages\/22986\/revisions\/37080"}],"wp:attachment":[{"href":"https:\/\/perf.stage.aws.cdn.wp.sos-dev.org\/fr\/wp-json\/wp\/v2\/media?parent=22986"}],"curies":[{"name":"wp","href":"https:\/\/api.w.org\/{rel}","templated":true}]}}