{"id":7417,"date":"2018-06-30T02:15:32","date_gmt":"2018-06-30T07:15:32","guid":{"rendered":"https:\/\/perf.stage.aws.wp.sos-dev.org\/vegetarian-diet-and-vegetarian-meals\/"},"modified":"2019-04-29T17:33:39","modified_gmt":"2019-04-29T17:33:39","slug":"vegetarian-diet-and-vegetarian-meals","status":"publish","type":"page","link":"https:\/\/perf.stage.aws.cdn.wp.sos-dev.org\/es\/vegetarian-diet-and-vegetarian-meals\/","title":{"rendered":"Healthy Living"},"content":{"rendered":"<p>[et_pb_section fb_built=\u00bb1&#8243; custom_padding_last_edited=\u00bbon|desktop\u00bb admin_label=\u00bbSection\u00bb _builder_version=\u00bb3.22.3&#8243; background_image=\u00bbhttps:\/\/perf.stage.aws.wp.sos-dev.org\/wp-content\/uploads\/2018\/11\/Vegetarianism-and-Spirituality-Thumbnail2.jpg\u00bb parallax=\u00bbon\u00bb parallax_method=\u00bboff\u00bb custom_padding=\u00bb92px|0px|54px|0px|false|false\u00bb collapsed=\u00bboff\u00bb][et_pb_row custom_padding=\u00bb54px|0px|0|0px|false|false\u00bb module_class=\u00bbsos-padded-row sos-userjourney-responsive-row\u00bb _builder_version=\u00bb3.22.3&#8243; background_color=\u00bbrgba(237,243,249,0.95)\u00bb][et_pb_column type=\u00bb4_4&#8243; _builder_version=\u00bb3.0.47&#8243;][et_pb_text admin_label=\u00bbtitle\u00bb module_class=\u00bbmargin-bottom-6&#8243; _builder_version=\u00bb3.10.1&#8243; text_font_size_last_edited=\u00bboff|desktop\u00bb header_font_size=\u00bb55px\u00bb text_orientation=\u00bbcenter\u00bb]<\/p>\n<h1 class=\"font-size-8 sos-uj-page-title\">Vida saludable y estilo de vida vegetariano<\/h1>\n<p>[\/et_pb_text][\/et_pb_column][\/et_pb_row][et_pb_row custom_padding=\u00bb0|0px|27px|0px|false|false\u00bb module_class=\u00bbsos-padded-row sos-userjourney-responsive-row\u00bb _builder_version=\u00bb3.22.3&#8243; background_color=\u00bbrgba(237,243,249,0.95)\u00bb module_alignment=\u00bbcenter\u00bb locked=\u00bboff\u00bb][et_pb_column type=\u00bb2_3&#8243; _builder_version=\u00bb3.0.47&#8243;][et_pb_text admin_label=\u00bbcontent\u00bb module_class=\u00bbsos-dropcap margin-bottom-6 margin-top-6&#8243; _builder_version=\u00bb3.10.1&#8243; max_width=\u00bb75%\u00bb max_width_last_edited=\u00bbon|phone\u00bb module_alignment=\u00bbcenter\u00bb]Ciencia de la Espiritualidad aboga por una dieta vegetariana para mejorar la salud f\u00edsica, mental, emocional y espiritual.<\/p>\n<p>No hace mucho tiempo el vegetarianismo era considerado como elegir un estilo de vida poco aceptado. \u00a1Ya no m\u00e1s!<\/p>\n<p>Hoy en d\u00eda, en hogares y restaurantes, oficinas y colegios, diferentes tipos de vegetarianismo se han popularizado\u2014es una forma de vida aceptada, respetada e incluso admirada. Ser vegetariano nunca fue tan f\u00e1cil ni tan agradable.<\/p>\n<p><strong>Est\u00e1s invitado a los programas de Ciencia de la Espiritualidad en todo el mundo:<\/strong><\/p>\n<ul>\n<li>clases de cocina vegetariana<\/li>\n<li>talleres y seminarios sobre una vida sana<\/li>\n<li>nuevas recetas y consejos para planificar las comidas<\/li>\n<li>la oportunidad de experimentar los beneficios espirituales de un estilo de vida vegetariano<\/li>\n<\/ul>\n<p>Algunos eligen ser vegetarianos para conservar los valiosos recursos de nuestro planeta. Otros, para una mejor salud. Y otros, por respeto a todo tipo de vida.<\/p>\n<p>Todas estas son grandes razones. Pero a trav\u00e9s de los siglos, los Maestros espirituales han alentado el vegetarianismo por una raz\u00f3n a\u00fan m\u00e1s convincente. Destacan que es una de las piedras angulares de una vida de meditaci\u00f3n y espiritual exitosa.<\/p>\n<p>Conclusi\u00f3n: una dieta vegetariana fresca y balanceada nutre todo nuestro ser\u2014cuerpo, mente y alma.<\/p>\n<h2><span style=\"color: #000000;\"><strong>Enfoque del Veggie Fest<\/strong><\/span><\/h2>\n<p>[\/et_pb_text][et_pb_code admin_label=\u00bbVideo Embed Code\u00bb max_width=\u00bb75%\u00bb max_width_tablet=\u00bb100%\u00bb max_width_last_edited=\u00bbon|phone\u00bb module_alignment=\u00bbcenter\u00bb]<iframe width=\"560\" height=\"315\" src=\"https:\/\/www.youtube.com\/embed\/8HKsrZCjhVQ?rel=0\" frameborder=\"0\" allow=\"autoplay; encrypted-media\" allowfullscreen><\/iframe>[\/et_pb_code][et_pb_text admin_label=\u00bbpost-video-text\u00bb module_class=\u00bbmargin-bottom-6 margin-top-6&#8243; _builder_version=\u00bb3.10.1&#8243; max_width=\u00bb75%\u00bb max_width_last_edited=\u00bbon|phone\u00bb module_alignment=\u00bbcenter\u00bb]La Ciencia de la Espiritualidad es el patrocinador anfitri\u00f3n del Veggie Fest, un festival anual de dos d\u00edas ofrecido en el verano para toda la familia. Presentado como un servicio p\u00fablico y basado en el principio del respeto por toda la vida, el Veggie Fest es una forma de introducir los beneficios de un estilo de vida vegetariano a la comunidad en general.<\/p>\n<p><strong>El festival ofrece:<\/strong><\/p>\n<ul>\n<li>charlas gratuitas de importantes m\u00e9dicos, investigadores y otros profesionales de la salud<\/li>\n<li>demostraciones gratuitas de cocina por famosos chefs y autores vegetarianos<\/li>\n<li>un enorme patio internacional de comidas vegetarianas <\/li>\n<li>los \u00faltimos productos vegetarianos para la salud<\/li>\n<li>m\u00fasica en vivo con bandas conocidas<\/li>\n<li>numerosas actividades para toda la familia<\/li>\n<li>entrada gratis<\/li>\n<\/ul>\n<p>Visite nuestro sitio web de <a href=\"https:\/\/www.veggiefestchicago.com\/\">VeggieFestChicago<\/a> para recibir noticias del Veggie Fest, art\u00edculos pertinentes y una amplia selecci\u00f3n de recetas.<\/p>\n<p>&nbsp;<\/p>\n<p>&nbsp;<br \/>\n[\/et_pb_text][\/et_pb_column][et_pb_column type=\u00bb1_3&#8243; _builder_version=\u00bb3.0.47&#8243;][et_pb_blurb title=\u00bbReceta destacada\u00bb admin_label=\u00bbRecipe of the Month\u00bb module_class=\u00bbsos-full-height-columns margin-top-5&#8243; _builder_version=\u00bb3.22.5&#8243; header_level=\u00bbh1&#8243; custom_margin=\u00bb|45px||20px\u00bb]<\/p>\n<h2 class=\"elementor-heading-title elementor-size-default\">Pan de banano<\/h2>\n<p><img loading=\"lazy\" class=\"wp-image-5623 alignnone size-full\" src=\"https:\/\/perf.stage.aws.wp.sos-dev.org\/wp-content\/uploads\/2018\/10\/banana-bread.jpg\" alt=\"Pan de banano VeggieFestChicago\" width=\"1280\" height=\"782\" \/><\/p>\n<p>El maravilloso sabor del banano impregna este popular pan, como pastel. Untar con queso crema, mantequilla de frutas o nueces para la hora del t\u00e9 o disfrutar en cualquier momento.<\/p>\n<h2><span style=\"color: #333333; font-size: 26px;\">Ingredientes:<\/span><\/h2>\n<ul>\n<li>1 taza de harina de trigo integral<\/li>\n<li>1 taza de harina sin blanquear<\/li>\n<li>\u00be de taza de az\u00facar granulada org\u00e1nica<\/li>\n<li>1 cucharada de polvo de hornear<\/li>\n<li>\u00bd cucharadita de bicarbonato de sodio<\/li>\n<li>\u00bd cucharadita de sal<\/li>\n<li>\u00bc de taza de mantequilla derretida<\/li>\n<li>1 \u00bd tazas de banano maduro triturado<\/li>\n<li>\u00bc de taza de suero de leche o leche agria con \u00bd cucharadita de jugo de lim\u00f3n<\/li>\n<li>2 cucharaditas de extracto de vainilla<\/li>\n<\/ul>\n<p>Para ver la receta completa, <a href=\"https:\/\/www.veggiefestchicago.com\/recipe\/banana-bread\/\" target=\"_blank\" rel=\"noopener noreferrer\">haga clic aqu\u00ed<\/a><br \/>\n[\/et_pb_blurb][\/et_pb_column][\/et_pb_row][\/et_pb_section][et_pb_section fb_built=\u00bb1&#8243; module_class=\u00bb sos-grey-bg\u00bb _builder_version=\u00bb3.22.3&#8243; box_shadow_style=\u00bbpreset1&#8243; custom_padding=\u00bb50px|0px|54px|0px|false|false\u00bb global_module=\u00bb707&#8243;][et_pb_row custom_padding=\u00bb0|0px|27px|0px|false|false\u00bb make_equal=\u00bbon\u00bb _builder_version=\u00bb3.22.3&#8243;][et_pb_column type=\u00bb4_4&#8243; _builder_version=\u00bb3.0.47&#8243;][et_pb_text admin_label=\u00bbText\u00bb _builder_version=\u00bb3.9&#8243;]<\/p>\n<h1 class=\"center-text font-size-8\">Want to learn more?<\/h1>\n<p>[\/et_pb_text][et_pb_blog fullwidth=\u00bboff\u00bb posts_number=\u00bb6&#8243; include_categories=\u00bb34,39&#8243; show_author=\u00bboff\u00bb show_date=\u00bboff\u00bb show_categories=\u00bboff\u00bb show_pagination=\u00bboff\u00bb use_overlay=\u00bbon\u00bb overlay_icon_color=\u00bb#ffffff\u00bb hover_overlay_color=\u00bbrgba(229,222,216,0.4)\u00bb hover_icon=\u00bb%%24%%\u00bb masonry_tile_background_color=\u00bb#ffffff\u00bb admin_label=\u00bbHealthy Living Blog + Video Stream\u00bb module_class=\u00bbsos-article-grid sos-grey-bg margin-bottom-0&#8243; _builder_version=\u00bb3.19.10&#8243; header_font_size_phone=\u00bb22px\u00bb header_font_size_last_edited=\u00bbon|phone\u00bb header_line_height=\u00bb1.2em\u00bb][\/et_pb_blog][\/et_pb_column][\/et_pb_row][\/et_pb_section][et_pb_section fb_built=\u00bb1&#8243; disabled_on=\u00bbon|off|off\u00bb _builder_version=\u00bb3.10&#8243; background_color=\u00bb#f1d575&#8243; background_image=\u00bbhttps:\/\/perf.stage.aws.wp.sos-dev.org\/wp-content\/uploads\/2018\/07\/footer-08.jpg\u00bb custom_padding=\u00bb35px|0px|35px|0px|false|false\u00bb global_module=\u00bb403&#8243; saved_tabs=\u00bball\u00bb collapsed=\u00bbon\u00bb][et_pb_row make_equal=\u00bbon\u00bb module_class=\u00bbsos-expanded-footer\u00bb _builder_version=\u00bb3.22.3&#8243;][et_pb_column type=\u00bb1_4&#8243; _builder_version=\u00bb3.0.47&#8243;][et_pb_text admin_label=\u00bbMeditation\u00bb _builder_version=\u00bb3.19.2&#8243; text_font=\u00bbNunito|600|||||||\u00bb text_text_color=\u00bb#968743&#8243; text_font_size=\u00bb13px\u00bb header_font=\u00bbNunito||||||||\u00bb header_5_font=\u00bbNunito|600|||||||\u00bb header_6_font=\u00bbNunito|600|||||||\u00bb]<\/p>\n<h3>MEDITATION<\/h3>\n<p><a title=\"Spiritual Growth\" href=\"https:\/\/perf.stage.aws.wp.sos-dev.org\/es\/spiritual-growth\/\">Spiritual Growth<\/a><\/p>\n<p><a title=\"Benefits of a Spiritual Guide\" href=\"https:\/\/perf.stage.aws.wp.sos-dev.org\/es\/sant-rajinder-singh\/\">Benefits of a Spiritual Guide<\/a><\/p>\n<p><a title=\"Health Benefits\" href=\"\/benefits-of-meditation\/\">Health Benefits<\/a><\/p>\n<p><a title=\"Healthy Living\" href=\"https:\/\/perf.stage.aws.wp.sos-dev.org\/es\/vegetarian-diet-and-vegetarian-meals\/\">Healthy Living<\/a>[\/et_pb_text][\/et_pb_column][et_pb_column type=\u00bb1_4&#8243; _builder_version=\u00bb3.0.47&#8243;][et_pb_text admin_label=\u00bbAbout Us\u00bb _builder_version=\u00bb3.19.2&#8243; text_font=\u00bbNunito|600|||||||\u00bb text_text_color=\u00bb#968743&#8243; text_font_size=\u00bb17px\u00bb header_font=\u00bbNunito||||||||\u00bb header_5_font=\u00bbNunito|600|||||||\u00bb header_6_font=\u00bbNunito|600|||||||\u00bb custom_margin=\u00bb|||\u00bb]<\/p>\n<h3>ABOUT US<\/h3>\n<p><a title=\"Our Organization\" href=\"https:\/\/perf.stage.aws.wp.sos-dev.org\/es\/about-us\/\">Our Organization<\/a><\/p>\n<p><a title=\"International Meditation Center\" href=\"https:\/\/perf.stage.aws.wp.sos-dev.org\/es\/western-headquarters\/\">International Meditation Center<\/a>[\/et_pb_text][\/et_pb_column][et_pb_column type=\u00bb1_4&#8243; _builder_version=\u00bb3.0.47&#8243;][et_pb_text admin_label=\u00bbExplore\u00bb _builder_version=\u00bb3.19.14&#8243; text_font=\u00bbNunito|600|||||||\u00bb text_text_color=\u00bb#968743&#8243; text_font_size=\u00bb17px\u00bb header_font=\u00bbNunito||||||||\u00bb header_5_font=\u00bbNunito|600|||||||\u00bb header_6_font=\u00bbNunito|600|||||||\u00bb]<\/p>\n<h3>EXPLORE<\/h3>\n<p><a title=\"Articles\" href=\"\/articles\/\">Articles<\/a><\/p>\n<p><a title=\"Videos\" href=\"\/videos\/\">Videos<\/a>[\/et_pb_text][\/et_pb_column][et_pb_column type=\u00bb1_4&#8243; _builder_version=\u00bb3.0.47&#8243;][et_pb_text admin_label=\u00bbMore\u00bb _builder_version=\u00bb3.19.2&#8243; text_font=\u00bbNunito|600|||||||\u00bb text_text_color=\u00bb#968743&#8243; text_font_size=\u00bb17px\u00bb header_font=\u00bbNunito||||||||\u00bb header_5_font=\u00bbNunito|600|||||||\u00bb header_6_font=\u00bbNunito|600|||||||\u00bb]<\/p>\n<h3>MORE<\/h3>\n<p><a title=\"Spiritual Guide\" href=\"https:\/\/perf.stage.aws.wp.sos-dev.org\/es\/sant-rajinder-singh\/\">Spiritual Guide<\/a><\/p>\n<p><a title=\"Find Porgrams\" href=\"\/find-programs\/\">Find Programs<\/a><\/p>\n<p><a title=\"Connect\" href=\"\/contact-us\/\">Connect<\/a><\/p>\n<p><a title=\"Privacy Policy\" href=\"\/privacy-policy\/\">Privacy Policy<\/a>[\/et_pb_text][\/et_pb_column][\/et_pb_row][\/et_pb_section]<\/p>\n","protected":false},"excerpt":{"rendered":"<p>[et_pb_section fb_built=\u00bb1&#8243; custom_padding_last_edited=\u00bbon|desktop\u00bb admin_label=\u00bbSection\u00bb _builder_version=\u00bb3.22.3&#8243; background_image=\u00bbhttps:\/\/perf.stage.aws.wp.sos-dev.org\/wp-content\/uploads\/2018\/11\/Vegetarianism-and-Spirituality-Thumbnail2.jpg\u00bb parallax=\u00bbon\u00bb parallax_method=\u00bboff\u00bb custom_padding=\u00bb92px|0px|54px|0px|false|false\u00bb collapsed=\u00bboff\u00bb][et_pb_row custom_padding=\u00bb54px|0px|0|0px|false|false\u00bb module_class=\u00bbsos-padded-row sos-userjourney-responsive-row\u00bb _builder_version=\u00bb3.22.3&#8243; background_color=\u00bbrgba(237,243,249,0.95)\u00bb][et_pb_column type=\u00bb4_4&#8243; _builder_version=\u00bb3.0.47&#8243;][et_pb_text admin_label=\u00bbtitle\u00bb module_class=\u00bbmargin-bottom-6&#8243; _builder_version=\u00bb3.10.1&#8243; text_font_size_last_edited=\u00bboff|desktop\u00bb header_font_size=\u00bb55px\u00bb text_orientation=\u00bbcenter\u00bb] Vida saludable y estilo de vida vegetariano [\/et_pb_text][\/et_pb_column][\/et_pb_row][et_pb_row custom_padding=\u00bb0|0px|27px|0px|false|false\u00bb module_class=\u00bbsos-padded-row sos-userjourney-responsive-row\u00bb _builder_version=\u00bb3.22.3&#8243; background_color=\u00bbrgba(237,243,249,0.95)\u00bb module_alignment=\u00bbcenter\u00bb locked=\u00bboff\u00bb][et_pb_column type=\u00bb2_3&#8243; _builder_version=\u00bb3.0.47&#8243;][et_pb_text admin_label=\u00bbcontent\u00bb module_class=\u00bbsos-dropcap margin-bottom-6 margin-top-6&#8243; _builder_version=\u00bb3.10.1&#8243; max_width=\u00bb75%\u00bb max_width_last_edited=\u00bbon|phone\u00bb module_alignment=\u00bbcenter\u00bb]Ciencia de la Espiritualidad aboga por una dieta [&hellip;]<\/p>\n","protected":false},"author":1,"featured_media":7418,"parent":0,"menu_order":0,"comment_status":"closed","ping_status":"closed","template":"","meta":{"_et_pb_use_builder":"on","_et_pb_old_content":"","_et_gb_content_width":""},"_links":{"self":[{"href":"https:\/\/perf.stage.aws.cdn.wp.sos-dev.org\/es\/wp-json\/wp\/v2\/pages\/7417"}],"collection":[{"href":"https:\/\/perf.stage.aws.cdn.wp.sos-dev.org\/es\/wp-json\/wp\/v2\/pages"}],"about":[{"href":"https:\/\/perf.stage.aws.cdn.wp.sos-dev.org\/es\/wp-json\/wp\/v2\/types\/page"}],"author":[{"embeddable":true,"href":"https:\/\/perf.stage.aws.cdn.wp.sos-dev.org\/es\/wp-json\/wp\/v2\/users\/1"}],"replies":[{"embeddable":true,"href":"https:\/\/perf.stage.aws.cdn.wp.sos-dev.org\/es\/wp-json\/wp\/v2\/comments?post=7417"}],"version-history":[{"count":8,"href":"https:\/\/perf.stage.aws.cdn.wp.sos-dev.org\/es\/wp-json\/wp\/v2\/pages\/7417\/revisions"}],"predecessor-version":[{"id":7597,"href":"https:\/\/perf.stage.aws.cdn.wp.sos-dev.org\/es\/wp-json\/wp\/v2\/pages\/7417\/revisions\/7597"}],"wp:featuredmedia":[{"embeddable":true,"href":"https:\/\/perf.stage.aws.cdn.wp.sos-dev.org\/es\/wp-json\/wp\/v2\/media\/7418"}],"wp:attachment":[{"href":"https:\/\/perf.stage.aws.cdn.wp.sos-dev.org\/es\/wp-json\/wp\/v2\/media?parent=7417"}],"curies":[{"name":"wp","href":"https:\/\/api.w.org\/{rel}","templated":true}]}}