{"id":5850,"date":"2018-08-04T07:15:53","date_gmt":"2018-08-04T12:15:53","guid":{"rendered":"https:\/\/perf.stage.aws.wp.sos-dev.org\/spiritual-growth\/"},"modified":"2020-06-13T12:53:06","modified_gmt":"2020-06-13T17:53:06","slug":"spiritual-growth","status":"publish","type":"page","link":"https:\/\/perf.stage.aws.cdn.wp.sos-dev.org\/es\/spiritual-growth\/","title":{"rendered":"Spiritual Growth"},"content":{"rendered":"<p>[et_pb_section fb_built=\u00bb1&#8243; custom_padding_last_edited=\u00bbon|desktop\u00bb module_class=\u00bbsos-fixed-video-bg\u00bb _builder_version=\u00bb3.22.3&#8243; background_image=\u00bbhttps:\/\/perf.stage.aws.wp.sos-dev.org\/wp-content\/uploads\/2018\/07\/SpiritualBenefitsSectionBG-Adjust-1.jpg\u00bb parallax=\u00bbon\u00bb parallax_method=\u00bboff\u00bb background_video_width=\u00bb980&#8243; background_video_height=\u00bb460&#8243; custom_padding=\u00bb92px|0px|54px|0px\u00bb fb_built=\u00bb1&#8243; _i=\u00bb0&#8243; _address=\u00bb0&#8243;][et_pb_row _builder_version=\u00bb3.25&#8243; background_color=\u00bbrgba(255,255,255,0.95)\u00bb custom_padding=\u00bb56px|15px|27px|15px|false|false\u00bb box_shadow_style=\u00bbpreset1&#8243; _i=\u00bb0&#8243; _address=\u00bb0.0&#8243;][et_pb_column type=\u00bb4_4&#8243; _builder_version=\u00bb3.25&#8243; custom_padding=\u00bb|||\u00bb _i=\u00bb0&#8243; _address=\u00bb0.0.0&#8243; custom_padding__hover=\u00bb|||\u00bb][et_pb_text admin_label=\u00bbtitle\u00bb _builder_version=\u00bb3.27.4&#8243; text_orientation=\u00bbcenter\u00bb text_font_size_last_edited=\u00bboff|desktop\u00bb _i=\u00bb0&#8243; _address=\u00bb0.0.0.0&#8243;]<\/p>\n<h1 class=\"font-size-8 sos-uj-page-title\">Meditaci\u00f3n para el crecimiento espiritual<\/h1>\n<p>[\/et_pb_text][et_pb_text module_class=\u00bbsos-dropcap margin-bottom-6 margin-top-6&#8243; _builder_version=\u00bb3.27.4&#8243; max_width=\u00bb75%\u00bb max_width_last_edited=\u00bbon|desktop\u00bb module_alignment=\u00bbcenter\u00bb _i=\u00bb1&#8243; _address=\u00bb0.0.0.1&#8243;]<\/p>\n<p>A trav\u00e9s de la meditaci\u00f3n, pueden crecer espiritualmente al tiempo que encuentran paz y tranquilidad interior. Algunos de los beneficios espirituales de la meditaci\u00f3n se destacan a continuaci\u00f3n.<\/p>\n<p>[\/et_pb_text][et_pb_code admin_label=\u00bbVideo Code\u00bb _builder_version=\u00bb3.29.3&#8243; text_orientation=\u00bbcenter\u00bb max_width=\u00bb75%\u00bb max_width_last_edited=\u00bbon|tablet\u00bb module_alignment=\u00bbcenter\u00bb _i=\u00bb2&#8243; _address=\u00bb0.0.0.2&#8243;]<iframe src=\"https:\/\/player.vimeo.com\/video\/368976167\" width=\"640\" height=\"480\" frameborder=\"0\" allow=\"autoplay; fullscreen\" allowfullscreen><\/iframe>[\/et_pb_code][et_pb_text module_class=\u00bbmargin-bottom-6 blog-subsection \u00bb _builder_version=\u00bb3.29.3&#8243; max_width=\u00bb75%\u00bb max_width_last_edited=\u00bbon|desktop\u00bb module_alignment=\u00bbcenter\u00bb locked=\u00bboff\u00bb _i=\u00bb3&#8243; _address=\u00bb0.0.0.3&#8243;]<\/p>\n<h2 class=\"font-thin-4 margin-bottom-3\">Descubrir el prop\u00f3sito y encontrar realizaci\u00f3n en tu vida<\/h2>\n<p>Con el estr\u00e9s y el r\u00e1pido ritmo de la vida en esta era tecnol\u00f3gica, muchas personas se preguntan sobre el prop\u00f3sito de su vida. Se detuvo alguna vez a considerar preguntas tales como: \u00bfqui\u00e9n soy? \u00bfPor qu\u00e9 estoy aqu\u00ed? \u00bfCu\u00e1l es el prop\u00f3sito de mi vida y qu\u00e9 puede darme satisfacci\u00f3n?<\/p>\n<p>Una forma en que la gente reflexiona sobre estas preguntas es sent\u00e1ndose en silencio en meditaci\u00f3n. Pasar alg\u00fan tiempo en meditaci\u00f3n nos abre las puertas para ayudarnos a encontrar las respuestas.<\/p>\n<h2 class=\" font-thin-4=\">Ganar sabidur\u00eda al profundizar su discernimiento<\/h2>\n<p>La tecnolog\u00eda con s\u00f3lo unos cuantos clics en un teclado nos ha permitido acceder a una gran cantidad de informaci\u00f3n en todos los campos del conocimiento. Pero con todo este conocimiento \u00bfquedan preguntas aun sin respuestas?<\/p>\n<p>Hay una fuente de sabidur\u00eda dentro de ti a la que no se puede acceder mediante una b\u00fasqueda en el Internet. Aguarda por ti en lo m\u00e1s profundo de tu ser. En lugar de entrar a la computadora, puedes conectarte con tu propia esencia interior o alma por medio de la meditaci\u00f3n. Esto te llevar\u00e1 a una fuente de sabidur\u00eda que enriquecer\u00e1 tu vida.<\/p>\n<h2 class=\"font-thin-4 margin-bottom-3\">Despertar espiritual<\/h2>\n<p>\u00bfQu\u00e9 es el despertar espiritual? Tal vez se pregunten acerca de su esp\u00edritu o alma, si son algo m\u00e1s que solo un cuerpo y una mente. El despertar espiritual es el momento en que empiezan a hacerse estas preguntas. Se\u00f1ala el comienzo de su b\u00fasqueda para encontrar respuestas.<\/p>\n<p>Si no encuentran satisfactorio lo que est\u00e1 disponible a trav\u00e9s de las fuentes externas, ya sean los libros o el Internet, tal vez deseen aprender una manera de explorar m\u00e1s a fondo, buscar internamente donde aguarda toda la sabidur\u00eda. Aprender a meditar es una t\u00e9cnica que puede ayudarles a encontrar lo que buscan.<\/p>\n<h2 class=\" font-thin-4=\">Experimentar la paz interior y exterior al conectar su alegr\u00eda interior<\/h2>\n<p>Cuando buscan respuestas y no consiguen encontrarlas, pueden sentirse inquietos o frustrados. Puede que est\u00e9n buscando respuestas a su prop\u00f3sito en la vida, qui\u00e9nes son y por qu\u00e9 est\u00e1n aqu\u00ed. A menudo esta inquietud es el comienzo del despertar espiritual.<\/p>\n<p>Las respuestas ya est\u00e1n dentro de ti, esperando a ser reveladas a trav\u00e9s de la pr\u00e1ctica de la meditaci\u00f3n. Descubran c\u00f3mo entrar en su santuario personal de alegr\u00eda y felicidad a trav\u00e9s de la meditaci\u00f3n, que los llevar\u00e1 a la paz interior y exterior y a la alegr\u00eda duradera.<\/p>\n<p><span class=\"sos-gold-text\">Regresa a esta p\u00e1gina de crecimiento espiritual para nuevos art\u00edculos y videos que te ayudar\u00e1n a descubrir el prop\u00f3sito en la vida y despertar espiritualmente a trav\u00e9s de la meditaci\u00f3n.<br \/>\n<\/span>[\/et_pb_text][et_pb_code _builder_version=\u00bb3.29.3&#8243; disabled=\u00bbon\u00bb disabled_on=\u00bbon|on|on\u00bb _i=\u00bb4&#8243; _address=\u00bb0.0.0.4&#8243;]<script type=\"text\/javascript\" src=\"\/\/app.icontact.com\/icp\/core\/mycontacts\/signup\/designer\/form\/automatic?id=575&#038;cid=1694517&#038;lid=4663\"><\/script> [\/et_pb_code][et_pb_cta button_url=\u00bbhttps:\/\/perf.stage.aws.wp.sos-dev.org\/es\/connect-form\/\u00bb button_text=\u00bbReg\u00edstrate\u00bb module_class=\u00bbsos-contact-us-cta \u00bb _builder_version=\u00bb3.29.3&#8243; background_enable_color=\u00bboff\u00bb max_width=\u00bb75%\u00bb max_width_last_edited=\u00bbon|desktop\u00bb module_alignment=\u00bbcenter\u00bb hover_enabled=\u00bb0&#8243; border_radii=\u00bbon|15px|15px|15px|15px\u00bb border_width_all=\u00bb1px\u00bb border_color_all=\u00bb#d3d3d3&#8243; box_shadow_style=\u00bbpreset1&#8243; _i=\u00bb5&#8243; _address=\u00bb0.0.0.5&#8243; background_layout=\u00bblight\u00bb]<\/p>\n<p>Reg\u00edstrese en nuestra lista de correo y contin\u00fae descubriendo los beneficios f\u00edsicos, mentales y emocionales de la meditaci\u00f3n<\/p>\n<p>[\/et_pb_cta][\/et_pb_column][\/et_pb_row][\/et_pb_section][et_pb_section fb_built=\u00bb1&#8243; module_class=\u00bbsos-marble-bg sos-highlight-section\u00bb _builder_version=\u00bb3.26.4&#8243; custom_padding=\u00bb50px|0px|54px|0px|false|false\u00bb box_shadow_style=\u00bbpreset1&#8243; global_module=\u00bb537&#8243; fb_built=\u00bb1&#8243; _i=\u00bb1&#8243; _address=\u00bb1&#8243;][et_pb_row make_equal=\u00bbon\u00bb _builder_version=\u00bb3.25&#8243; max_width=\u00bb89%\u00bb custom_padding=\u00bb0|0px|27px|0px|false|false\u00bb _i=\u00bb0&#8243; _address=\u00bb1.0&#8243;][et_pb_column type=\u00bb4_4&#8243; _builder_version=\u00bb3.25&#8243; custom_padding=\u00bb|||\u00bb custom_padding__hover=\u00bb|||\u00bb _i=\u00bb0&#8243; _address=\u00bb1.0.0&#8243;][et_pb_text _builder_version=\u00bb3.27.4&#8243; _i=\u00bb0&#8243; _address=\u00bb1.0.0.0&#8243;]<\/p>\n<h1 class=\"center-text font-size-8\">Want to Learn More?<\/h1>\n<p>[\/et_pb_text][et_pb_blog fullwidth=\u00bboff\u00bb posts_number=\u00bb6&#8243; include_categories=\u00bb30,35&#8243; show_thumbnail=\u00bboff\u00bb show_more=\u00bbon\u00bb show_author=\u00bboff\u00bb show_date=\u00bboff\u00bb show_categories=\u00bboff\u00bb show_pagination=\u00bboff\u00bb use_overlay=\u00bbon\u00bb overlay_icon_color=\u00bb#ffffff\u00bb hover_overlay_color=\u00bbrgba(229,222,216,0.4)\u00bb hover_icon=\u00bb%%24%%\u00bb masonry_tile_background_color=\u00bb#ffffff\u00bb admin_label=\u00bbSpiritual Growth Blog + Video Stream\u00bb module_class=\u00bbsos-article-grid\u00bb _builder_version=\u00bb3.26.4&#8243; text_orientation=\u00bbleft\u00bb _i=\u00bb1&#8243; _address=\u00bb1.0.0.1&#8243;]<\/p>\n<p>\u00a0<\/p>\n<p>[\/et_pb_blog][et_pb_blog fullwidth=\u00bboff\u00bb posts_number=\u00bb6&#8243; include_categories=\u00bb30,35&#8243; show_thumbnail=\u00bboff\u00bb show_more=\u00bbon\u00bb show_author=\u00bboff\u00bb show_date=\u00bboff\u00bb show_categories=\u00bboff\u00bb show_pagination=\u00bboff\u00bb use_overlay=\u00bbon\u00bb overlay_icon_color=\u00bb#ffffff\u00bb hover_overlay_color=\u00bbrgba(229,222,216,0.4)\u00bb hover_icon=\u00bb%%24%%\u00bb masonry_tile_background_color=\u00bb#ffffff\u00bb admin_label=\u00bbSpiritual Growth Blog + Video Stream\u00bb module_class=\u00bbsos-article-grid\u00bb _builder_version=\u00bb3.26.4&#8243; text_orientation=\u00bbleft\u00bb _i=\u00bb2&#8243; _address=\u00bb1.0.0.2&#8243;]<\/p>\n<p>\u00a0<\/p>\n<p>[\/et_pb_blog][\/et_pb_column][\/et_pb_row][\/et_pb_section][et_pb_section fb_built=\u00bb1&#8243; _builder_version=\u00bb3.26.4&#8243; background_color=\u00bb#e1b93b\u00bb background_image=\u00bbhttps:\/\/perf.stage.aws.wp.sos-dev.org\/wp-content\/uploads\/2018\/07\/footer-08.jpg\u00bb background_enable_image=\u00bboff\u00bb width=\u00bb100%\u00bb custom_padding=\u00bb35px|0px|35px|0px|false|false\u00bb disabled_on=\u00bbon|off|off\u00bb global_module=\u00bb403&#8243; saved_tabs=\u00bball\u00bb collapsed=\u00bboff\u00bb fb_built=\u00bb1&#8243; _i=\u00bb0&#8243; _address=\u00bb2&#8243;][et_pb_row column_structure=\u00bb1_4,1_4,1_4,1_4&#8243; make_equal=\u00bbon\u00bb module_class=\u00bbsos-expanded-footer\u00bb _builder_version=\u00bb3.25&#8243; _i=\u00bb0&#8243; _address=\u00bb2.0&#8243;][et_pb_column type=\u00bb1_4&#8243; _builder_version=\u00bb3.25&#8243; custom_padding=\u00bb|||\u00bb custom_padding__hover=\u00bb|||\u00bb _i=\u00bb0&#8243; _address=\u00bb2.0.0&#8243;][et_pb_text admin_label=\u00bbMeditation\u00bb _builder_version=\u00bb3.27.4&#8243; text_font=\u00bbNunito|600|||||||\u00bb text_text_color=\u00bb#968743&#8243; text_font_size=\u00bb13px\u00bb header_font=\u00bbNunito||||||||\u00bb header_5_font=\u00bbNunito|600|||||||\u00bb header_6_font=\u00bbNunito|600|||||||\u00bb _i=\u00bb0&#8243; _address=\u00bb2.0.0.0&#8243;]<\/p>\n<h3>MEDITATION<\/h3>\n<p><a title=\"Spiritual Growth\" href=\"https:\/\/perf.stage.aws.wp.sos-dev.org\/es\/spiritual-growth\/\">Spiritual Growth<\/a><\/p>\n<p><a title=\"Benefits of a Spiritual Guide\" href=\"https:\/\/perf.stage.aws.wp.sos-dev.org\/es\/sant-rajinder-singh\/\">Benefits of a Spiritual Guide<\/a><\/p>\n<p><a title=\"Health Benefits\" href=\"https:\/\/perf.stage.aws.wp.sos-dev.org\/es\/benefits-of-meditation-2\/\">Health Benefits<\/a><\/p>\n<p><a title=\"Healthy Living\" href=\"https:\/\/perf.stage.aws.wp.sos-dev.org\/es\/vegetarian-diet-and-vegetarian-meals\/\">Healthy Living<\/a><\/p>\n<p>[\/et_pb_text][\/et_pb_column][et_pb_column type=\u00bb1_4&#8243; _builder_version=\u00bb3.25&#8243; custom_padding=\u00bb|||\u00bb custom_padding__hover=\u00bb|||\u00bb _i=\u00bb1&#8243; _address=\u00bb2.0.1&#8243;][et_pb_text admin_label=\u00bbAbout Us\u00bb _builder_version=\u00bb3.27.4&#8243; text_font=\u00bbNunito|600|||||||\u00bb text_text_color=\u00bb#968743&#8243; text_font_size=\u00bb17px\u00bb header_font=\u00bbNunito||||||||\u00bb header_5_font=\u00bbNunito|600|||||||\u00bb header_6_font=\u00bbNunito|600|||||||\u00bb custom_margin=\u00bb|||\u00bb _i=\u00bb0&#8243; _address=\u00bb2.0.1.0&#8243;]<\/p>\n<h3>ABOUT US<\/h3>\n<p><a title=\"Our Organization\" href=\"https:\/\/perf.stage.aws.wp.sos-dev.org\/es\/about-us\/\">Our Organization<\/a><\/p>\n<p><a title=\"International Meditation Center\" href=\"https:\/\/perf.stage.aws.wp.sos-dev.org\/es\/western-headquarters\/\">International Meditation Center<\/a><\/p>\n<p>[\/et_pb_text][\/et_pb_column][et_pb_column type=\u00bb1_4&#8243; _builder_version=\u00bb3.25&#8243; custom_padding=\u00bb|||\u00bb custom_padding__hover=\u00bb|||\u00bb _i=\u00bb2&#8243; _address=\u00bb2.0.2&#8243;][et_pb_text admin_label=\u00bbExplore\u00bb _builder_version=\u00bb3.29.3&#8243; text_font=\u00bbNunito|600|||||||\u00bb text_text_color=\u00bb#968743&#8243; text_font_size=\u00bb17px\u00bb header_font=\u00bbNunito||||||||\u00bb header_5_font=\u00bbNunito|600|||||||\u00bb header_6_font=\u00bbNunito|600|||||||\u00bb _i=\u00bb0&#8243; _address=\u00bb2.0.2.0&#8243;]<\/p>\n<h3>EXPLORE<\/h3>\n<p><a title=\"Articles\" href=\"https:\/\/perf.stage.aws.wp.sos-dev.org\/es\/articles-2\/\">Articles<\/a><\/p>\n<p><a title=\"Videos\" href=\"https:\/\/perf.stage.aws.wp.sos-dev.org\/es\/videos-2\/\">Videos<\/a><\/p>\n<p>[\/et_pb_text][\/et_pb_column][et_pb_column type=\u00bb1_4&#8243; _builder_version=\u00bb3.25&#8243; custom_padding=\u00bb|||\u00bb custom_padding__hover=\u00bb|||\u00bb _i=\u00bb3&#8243; _address=\u00bb2.0.3&#8243;][et_pb_text admin_label=\u00bbMore\u00bb _builder_version=\u00bb3.27.4&#8243; text_font=\u00bbNunito|600|||||||\u00bb text_text_color=\u00bb#968743&#8243; text_font_size=\u00bb17px\u00bb header_font=\u00bbNunito||||||||\u00bb header_5_font=\u00bbNunito|600|||||||\u00bb header_6_font=\u00bbNunito|600|||||||\u00bb _i=\u00bb0&#8243; _address=\u00bb2.0.3.0&#8243;]<\/p>\n<h3>MORE<\/h3>\n<p><a title=\"Spiritual Guide\" href=\"https:\/\/perf.stage.aws.wp.sos-dev.org\/es\/sant-rajinder-singh\/\">Spiritual Guide<\/a><\/p>\n<p><a title=\"Find Porgrams\" href=\"https:\/\/perf.stage.aws.wp.sos-dev.org\/es\/find-programs-2\/\">Find Programs<\/a><\/p>\n<p><a title=\"Connect\" href=\"https:\/\/perf.stage.aws.wp.sos-dev.org\/es\/contact-us-2\/\">Connect<\/a><\/p>\n<p><a title=\"Privacy Policy\" href=\"\/privacy-policy\/\">Privacy Policy<\/a><\/p>\n<p>[\/et_pb_text][\/et_pb_column][\/et_pb_row][\/et_pb_section]<\/p>\n","protected":false},"excerpt":{"rendered":"<p>[et_pb_section fb_built=\u00bb1&#8243; custom_padding_last_edited=\u00bbon|desktop\u00bb module_class=\u00bbsos-fixed-video-bg\u00bb _builder_version=\u00bb3.22.3&#8243; background_image=\u00bbhttps:\/\/perf.stage.aws.wp.sos-dev.org\/wp-content\/uploads\/2018\/07\/SpiritualBenefitsSectionBG-Adjust-1.jpg\u00bb parallax=\u00bbon\u00bb parallax_method=\u00bboff\u00bb background_video_width=\u00bb980&#8243; background_video_height=\u00bb460&#8243; custom_padding=\u00bb92px|0px|54px|0px\u00bb fb_built=\u00bb1&#8243; _i=\u00bb0&#8243; _address=\u00bb0&#8243;][et_pb_row _builder_version=\u00bb3.25&#8243; background_color=\u00bbrgba(255,255,255,0.95)\u00bb custom_padding=\u00bb56px|15px|27px|15px|false|false\u00bb box_shadow_style=\u00bbpreset1&#8243; _i=\u00bb0&#8243; _address=\u00bb0.0&#8243;][et_pb_column type=\u00bb4_4&#8243; _builder_version=\u00bb3.25&#8243; custom_padding=\u00bb|||\u00bb _i=\u00bb0&#8243; _address=\u00bb0.0.0&#8243; custom_padding__hover=\u00bb|||\u00bb][et_pb_text admin_label=\u00bbtitle\u00bb _builder_version=\u00bb3.27.4&#8243; text_orientation=\u00bbcenter\u00bb text_font_size_last_edited=\u00bboff|desktop\u00bb _i=\u00bb0&#8243; _address=\u00bb0.0.0.0&#8243;] Meditaci\u00f3n para el crecimiento espiritual [\/et_pb_text][et_pb_text module_class=\u00bbsos-dropcap margin-bottom-6 margin-top-6&#8243; _builder_version=\u00bb3.27.4&#8243; max_width=\u00bb75%\u00bb max_width_last_edited=\u00bbon|desktop\u00bb module_alignment=\u00bbcenter\u00bb _i=\u00bb1&#8243; _address=\u00bb0.0.0.1&#8243;] A trav\u00e9s de la meditaci\u00f3n, pueden crecer espiritualmente [&hellip;]<\/p>\n","protected":false},"author":1,"featured_media":0,"parent":0,"menu_order":0,"comment_status":"closed","ping_status":"closed","template":"","meta":{"_et_pb_use_builder":"on","_et_pb_old_content":"","_et_gb_content_width":""},"_links":{"self":[{"href":"https:\/\/perf.stage.aws.cdn.wp.sos-dev.org\/es\/wp-json\/wp\/v2\/pages\/5850"}],"collection":[{"href":"https:\/\/perf.stage.aws.cdn.wp.sos-dev.org\/es\/wp-json\/wp\/v2\/pages"}],"about":[{"href":"https:\/\/perf.stage.aws.cdn.wp.sos-dev.org\/es\/wp-json\/wp\/v2\/types\/page"}],"author":[{"embeddable":true,"href":"https:\/\/perf.stage.aws.cdn.wp.sos-dev.org\/es\/wp-json\/wp\/v2\/users\/1"}],"replies":[{"embeddable":true,"href":"https:\/\/perf.stage.aws.cdn.wp.sos-dev.org\/es\/wp-json\/wp\/v2\/comments?post=5850"}],"version-history":[{"count":5,"href":"https:\/\/perf.stage.aws.cdn.wp.sos-dev.org\/es\/wp-json\/wp\/v2\/pages\/5850\/revisions"}],"predecessor-version":[{"id":36036,"href":"https:\/\/perf.stage.aws.cdn.wp.sos-dev.org\/es\/wp-json\/wp\/v2\/pages\/5850\/revisions\/36036"}],"wp:attachment":[{"href":"https:\/\/perf.stage.aws.cdn.wp.sos-dev.org\/es\/wp-json\/wp\/v2\/media?parent=5850"}],"curies":[{"name":"wp","href":"https:\/\/api.w.org\/{rel}","templated":true}]}}