{"id":5832,"date":"2018-08-04T07:25:58","date_gmt":"2018-08-04T12:25:58","guid":{"rendered":"https:\/\/perf.stage.aws.wp.sos-dev.org\/western-headquarters\/"},"modified":"2019-04-29T18:07:20","modified_gmt":"2019-04-29T18:07:20","slug":"western-headquarters","status":"publish","type":"page","link":"https:\/\/perf.stage.aws.cdn.wp.sos-dev.org\/es\/western-headquarters\/","title":{"rendered":"International Meditation Center"},"content":{"rendered":"<p>[et_pb_section bb_built=\u00bb1&#8243; module_class=\u00bbsos-marble-bg\u00bb _builder_version=\u00bb3.10.1&#8243; background_image=\u00bbhttps:\/\/perf.stage.aws.wp.sos-dev.org\/wp-content\/uploads\/2018\/11\/sos-international-meditation-center-rendering.jpg\u00bb parallax=\u00bbon\u00bb parallax_method=\u00bboff\u00bb custom_padding=\u00bb92px|||\u00bb next_background_color=\u00bb#f1d575&#8243;][et_pb_row custom_padding=\u00bb57px|57px|57px|57px\u00bb custom_padding_phone=\u00bb34px|34px|34px|34px\u00bb custom_padding_last_edited=\u00bbon|phone\u00bb _builder_version=\u00bb3.10&#8243; background_color=\u00bbrgba(255,255,255,0.95)\u00bb background_size=\u00bbinitial\u00bb background_position=\u00bbtop_left\u00bb background_repeat=\u00bbrepeat\u00bb][et_pb_column type=\u00bb4_4&#8243;][et_pb_text admin_label=\u00bbWestern Headquarters\u00bb _builder_version=\u00bb3.10.1&#8243;]<\/p>\n<h1 class=\"sos-uj-page-title\" style=\"text-align: center;\">Centro Internacional de Meditaci\u00f3n<\/h1>\n<p>[\/et_pb_text][et_pb_text admin_label=\u00bbOpen to the Public\u00bb _builder_version=\u00bb3.10.1&#8243; text_orientation=\u00bbcenter\u00bb]<\/p>\n<h2 style=\"line-height: normal;\">Abierto al p\u00fablico<\/h2>\n<p>[\/et_pb_text][et_pb_image src=\u00bbhttps:\/\/perf.stage.aws.wp.sos-dev.org\/wp-content\/uploads\/2018\/11\/sos-international-meditation-center.jpg\u00bb align=\u00bbcenter\u00bb _builder_version=\u00bb3.10.1&#8243; box_shadow_style=\u00bbpreset3&#8243; max_width=\u00bb85%\u00bb module_alignment=\u00bbcenter\u00bb mix_blend_mode=\u00bbmultiply\u00bb \/][et_pb_text _builder_version=\u00bb3.10.1&#8243; text_orientation=\u00bbcenter\u00bb]<\/p>\n<h2>Nuevo Centro de Meditaci\u00f3n de la Ciencia de la Espiritualidad<br \/>Lisle, Illinois<\/h2>\n<h3 class=\"sos-letter-spacing-text-4 sos-gold-text sos-whq-tag-text\">Descubra su santuario interior | Experimente la paz, la alegr\u00eda y la bienaventuranza<\/h3>\n<p>[\/et_pb_text][et_pb_text _builder_version=\u00bb3.10.1&#8243; text_orientation=\u00bbcenter\u00bb]<\/p>\n<p>\n&nbsp;<\/p>\n<h4><strong>Horario del centro: 10:00 am a 5:00 pm<br \/><\/strong><\/h4>\n<h4><strong>Consulte esta p\u00e1gina para obtener actualizaciones peri\u00f3dicas.<br \/><\/strong><\/h4>\n<p>[\/et_pb_text][et_pb_text module_class=\u00bbbullet-points\u00bb _builder_version=\u00bb3.19.2&#8243; max_width=\u00bb60%\u00bb max_width_tablet=\u00bb85%\u00bb max_width_phone=\u00bb100%\u00bb max_width_last_edited=\u00bbon|phone\u00bb module_alignment=\u00bbcenter\u00bb]<\/p>\n<ul>\n<li>Descubra los beneficios de la meditaci\u00f3n para la salud espiritual, f\u00edsica, mental y emocional.<\/li>\n<li>Rel\u00e1jese y refr\u00e9squese en el tranquilo santuario de meditaci\u00f3n.<\/li>\n<li>Aprenda a meditar a trav\u00e9s de clases y talleres.<\/li>\n<li>Participe en talleres y clases de cocina para aprender los beneficios de una dieta vegetariana y obtenga consejos para una vida saludable de uno de los principales patrocinadores del Veggie Fest.<\/li>\n<li>Asista a charlas p\u00fablicas inspiradoras y elevadoras, seminarios de meditaci\u00f3n y programas para aprender la meditaci\u00f3n de <a href=\"https:\/\/perf.stage.aws.wp.sos-dev.org\/es\/sant-rajinder-singh\/\">Sant Rajinder Singh Ji Maharaj.<\/a><\/li>\n<\/ul>\n<p>[\/et_pb_text][et_pb_text _builder_version=\u00bb3.19.2&#8243; text_orientation=\u00bbcenter\u00bb]<\/p>\n<h4><strong>\u00a1Explore este sitio web para encontrar art\u00edculos y videos sobre c\u00f3mo la meditaci\u00f3n puede enriquecer su vida!<\/strong><\/h4>\n<p>[\/et_pb_text][et_pb_text admin_label=\u00bbLocation\u00bb _builder_version=\u00bb3.10.1&#8243;]<\/p>\n<h4><strong>Direcci\u00f3n: Ciencia de la Espiritualidad, 4105 Naperville Rd, Lisle, IL 60532<\/strong><\/h4>\n<p>[\/et_pb_text][et_pb_map address=\u00bb4105 Naperville Rd, Lisle, IL 60532, USA\u00bb address_lat=\u00bb41.8108215&#8243; address_lng=\u00bb-88.11536460000002&#8243; mouse_wheel=\u00bboff\u00bb mobile_dragging=\u00bboff\u00bb _builder_version=\u00bb3.19.2&#8243; box_shadow_style=\u00bbpreset1&#8243; max_width=\u00bb90%\u00bb module_alignment=\u00bbcenter\u00bb \/][\/et_pb_column][\/et_pb_row][\/et_pb_section][et_pb_section bb_built=\u00bb1&#8243; disabled_on=\u00bbon|off|off\u00bb _builder_version=\u00bb3.10&#8243; background_color=\u00bb#f1d575&#8243; custom_padding=\u00bb35px|0px|35px|0px|false|false\u00bb saved_tabs=\u00bball\u00bb background_image=\u00bbhttps:\/\/perf.stage.aws.wp.sos-dev.org\/wp-content\/uploads\/2018\/07\/footer-08.jpg\u00bb prev_background_color=\u00bb#ffffff\u00bb global_module=\u00bb403&#8243;][et_pb_row global_parent=\u00bb403&#8243; make_equal=\u00bbon\u00bb module_class=\u00bbsos-expanded-footer\u00bb _builder_version=\u00bb3.9&#8243;][et_pb_column type=\u00bb1_4&#8243;][et_pb_text admin_label=\u00bbMeditation\u00bb global_parent=\u00bb403&#8243; _builder_version=\u00bb3.19.2&#8243; text_font=\u00bbNunito|600|||||||\u00bb text_text_color=\u00bb#968743&#8243; text_font_size=\u00bb13px\u00bb header_font=\u00bbNunito||||||||\u00bb header_5_font=\u00bbNunito|600|||||||\u00bb header_6_font=\u00bbNunito|600|||||||\u00bb]<\/p>\n<h3>MEDITATION<\/h3>\n<p><a title=\"Spiritual Growth\" href=\"https:\/\/perf.stage.aws.wp.sos-dev.org\/es\/spiritual-growth\/\">Spiritual Growth<\/a><\/p>\n<p><a title=\"Benefits of a Spiritual Guide\" href=\"https:\/\/perf.stage.aws.wp.sos-dev.org\/es\/sant-rajinder-singh\/\">Benefits of a Spiritual Guide<\/a><\/p>\n<p><a title=\"Health Benefits\" href=\"\/benefits-of-meditation\/\">Health Benefits<\/a><\/p>\n<p><a title=\"Healthy Living\" href=\"https:\/\/perf.stage.aws.wp.sos-dev.org\/es\/vegetarian-diet-and-vegetarian-meals\/\">Healthy Living<\/a><\/p>\n<p>[\/et_pb_text][\/et_pb_column][et_pb_column type=\u00bb1_4&#8243;][et_pb_text admin_label=\u00bbAbout Us\u00bb global_parent=\u00bb403&#8243; _builder_version=\u00bb3.19.2&#8243; text_font=\u00bbNunito|600|||||||\u00bb text_text_color=\u00bb#968743&#8243; text_font_size=\u00bb17px\u00bb header_font=\u00bbNunito||||||||\u00bb header_5_font=\u00bbNunito|600|||||||\u00bb header_6_font=\u00bbNunito|600|||||||\u00bb custom_margin=\u00bb|||\u00bb]<\/p>\n<h3>ABOUT US<\/h3>\n<p><a title=\"Our Organization\" href=\"https:\/\/perf.stage.aws.wp.sos-dev.org\/es\/about-us\/\">Our Organization<\/a><\/p>\n<p><a title=\"International Meditation Center\" href=\"https:\/\/perf.stage.aws.wp.sos-dev.org\/es\/western-headquarters\/\">International Meditation Center<\/a><\/p>\n<p>[\/et_pb_text][\/et_pb_column][et_pb_column type=\u00bb1_4&#8243;][et_pb_text admin_label=\u00bbExplore\u00bb global_parent=\u00bb403&#8243; _builder_version=\u00bb3.19.2&#8243; text_font=\u00bbNunito|600|||||||\u00bb text_text_color=\u00bb#968743&#8243; text_font_size=\u00bb17px\u00bb header_font=\u00bbNunito||||||||\u00bb header_5_font=\u00bbNunito|600|||||||\u00bb header_6_font=\u00bbNunito|600|||||||\u00bb]<\/p>\n<h3>EXPLORE<\/h3>\n<p><a title=\"Articles\" href=\"\/articles\/\">Article<\/a><\/p>\n<p><a title=\"Videos\" href=\"\/videos\/\">Videos<\/a><\/p>\n<p>[\/et_pb_text][\/et_pb_column][et_pb_column type=\u00bb1_4&#8243;][et_pb_text admin_label=\u00bbMore\u00bb global_parent=\u00bb403&#8243; _builder_version=\u00bb3.19.2&#8243; text_font=\u00bbNunito|600|||||||\u00bb text_text_color=\u00bb#968743&#8243; text_font_size=\u00bb17px\u00bb header_font=\u00bbNunito||||||||\u00bb header_5_font=\u00bbNunito|600|||||||\u00bb header_6_font=\u00bbNunito|600|||||||\u00bb]<\/p>\n<h3>MORE<\/h3>\n<p><a title=\"Spiritual Guide\" href=\"https:\/\/perf.stage.aws.wp.sos-dev.org\/es\/sant-rajinder-singh\/\">Spiritual Guide<\/a><\/p>\n<p><a title=\"Find Porgrams\" href=\"\/find-programs\/\">Find Programs<\/a><\/p>\n<p><a title=\"Connect\" href=\"\/contact-us\/\">Connect<\/a><\/p>\n<p><a title=\"Privacy Policy\" href=\"\/privacy-policy\/\">Privacy Policy<\/a><\/p>\n<p>[\/et_pb_text][\/et_pb_column][\/et_pb_row][\/et_pb_section]<\/p>\n","protected":false},"excerpt":{"rendered":"<p>[et_pb_section bb_built=\u00bb1&#8243; module_class=\u00bbsos-marble-bg\u00bb _builder_version=\u00bb3.10.1&#8243; background_image=\u00bbhttps:\/\/perf.stage.aws.wp.sos-dev.org\/wp-content\/uploads\/2018\/11\/sos-international-meditation-center-rendering.jpg\u00bb parallax=\u00bbon\u00bb parallax_method=\u00bboff\u00bb custom_padding=\u00bb92px|||\u00bb next_background_color=\u00bb#f1d575&#8243;][et_pb_row custom_padding=\u00bb57px|57px|57px|57px\u00bb custom_padding_phone=\u00bb34px|34px|34px|34px\u00bb custom_padding_last_edited=\u00bbon|phone\u00bb _builder_version=\u00bb3.10&#8243; background_color=\u00bbrgba(255,255,255,0.95)\u00bb background_size=\u00bbinitial\u00bb background_position=\u00bbtop_left\u00bb background_repeat=\u00bbrepeat\u00bb][et_pb_column type=\u00bb4_4&#8243;][et_pb_text admin_label=\u00bbWestern Headquarters\u00bb _builder_version=\u00bb3.10.1&#8243;] Centro Internacional de Meditaci\u00f3n [\/et_pb_text][et_pb_text admin_label=\u00bbOpen to the Public\u00bb _builder_version=\u00bb3.10.1&#8243; text_orientation=\u00bbcenter\u00bb] Abierto al p\u00fablico [\/et_pb_text][et_pb_image src=\u00bbhttps:\/\/perf.stage.aws.wp.sos-dev.org\/wp-content\/uploads\/2018\/11\/sos-international-meditation-center.jpg\u00bb align=\u00bbcenter\u00bb _builder_version=\u00bb3.10.1&#8243; box_shadow_style=\u00bbpreset3&#8243; max_width=\u00bb85%\u00bb module_alignment=\u00bbcenter\u00bb mix_blend_mode=\u00bbmultiply\u00bb \/][et_pb_text _builder_version=\u00bb3.10.1&#8243; text_orientation=\u00bbcenter\u00bb] Nuevo Centro de Meditaci\u00f3n de la Ciencia de la [&hellip;]<\/p>\n","protected":false},"author":1,"featured_media":0,"parent":0,"menu_order":0,"comment_status":"closed","ping_status":"closed","template":"","meta":{"_et_pb_use_builder":"on","_et_pb_old_content":"","_et_gb_content_width":""},"_links":{"self":[{"href":"https:\/\/perf.stage.aws.cdn.wp.sos-dev.org\/es\/wp-json\/wp\/v2\/pages\/5832"}],"collection":[{"href":"https:\/\/perf.stage.aws.cdn.wp.sos-dev.org\/es\/wp-json\/wp\/v2\/pages"}],"about":[{"href":"https:\/\/perf.stage.aws.cdn.wp.sos-dev.org\/es\/wp-json\/wp\/v2\/types\/page"}],"author":[{"embeddable":true,"href":"https:\/\/perf.stage.aws.cdn.wp.sos-dev.org\/es\/wp-json\/wp\/v2\/users\/1"}],"replies":[{"embeddable":true,"href":"https:\/\/perf.stage.aws.cdn.wp.sos-dev.org\/es\/wp-json\/wp\/v2\/comments?post=5832"}],"version-history":[{"count":2,"href":"https:\/\/perf.stage.aws.cdn.wp.sos-dev.org\/es\/wp-json\/wp\/v2\/pages\/5832\/revisions"}],"predecessor-version":[{"id":7617,"href":"https:\/\/perf.stage.aws.cdn.wp.sos-dev.org\/es\/wp-json\/wp\/v2\/pages\/5832\/revisions\/7617"}],"wp:attachment":[{"href":"https:\/\/perf.stage.aws.cdn.wp.sos-dev.org\/es\/wp-json\/wp\/v2\/media?parent=5832"}],"curies":[{"name":"wp","href":"https:\/\/api.w.org\/{rel}","templated":true}]}}