{"id":5780,"date":"2018-08-04T07:48:19","date_gmt":"2018-08-04T12:48:19","guid":{"rendered":"https:\/\/perf.stage.aws.wp.sos-dev.org\/find-programs-2\/"},"modified":"2020-06-26T17:18:12","modified_gmt":"2020-06-26T22:18:12","slug":"find-programs-2","status":"publish","type":"page","link":"https:\/\/perf.stage.aws.cdn.wp.sos-dev.org\/es\/find-programs-2\/","title":{"rendered":"Buscar programas"},"content":{"rendered":"<p>[et_pb_section fb_built=\u00bb1&#8243; fullwidth=\u00bbon\u00bb module_class=\u00bbsos-page-preloader\u00bb _builder_version=\u00bb3.26.6&#8243; custom_padding=\u00bb160px|0px|224px|0px|false|false\u00bb][et_pb_fullwidth_code _builder_version=\u00bb3.19.2&#8243;]<!-- [et_pb_line_break_holder] -->[\/et_pb_fullwidth_code][\/et_pb_section][et_pb_section fb_built=\u00bb1&#8243; module_class=\u00bbsos-page-loaded-section sos-marble-bg\u00bb _builder_version=\u00bb3.26.6&#8243; background_color=\u00bb#e8e4d4&#8243; background_enable_image=\u00bboff\u00bb parallax=\u00bbon\u00bb parallax_method=\u00bboff\u00bb][et_pb_row module_class=\u00bb et_pb_row_fullwidth\u00bb _builder_version=\u00bb3.25&#8243; width=\u00bb89%\u00bb width_tablet=\u00bb80%\u00bb width_phone=\u00bb\u00bb width_last_edited=\u00bbon|desktop\u00bb max_width=\u00bb89%\u00bb max_width_tablet=\u00bb80%\u00bb max_width_phone=\u00bb\u00bb max_width_last_edited=\u00bbon|desktop\u00bb make_fullwidth=\u00bbon\u00bb][et_pb_column type=\u00bb4_4&#8243; _builder_version=\u00bb3.25&#8243; custom_padding=\u00bb|||\u00bb custom_padding__hover=\u00bb|||\u00bb][et_pb_text admin_label=\u00bbProgram cancel note\u00bb _builder_version=\u00bb4.4.6&#8243; text_font=\u00bb|700|||||||\u00bb text_font_size=\u00bb20px\u00bb text_orientation=\u00bbcenter\u00bb custom_padding=\u00bb10px||10px||false|false\u00bb]Debido a la preocupaci\u00f3n por el coronavirus, todos los eventos p\u00fablicos y programas de Ciencia de la Espiritualidad se posponen hasta nuevo aviso.[\/et_pb_text][et_pb_text admin_label=\u00bbFind Online Programs Header\u00bb _builder_version=\u00bb4.4.6&#8243;]<\/p>\n<h1 class=\"sos-uj-page-title\" style=\"text-align: center;\">Buscar programas<\/h1>\n<p>[\/et_pb_text][et_pb_code admin_label=\u00bbOnline Events List Code\u00bb _builder_version=\u00bb4.4.6&#8243;]<\/p>\n<div id=\"sos-online-ajax-processing-indicator\"><!-- [et_pb_line_break_holder] --><!-- [et_pb_line_break_holder] --><\/div>\n<p><!-- [et_pb_line_break_holder] --><\/p>\n<div style=\"clear:both;\"><\/div>\n<p><!-- [et_pb_line_break_holder] --><\/p>\n<div id=\"sos-online-program-list-wrapper\"><\/div>\n<p>[\/et_pb_code][et_pb_button button_text=\u00bbMore Events\u00bb button_alignment=\u00bbcenter\u00bb admin_label=\u00bbShow More Events Button\u00bb module_class=\u00bbsos-show-more-events-btn\u00bb _builder_version=\u00bb4.4.6&#8243; custom_button=\u00bbon\u00bb button_border_radius=\u00bb20px\u00bb button_use_icon=\u00bboff\u00bb][\/et_pb_button][et_pb_text admin_label=\u00bbFind a Center Header\u00bb _builder_version=\u00bb4.4.6&#8243;]<\/p>\n<h1 style=\"text-align: center;\" class=\"sos-uj-page-title\">Find a Center<\/h1>\n<p>[\/et_pb_text][et_pb_code _builder_version=\u00bb4.4.6&#8243;]<\/p>\n<div id=\"sos-programs-search-wrapper\">\n<p><!-- [et_pb_line_break_holder] --><\/p>\n<div id=\"sos-programs-search-field\"><!-- [et_pb_line_break_holder] --> <input id=\"sos-programs-search-text\" class=\"sos-programs-text-field\" style=\"padding-bottom: 7px;\" name=\"sos-programs-search-text\" type=\"text\" \/> <!-- [et_pb_line_break_holder] --><!-- [et_pb_line_break_holder] --><button id=\"sos-programs-search-btn\" class=\"sos-text-box-btn\"><span class=\"fa fa-search\"><\/span><\/button><!-- [et_pb_line_break_holder] --><\/div>\n<p><!-- [et_pb_line_break_holder] --><\/p>\n<div id=\"sos-programs-filter-options\"><!-- [et_pb_line_break_holder] --> <input id=\"sos-programs-centers-option\" checked=\"checked\" type=\"checkbox\" \/> Centers<!-- [et_pb_line_break_holder] --> <input id=\"sos-programs-events-option\" checked=\"checked\" type=\"checkbox\" \/> Events<!-- [et_pb_line_break_holder] --> <input id=\"sos-programs-meetings-option\" checked=\"checked\" type=\"checkbox\" \/> Meetings<!-- [et_pb_line_break_holder] --><\/div>\n<p><!-- [et_pb_line_break_holder] --><\/p>\n<div id=\"sos-programs-filter-radius-options\"><!-- [et_pb_line_break_holder] --> Limitar los resultados dentro de <!-- [et_pb_line_break_holder] --><select id=\"sos-programs-radius-option\"><!-- [et_pb_line_break_holder] --><option value=\"30\">50 kil\u00f3metros&#8230;<\/option><!-- [et_pb_line_break_holder] --><option selected=\"selected\" value=\"50\">80 kil\u00f3metros&#8230;<\/option><!-- [et_pb_line_break_holder] --><option value=\"100\">160 km.<\/option><!-- [et_pb_line_break_holder] --><option value=\"500\">800 kil\u00f3metros&#8230;<\/option><!-- [et_pb_line_break_holder] --><option value=\"50000\">Sin l\u00edmite alguno <\/option><!-- [et_pb_line_break_holder] --><br \/>\n<\/select><\/p>\n<p><!-- [et_pb_line_break_holder] --><\/div>\n<p><!-- [et_pb_line_break_holder] --><\/p>\n<div id=\"sos-programs-map-option\">\n<p><!-- [et_pb_line_break_holder] --><a href=\"https:\/\/perf.stage.aws.wp.sos-dev.org\/es\/find-programs-map\/\"><!-- [et_pb_line_break_holder] --><\/a><\/p>\n<div id=\"sos-programs-map-button\"><\/div>\n<p><!-- [et_pb_line_break_holder] --><\/p>\n<\/div>\n<p><!-- [et_pb_line_break_holder] --><!-- [et_pb_line_break_holder] --><\/p>\n<div style=\"clear: both;\"><\/div>\n<p><!-- [et_pb_line_break_holder] --><\/p>\n<\/div>\n<p><!-- [et_pb_line_break_holder] --><\/p>\n<div id=\"sos-ajax-processing-indicator\"><!-- [et_pb_line_break_holder] --><!-- [et_pb_line_break_holder] --><\/div>\n<p><!-- [et_pb_line_break_holder] --><\/p>\n<div style=\"clear: both;\"><\/div>\n<p><!-- [et_pb_line_break_holder] --><\/p>\n<div id=\"sos-program-list-wrapper\"><\/div>\n<p>[\/et_pb_code][et_pb_text module_class=\u00bbsos-find-program-refine-search-map-bg\u00bb _builder_version=\u00bb3.27.4&#8243;]<\/p>\n<h2 style=\"text-align: left;\">No se han encontrado resultados para los criterios de b\u00fasqueda, refina la b\u00fasqueda y vuelve a intentarlo con un radio de b\u00fasqueda m\u00e1s amplio.<\/h2>\n<p>[\/et_pb_text][et_pb_text disabled_on=\u00bbon|on|on\u00bb module_class=\u00bbsos-find-program-no-result-map-bg-archive\u00bb _builder_version=\u00bb4.4.6&#8243; disabled=\u00bbon\u00bb]<\/p>\n<h2 style=\"text-align: left;\">Ciencia de la Espiritualidad tiene centros de meditaci\u00f3n en todo el mundo con eventos programados regularmente. Ingrese su ciudad, estado o c\u00f3digo postal para encontrar una ubicaci\u00f3n cerca de usted.<\/h2>\n<p>[\/et_pb_text][\/et_pb_column][\/et_pb_row][\/et_pb_section][et_pb_section fb_built=\u00bb1&#8243; disabled_on=\u00bbon|off|off\u00bb _builder_version=\u00bb4.4.1&#8243; background_color=\u00bb#e1b93b\u00bb background_image=\u00bbhttps:\/\/perf.stage.aws.wp.sos-dev.org\/wp-content\/uploads\/2018\/07\/footer-08.jpg\u00bb background_enable_image=\u00bboff\u00bb width=\u00bb100%\u00bb custom_padding=\u00bb35px|0px|35px|0px|false|false\u00bb global_module=\u00bb403&#8243; saved_tabs=\u00bball\u00bb collapsed=\u00bboff\u00bb][et_pb_row column_structure=\u00bb1_4,1_4,1_4,1_4&#8243; make_equal=\u00bbon\u00bb module_class=\u00bbsos-expanded-footer\u00bb _builder_version=\u00bb3.25&#8243;][et_pb_column type=\u00bb1_4&#8243; _builder_version=\u00bb3.25&#8243; custom_padding=\u00bb|||\u00bb custom_padding__hover=\u00bb|||\u00bb][et_pb_text admin_label=\u00bbMeditation\u00bb _builder_version=\u00bb4.4.1&#8243; text_font=\u00bbNunito|600|||||||\u00bb text_text_color=\u00bb#968743&#8243; text_font_size=\u00bb13px\u00bb header_font=\u00bbNunito||||||||\u00bb header_5_font=\u00bbNunito|600|||||||\u00bb header_6_font=\u00bbNunito|600|||||||\u00bb]<\/p>\n<h3>MEDITATION<\/h3>\n<p><a title=\"Spiritual Growth\" href=\"https:\/\/perf.stage.aws.wp.sos-dev.org\/es\/spiritual-growth\/\">Spiritual Growth<\/a><\/p>\n<p><a title=\"Benefits of a Spiritual Guide\" href=\"https:\/\/perf.stage.aws.wp.sos-dev.org\/es\/sant-rajinder-singh\/\">Benefits of a Spiritual Guide<\/a><\/p>\n<p><a title=\"Health Benefits\" href=\"https:\/\/perf.stage.aws.wp.sos-dev.org\/es\/benefits-of-meditation-2\/\">Health Benefits<\/a><\/p>\n<p><a title=\"Healthy Living\" href=\"https:\/\/perf.stage.aws.wp.sos-dev.org\/es\/vegetarian-diet-and-vegetarian-meals\/\">Healthy Living<\/a>[\/et_pb_text][\/et_pb_column][et_pb_column type=\u00bb1_4&#8243; _builder_version=\u00bb3.25&#8243; custom_padding=\u00bb|||\u00bb custom_padding__hover=\u00bb|||\u00bb][et_pb_text admin_label=\u00bbAbout Us\u00bb _builder_version=\u00bb3.27.4&#8243; text_font=\u00bbNunito|600|||||||\u00bb text_text_color=\u00bb#968743&#8243; text_font_size=\u00bb17px\u00bb header_font=\u00bbNunito||||||||\u00bb header_5_font=\u00bbNunito|600|||||||\u00bb header_6_font=\u00bbNunito|600|||||||\u00bb custom_margin=\u00bb|||\u00bb]<\/p>\n<h3>ABOUT US<\/h3>\n<p><a title=\"Our Organization\" href=\"https:\/\/perf.stage.aws.wp.sos-dev.org\/es\/about-us\/\">Our Organization<\/a><\/p>\n<p><a title=\"International Meditation Center\" href=\"https:\/\/perf.stage.aws.wp.sos-dev.org\/es\/western-headquarters\/\">International Meditation Center<\/a>[\/et_pb_text][\/et_pb_column][et_pb_column type=\u00bb1_4&#8243; _builder_version=\u00bb3.25&#8243; custom_padding=\u00bb|||\u00bb custom_padding__hover=\u00bb|||\u00bb][et_pb_text admin_label=\u00bbExplore\u00bb _builder_version=\u00bb3.29.3&#8243; text_font=\u00bbNunito|600|||||||\u00bb text_text_color=\u00bb#968743&#8243; text_font_size=\u00bb17px\u00bb header_font=\u00bbNunito||||||||\u00bb header_5_font=\u00bbNunito|600|||||||\u00bb header_6_font=\u00bbNunito|600|||||||\u00bb]<\/p>\n<h3>EXPLORE<\/h3>\n<p><a title=\"Articles\" href=\"https:\/\/perf.stage.aws.wp.sos-dev.org\/es\/articles-2\/\">Articles<\/a><\/p>\n<p><a title=\"Videos\" href=\"https:\/\/perf.stage.aws.wp.sos-dev.org\/es\/videos-2\/\">Videos<\/a>[\/et_pb_text][\/et_pb_column][et_pb_column type=\u00bb1_4&#8243; _builder_version=\u00bb3.25&#8243; custom_padding=\u00bb|||\u00bb custom_padding__hover=\u00bb|||\u00bb][et_pb_text admin_label=\u00bbMore\u00bb _builder_version=\u00bb4.4.6&#8243; text_font=\u00bbNunito|600|||||||\u00bb text_text_color=\u00bb#968743&#8243; text_font_size=\u00bb17px\u00bb header_font=\u00bbNunito||||||||\u00bb header_5_font=\u00bbNunito|600|||||||\u00bb header_6_font=\u00bbNunito|600|||||||\u00bb]<\/p>\n<h3>MORE<\/h3>\n<p><a title=\"Spiritual Guide\" href=\"https:\/\/perf.stage.aws.wp.sos-dev.org\/es\/sant-rajinder-singh\/\">Spiritual Guide<\/a><\/p>\n<p><a title=\"Find Porgrams\" href=\"https:\/\/perf.stage.aws.wp.sos-dev.org\/es\/find-programs-2\/\">Find Programs<\/a><\/p>\n<p><a title=\"Connect\" href=\"https:\/\/perf.stage.aws.wp.sos-dev.org\/es\/contact-us-2\/\">Connect<\/a><\/p>\n<p><a title=\"Privacy Policy\" href=\"\/privacy-policy\/\">Privacy Policy<\/a>[\/et_pb_text][\/et_pb_column][\/et_pb_row][\/et_pb_section][et_pb_section fb_built=\u00bb1&#8243; _builder_version=\u00bb3.22&#8243; custom_css_main_element=\u00bbdisplay: none;||\u00bb][et_pb_row _builder_version=\u00bb3.25&#8243; background_size=\u00bbinitial\u00bb background_position=\u00bbtop_left\u00bb background_repeat=\u00bbrepeat\u00bb][et_pb_column type=\u00bb4_4&#8243; _builder_version=\u00bb3.25&#8243; custom_padding=\u00bb|||\u00bb custom_padding__hover=\u00bb|||\u00bb][et_pb_code admin_label=\u00bbFind Programs JS Code\u00bb _builder_version=\u00bb4.4.6&#8243;]<script src=\"https:\/\/cdnjs.cloudflare.com\/ajax\/libs\/moment.js\/2.22.2\/moment-with-locales.min.js\"><\/script><!-- [et_pb_line_break_holder] --><!-- [et_pb_line_break_holder] --><script src='https:\/\/maps.googleapis.com\/maps\/api\/js?v=3.exp&#038;key=AIzaSyDnRoyCxAwNrD9WVFB0TFptucIOPMFSCJM&#038;libraries=places'><\/script><!-- [et_pb_line_break_holder] --><!-- [et_pb_line_break_holder] --><script src=\"https:\/\/cdnjs.cloudflare.com\/ajax\/libs\/handlebars.js\/4.0.11\/handlebars.min.js\"><\/script><!-- [et_pb_line_break_holder] --><!-- [et_pb_line_break_holder] --><script id=\"sos-program-template\" type=\"text\/x-handlebars-template\"><!-- [et_pb_line_break_holder] -->{{#each locations}}<!-- [et_pb_line_break_holder] --> <\/pee>\n<div class=\"sos-program-wrapper\"><pee><!-- [et_pb_line_break_holder] --> <\/pee>\n<div class=\"sos-program-left-section\"><pee><!-- [et_pb_line_break_holder] --> <\/pee>\n<div class=\"sos-program-type\"><!-- [et_pb_line_break_holder] --> {{LocationType}}<!-- [et_pb_line_break_holder] --> <\/div>\n<pee><!-- [et_pb_line_break_holder] --> {{#if IsCenterOrMeeting}}<!-- [et_pb_line_break_holder] --> <\/pee>\n<div class=\"sos-program-location-name\"><!-- [et_pb_line_break_holder] --> {{LocationName}}<!-- [et_pb_line_break_holder] --> <\/div>\n<pee><!-- [et_pb_line_break_holder] --> {{\/if}}<!-- [et_pb_line_break_holder] --> {{#if IsEvent}}<!-- [et_pb_line_break_holder] --> <\/pee>\n<div class=\"sos-event-lg sos-program-event-month\"><!-- [et_pb_line_break_holder] --> {{EventMonth}}<!-- [et_pb_line_break_holder] --> <\/div>\n<pee><!-- [et_pb_line_break_holder] --> <\/pee>\n<div class=\"sos-event-lg sos-program-event-date\"><!-- [et_pb_line_break_holder] --> {{EventDate}}<!-- [et_pb_line_break_holder] --> <\/div>\n<pee><!-- [et_pb_line_break_holder] --> <\/pee>\n<div class=\"sos-event-lg sos-program-event-year\"><!-- [et_pb_line_break_holder] --> {{EventYear}}<!-- [et_pb_line_break_holder] --> <\/div>\n<pee><!-- [et_pb_line_break_holder] --> <\/pee>\n<div class=\"sos-event-sm sos-program-event-date\"><!-- [et_pb_line_break_holder] --> {{EventMonth}} {{EventDate}}, {{EventYear}}<!-- [et_pb_line_break_holder] --> <\/div>\n<pee><!-- [et_pb_line_break_holder] --> {{\/if}}<!-- [et_pb_line_break_holder] --> <\/div>\n<pee><!-- [et_pb_line_break_holder] --> <\/pee>\n<div class=\"sos-program-center-section\"><pee><!-- [et_pb_line_break_holder] --> <\/pee>\n<div class=\"sos-program-location-details\"><pee><!-- [et_pb_line_break_holder] --> <\/pee>\n<div class=\"sos-program-event-name\"><pee><!-- [et_pb_line_break_holder] --> {{#if IsEvent}}<!-- [et_pb_line_break_holder] --> <\/pee>\n<h2> {{LocationName}}<\/h2>\n<pee><!-- [et_pb_line_break_holder] --> {{\/if}}<!-- [et_pb_line_break_holder] --> {{#if IsCenterOrMeeting}}<!-- [et_pb_line_break_holder] --> <\/pee>\n<h2 class=\"sos-program-title-filler\">\u00a0<\/h2>\n<pee><!-- [et_pb_line_break_holder] --> {{\/if}}<!-- [et_pb_line_break_holder] --><\/div>\n<pee><!-- [et_pb_line_break_holder] --> <\/pee>\n<div class=\"sos-program-location-locale\">{{PrimaryLocale}}<\/div>\n<pee><!-- [et_pb_line_break_holder] --> <\/pee>\n<div class=\"sos-program-location-address\"> Address: {{Address1}}, {{#if Address2}} {{Address2}}, {{\/if}} <!-- [et_pb_line_break_holder] --> {{#if City}} {{City}}, {{\/if}} {{#if State}} {{State}}, {{\/if}}<!-- [et_pb_line_break_holder] --> {{#if Country}} {{Country}} {{\/if}} {{#if ZipCode}} ,{{ZipCode}} {{\/if}}<!-- [et_pb_line_break_holder] --><\/div>\n<pee><!-- [et_pb_line_break_holder] --> <\/pee>\n<div class=\"sos-program-location-contact\"><!-- [et_pb_line_break_holder] --> Contact: {{#if ContactName}} {{ContactName}} | {{\/if}} {{#if ContactPhone}} {{ContactPhone}} | {{\/if}} {{ContactEmail}}<!-- [et_pb_line_break_holder] --><\/div>\n<pee><!-- [et_pb_line_break_holder] --> <\/div>\n<pee><!-- [et_pb_line_break_holder] --> <\/div>\n<pee><!-- [et_pb_line_break_holder] --> <\/pee>\n<div class=\"sos-program-right-section\"><pee><!-- [et_pb_line_break_holder] --> <\/pee>\n<div class=\"sos-program-link-wrapper\"><!-- [et_pb_line_break_holder] --> <a class=\"sos-program-view-link\" href=\"{{LocationURL}}\"><!-- [et_pb_line_break_holder] --> View Details<!-- [et_pb_line_break_holder] --> <\/a><!-- [et_pb_line_break_holder] --> <\/div>\n<pee><!-- [et_pb_line_break_holder] --> <\/div>\n<pee><!-- [et_pb_line_break_holder] --> <\/pee>\n<div style=\"clear: both;\"><\/div>\n<pee><!-- [et_pb_line_break_holder] --> <\/div>\n<pee><!-- [et_pb_line_break_holder] --> {{\/each}}<!-- [et_pb_line_break_holder] --><\/script><!-- [et_pb_line_break_holder] --><!-- [et_pb_line_break_holder] --><script type=\"text\/javascript\" src=\"\/wp-content\/themes\/DiviSOS\/js\/js.cookie-2.2.0.min.js\" ><\/script><!-- [et_pb_line_break_holder] --><!-- [et_pb_line_break_holder] --><script type=\"text\/javascript\" src=\"\/wp-content\/themes\/DiviSOS\/js\/sos-language-codes.js\" ><\/script><!-- [et_pb_line_break_holder] --><!-- [et_pb_line_break_holder] --><script type=\"text\/javascript\" src=\"\/wp-content\/themes\/DiviSOS\/js\/sos-programs-page.js?v=1.7\" ><\/script><!-- [et_pb_line_break_holder] -->[\/et_pb_code][\/et_pb_column][\/et_pb_row][\/et_pb_section]<\/p>\n","protected":false},"excerpt":{"rendered":"<p>[et_pb_section fb_built=\u00bb1&#8243; fullwidth=\u00bbon\u00bb module_class=\u00bbsos-page-preloader\u00bb _builder_version=\u00bb3.26.6&#8243; custom_padding=\u00bb160px|0px|224px|0px|false|false\u00bb][et_pb_fullwidth_code _builder_version=\u00bb3.19.2&#8243;][\/et_pb_fullwidth_code][\/et_pb_section][et_pb_section fb_built=\u00bb1&#8243; module_class=\u00bbsos-page-loaded-section sos-marble-bg\u00bb _builder_version=\u00bb3.26.6&#8243; background_color=\u00bb#e8e4d4&#8243; background_enable_image=\u00bboff\u00bb parallax=\u00bbon\u00bb parallax_method=\u00bboff\u00bb][et_pb_row module_class=\u00bb et_pb_row_fullwidth\u00bb _builder_version=\u00bb3.25&#8243; width=\u00bb89%\u00bb width_tablet=\u00bb80%\u00bb width_phone=\u00bb\u00bb width_last_edited=\u00bbon|desktop\u00bb max_width=\u00bb89%\u00bb max_width_tablet=\u00bb80%\u00bb max_width_phone=\u00bb\u00bb max_width_last_edited=\u00bbon|desktop\u00bb make_fullwidth=\u00bbon\u00bb][et_pb_column type=\u00bb4_4&#8243; _builder_version=\u00bb3.25&#8243; custom_padding=\u00bb|||\u00bb custom_padding__hover=\u00bb|||\u00bb][et_pb_text admin_label=\u00bbProgram cancel note\u00bb _builder_version=\u00bb4.4.6&#8243; text_font=\u00bb|700|||||||\u00bb text_font_size=\u00bb20px\u00bb text_orientation=\u00bbcenter\u00bb custom_padding=\u00bb10px||10px||false|false\u00bb]Debido a la preocupaci\u00f3n por el coronavirus, todos los eventos p\u00fablicos y programas de Ciencia de la [&hellip;]<\/p>\n","protected":false},"author":1,"featured_media":0,"parent":0,"menu_order":0,"comment_status":"closed","ping_status":"closed","template":"","meta":{"_et_pb_use_builder":"on","_et_pb_old_content":"","_et_gb_content_width":""},"_links":{"self":[{"href":"https:\/\/perf.stage.aws.cdn.wp.sos-dev.org\/es\/wp-json\/wp\/v2\/pages\/5780"}],"collection":[{"href":"https:\/\/perf.stage.aws.cdn.wp.sos-dev.org\/es\/wp-json\/wp\/v2\/pages"}],"about":[{"href":"https:\/\/perf.stage.aws.cdn.wp.sos-dev.org\/es\/wp-json\/wp\/v2\/types\/page"}],"author":[{"embeddable":true,"href":"https:\/\/perf.stage.aws.cdn.wp.sos-dev.org\/es\/wp-json\/wp\/v2\/users\/1"}],"replies":[{"embeddable":true,"href":"https:\/\/perf.stage.aws.cdn.wp.sos-dev.org\/es\/wp-json\/wp\/v2\/comments?post=5780"}],"version-history":[{"count":10,"href":"https:\/\/perf.stage.aws.cdn.wp.sos-dev.org\/es\/wp-json\/wp\/v2\/pages\/5780\/revisions"}],"predecessor-version":[{"id":36876,"href":"https:\/\/perf.stage.aws.cdn.wp.sos-dev.org\/es\/wp-json\/wp\/v2\/pages\/5780\/revisions\/36876"}],"wp:attachment":[{"href":"https:\/\/perf.stage.aws.cdn.wp.sos-dev.org\/es\/wp-json\/wp\/v2\/media?parent=5780"}],"curies":[{"name":"wp","href":"https:\/\/api.w.org\/{rel}","templated":true}]}}