{"id":5762,"date":"2018-08-04T07:56:59","date_gmt":"2018-08-04T12:56:59","guid":{"rendered":"https:\/\/perf.stage.aws.wp.sos-dev.org\/privacy-policy-2\/"},"modified":"2019-04-29T18:34:53","modified_gmt":"2019-04-29T18:34:53","slug":"privacy-policy-2","status":"publish","type":"page","link":"https:\/\/perf.stage.aws.cdn.wp.sos-dev.org\/es\/privacy-policy-2\/","title":{"rendered":"Pol\u00edtica de privacidad"},"content":{"rendered":"<p>[et_pb_section fb_built=\u00bb1&#8243; _builder_version=\u00bb3.0.47&#8243;][et_pb_row _builder_version=\u00bb3.0.48&#8243; background_size=\u00bbinitial\u00bb background_position=\u00bbtop_left\u00bb background_repeat=\u00bbrepeat\u00bb][et_pb_column type=\u00bb4_4&#8243; _builder_version=\u00bb3.0.47&#8243; parallax=\u00bboff\u00bb parallax_method=\u00bbon\u00bb][et_pb_text admin_label=\u00bbPrivacy Policy Heading\u00bb module_class=\u00bbpage-title\u00bb _builder_version=\u00bb3.19.9&#8243;]<\/p>\n<h1 class=\"sos-uj-page-title\">Pol\u00edtica de privacidad<\/h1>\n<h3>(Sitio web p\u00fablico de la Ciencia de la Espiritualidad)<\/h3>\n<p>[\/et_pb_text][et_pb_text admin_label=\u00bbPrivacy Policy Contents\u00bb _builder_version=\u00bb3.19.9&#8243;]<\/p>\n<h2>Quienes somos<\/h2>\n<p>La organizaci\u00f3n sin fines de lucro, Science of Spirituality, Inc. (\u00abSOS\u00bb), es el controlador de los datos personales que nos env\u00eda y es responsable de sus datos personales conforme a la ley de protecci\u00f3n de datos aplicable.<\/p>\n<p>SOS es una corporaci\u00f3n religiosa sin existencias registrada en Delaware, con el n\u00famero corporativo 871450 y con sede en 4105 Naperville Road, Lisle, Illinois, EE. UU. 60532, tel\u00e9fono: 1-630-955-1200. SOS est\u00e1 reconocida como una organizaci\u00f3n religiosa exenta de impuestos por el Servicio de Impuestos Internos de los Estados Unidos y est\u00e1 registrada como una organizaci\u00f3n caritativa en el estado de Illinois.<\/p>\n<h2>Alcance de esta pol\u00edtica<\/h2>\n<p>SOS se compromete a proteger sus datos personales y respetar su privacidad. Esta pol\u00edtica de privacidad (junto con los t\u00e9rminos de uso de nuestro sitio web) establece el tipo de informaci\u00f3n que recopilamos del p\u00fablico, para qu\u00e9 la usamos y los derechos que usted tiene en relaci\u00f3n con esta informaci\u00f3n.<\/p>\n<p>Esta pol\u00edtica de privacidad es para el sitio web p\u00fablico de SOS <a href=\"https:\/\/perf.stage.aws.wp.sos-dev.org\" target=\"_blank\" rel=\"noopener noreferrer\">www.sos.org<\/a>. Si usted es miembro y desea saber qu\u00e9 informaci\u00f3n adicional recopilamos sobre nuestros miembros que nos la brindan, visite nuestro sitio web para miembros en <a href=\"https:\/\/sangat.sos.org\" target=\"_blank\" rel=\"noopener noreferrer\">sangat.sos.org<\/a> y busque la pol\u00edtica de privacidad del sitio web para miembros de SOS.<\/p>\n<h2>De qui\u00e9n recopilamos informaci\u00f3n<\/h2>\n<p>Cualquier persona que tenga o diga que tiene 18 a\u00f1os o m\u00e1s y se conecta con nosotros y ofrece su informaci\u00f3n de contacto como voluntario, como en nuestro sitio web p\u00fablico, por correo electr\u00f3nico, en nuestras reuniones y programas, o llam\u00e1ndonos o hablando con uno de nuestros miembros.<\/p>\n<h2>\u00bfQu\u00e9 informaci\u00f3n recopilamos?<\/h2>\n<p>El tipo de informaci\u00f3n que recopilamos del p\u00fablico que lo ofrece voluntariamente est\u00e1 generalmente limitado a su informaci\u00f3n de contacto: nombre y detalles de contacto (por ejemplo, direcci\u00f3n postal, direcci\u00f3n de correo electr\u00f3nico, n\u00famero de tel\u00e9fono y n\u00famero de tel\u00e9fono m\u00f3vil). Tambi\u00e9n puede enviarnos un correo electr\u00f3nico o hablar con nosotros para hacer preguntas, enviar mensajes y recibir respuestas.<\/p>\n<h2>C\u00f3mo usamos su informaci\u00f3n<\/h2>\n<p>Para el p\u00fablico que se conecta con nosotros, utilizamos su informaci\u00f3n de contacto para enviarle informaci\u00f3n sobre nuestros programas, servicios, reuniones, actividades y mensajes espirituales, y para responder sus preguntas sobre SOS y lo que ofrece.<\/p>\n<h2>C\u00f3mo obtenemos su informaci\u00f3n<\/h2>\n<p>Por contacto directo en nuestro sitio web, en nuestras reuniones y programas, por su llamada o por correo electr\u00f3nico, por su discurso a uno de nuestros miembros y donde de otra manera nos lo ofrece voluntariamente.<\/p>\n<h2>Fines para los que utilizamos su informaci\u00f3n:<\/h2>\n<p>Podemos utilizar su informaci\u00f3n personal para los siguientes fines:<\/p>\n<ul>\n<li>Proporcion\u00e1ndole acceso a la informaci\u00f3n, servicios, mensajes espirituales en diversos medios y el apoyo que solicit\u00f3 o desea obtener de SOS;<\/li>\n<li>Le enviamos comunicaciones sobre servicios, sesiones de meditaci\u00f3n, eventos, programas, actividades para ni\u00f1os, proyectos que estamos realizando y mensajes alentadores en el campo de la espiritualidad.<\/li>\n<li>Registrarlo para asistir y \/ o hacer arreglos para un evento, actividad o programa SOS<\/li>\n<li>Respondiendo a sus preguntas sobre SOS y lo que ofrece.<\/li>\n<li>Tambi\u00e9n podemos utilizar su informaci\u00f3n personal para otros fines que le notifiquemos espec\u00edficamente y, en su caso, obtener su consentimiento.<\/li>\n<li>A menos que usted sea un miembro, no aceptamos donaciones ni ofrecemos venderle nada porque no solicitamos, aceptamos ni usamos informaci\u00f3n financiera de no miembros.<\/li>\n<\/ul>\n<p>Si usted es un miembro, hay m\u00e1s informaci\u00f3n sobre usted que obtenemos y otros prop\u00f3sitos para los que lo usamos. Como se indic\u00f3 anteriormente, la divulgaci\u00f3n de la privacidad de SOS para los miembros se encuentra en el sitio web de SOS para sus miembros en <a href=\"https:\/\/sangat.sos.org\" target=\"_blank\" rel=\"noopener noreferrer\">sangat.sos.org<\/a>.<\/p>\n<h2>Con qui\u00e9n podemos compartir su informaci\u00f3n<\/h2>\n<p>No venderemos su informaci\u00f3n personal a terceros ni la compartiremos con otras organizaciones ben\u00e9ficas u organizaciones religiosas.<\/p>\n<p>En ocasiones, podemos compartir su informaci\u00f3n con nuestros proveedores de servicios de confianza que realizan servicios y funciones en nuestro nombre para respaldar nuestras interacciones con usted, incluidos, por ejemplo, los servicios de computaci\u00f3n en la nube y los administradores de sitios web.<\/p>\n<p>Tambi\u00e9n es posible que tengamos que divulgar su informaci\u00f3n para cumplir con una obligaci\u00f3n legal que se nos impone.<\/p>\n<h2>Donde almacenaremos su informaci\u00f3n<\/h2>\n<p>Nosotros podemos almacenar su informaci\u00f3n o transferirla y guardarla fuera de las computadoras de SOS, por ejemplo, en los servidores host del sitio web.<\/p>\n<p>Desafortunadamente, la transmisi\u00f3n de informaci\u00f3n a trav\u00e9s de internet no es completamente segura. Aunque mantenemos las protecciones para sus datos personales, no podemos garantizar la seguridad de sus datos transmitidos a nuestro sitio; Cualquier transmisi\u00f3n es bajo su propio riesgo. Una vez que hayamos recibido su informaci\u00f3n, usaremos procedimientos razonables y funciones de seguridad para tratar de evitar el acceso no autorizado.<\/p>\n<h2>Cookies<\/h2>\n<p>Una cookie es un peque\u00f1o archivo de texto que se puede almacenar y acceder desde su dispositivo cuando visita nuestro sitio web. Las cookies nos permiten reconocerlo como usuario cuando regresa a nuestro sitio web utilizando el mismo dispositivo y navegador.<\/p>\n<p>Utilizamos cookies propias en nuestro sitio web. Las cookies de origen son cookies que son colocadas en su dispositivo directamente por el proveedor del sitio web y que a menudo se usan para reconocer su dispositivo cuando vuelve a visitar un sitio y para recordar sus preferencias mientras navega por el sitio.<\/p>\n<p>A veces usamos cookies para ver c\u00f3mo se est\u00e1 utilizando nuestro sitio web.<\/p>\n<h2>\u00bfC\u00f3mo rechazo o retiro mi consentimiento para el uso de Cookies?<\/h2>\n<p>Puede detener la descarga de cookies en su computadora seleccionando la configuraci\u00f3n apropiada en su navegador. La mayor\u00eda de los navegadores le dir\u00e1n c\u00f3mo dejar de aceptar nuevas cookies, c\u00f3mo recibir notificaciones cuando reciba una nueva cookie y c\u00f3mo desactivar las cookies existentes.<\/p>\n<p>Para obtener m\u00e1s informaci\u00f3n sobre el desarrollo de perfiles de usuario y el uso de cookies de segmentaci\u00f3n \/ publicidad, visite <a href=\"https:\/\/www.youronlinechoices.eu\" target=\"_blank\" rel=\"noopener noreferrer\">www.youronlinechoices.eu<\/a> si se encuentra en Europa o <a href=\"https:\/\/www.aboutads.info\/choices\" target=\"_blank\" rel=\"noopener noreferrer\">www.aboutads.info\/choices<\/a> si se encuentra en los Estados Unidos.<\/p>\n<h2>Links<\/h2>\n<p>Nuestro sitio web puede incluir enlaces a otros sitios que no son de nuestra propiedad o que nosotros no administramos, como Facebook y You-Tube. No podemos ser responsables de la privacidad de la informaci\u00f3n que usted proporciona o que son recopiladas por sitios web no gestionados por nosotros.<\/p>\n<h2>\u00bfCu\u00e1nto tiempo mantendremos su informaci\u00f3n?<\/h2>\n<p>Retendremos su informaci\u00f3n durante el tiempo que sea necesario para cumplir con los fines para los que la recopilamos y durante el tiempo que sea necesario para los fines leg\u00edtimos de nuestros derechos y obligaciones legales. Despu\u00e9s de ese tiempo, eliminaremos sus datos de nuestros sistemas y exigiremos que cualquier persona a la que hayamos pasado su informaci\u00f3n tambi\u00e9n la elimine.<\/p>\n<h2>Tus derechos.<\/h2>\n<p>Si usted es un residente de la UE o las leyes estatales aplicables lo exigen, tiene varios derechos en virtud de las leyes de protecci\u00f3n de datos, que incluyen el derecho a:<\/p>\n<ul>\n<li>Acceda a una copia de la informaci\u00f3n que tenemos sobre usted.<\/li>\n<li>Rectificar inexactitudes en la informaci\u00f3n que tenemos sobre usted.<\/li>\n<li>Haga que la informaci\u00f3n que tenemos sobre usted se borre en ciertas circunstancias<\/li>\n<li>Restringir el procesamiento de su informaci\u00f3n.<\/li>\n<li>Objetar que su informaci\u00f3n sea utilizada para marketing directo.<\/li>\n<li>Transferir la informaci\u00f3n que tenemos sobre usted a otra entidad<\/li>\n<li>Retire cualquier consentimiento que haya proporcionado<\/li>\n<\/ul>\n<p>Si desea acceder a su informaci\u00f3n, env\u00ede una descripci\u00f3n de la informaci\u00f3n que desea ver y una prueba de identidad a Science of Spirituality, 4105 Naperville Road, Lisle, Illinois 60532 A la atenci\u00f3n de: Oficial de privacidad o env\u00edenos un correo electr\u00f3nico a <a href=\"mailto:privacy@sos.org\">privacy@sos.org<\/a> . Si desea invocar cualquiera de sus otros derechos, cont\u00e1ctenos a <a href=\"mailto:privacy@sos.org\">privacy@sos.org<\/a>.<\/p>\n<h2>Transferencias transfronterizas de datos<\/h2>\n<p>Nuestro sitio web para miembros se mantiene en los Estados Unidos. Si est\u00e1 visitando regiones con leyes que rigen la recopilaci\u00f3n y el uso de datos que pueden diferir de los de los Estados Unidos, tenga en cuenta que puede estar transfiriendo su informaci\u00f3n a los Estados Unidos y a otros pa\u00edses del mundo. Usted nos otorga libre y espec\u00edficamente su consentimiento para exportar y utilizar su informaci\u00f3n dentro de los Estados Unidos y en otros pa\u00edses como se especifica en esta Pol\u00edtica de privacidad. Usted comprende que los datos almacenados en los Estados Unidos pueden estar sujetos a solicitudes legales de los tribunales o las autoridades policiales de los Estados Unidos. Si se encuentra en la Uni\u00f3n Europea, siempre que transfiramos sus datos personales a procesadores fuera de la Uni\u00f3n Europea, utilizamos las medidas de protecci\u00f3n adecuadas y adecuadas para proteger la transferencia, el uso y el almacenamiento de su informaci\u00f3n personal. Podemos utilizar contratos espec\u00edficos aprobados por la Comisi\u00f3n Europea que dan a los datos personales la misma protecci\u00f3n que tienen en la Uni\u00f3n Europea.<\/p>\n<h2>P\u00f3ngase en contacto con nosotros con preguntas y quejas.<\/h2>\n<p>Si tiene una queja o pregunta sobre la forma en que usamos su informaci\u00f3n, al principio debe contactarnos en <a href=\"mailto:privacy@sos.org\">privacy@sos.org<\/a>. Si se encuentra en la Uni\u00f3n Europea y tiene alguna queja con respecto a nuestras pr\u00e1cticas de privacidad como controlador de datos, tiene derecho a presentar una queja en cualquier momento ante su Autoridad de Supervisi\u00f3n local. Sin embargo, agradecer\u00edamos la oportunidad de tratar sus inquietudes antes de que se acerque a su Autoridad de Supervisi\u00f3n, as\u00ed que cont\u00e1ctenos en primer lugar.<\/p>\n<p>No tendr\u00e1 que pagar una tarifa para acceder a sus datos personales o para ejercer cualquiera de los otros derechos. Sin embargo, podemos rechazar o no poder cumplir con su solicitud si su solicitud es infundada, repetitiva, excesiva, ininteligible o no podemos verificar su verdadero origen y nos preocupa que no sea una solicitud leg\u00edtima.<\/p>\n<h2>Cambios a esta pol\u00edtica<\/h2>\n<p>Es posible que cambiemos nuestra pol\u00edtica de privacidad de vez en cuando, por lo que le recomendamos que vuelva peri\u00f3dicamente.<br \/>Esta pol\u00edtica fue actualizada por \u00faltima vez: diciembre de 2018.<\/p>\n<p>[\/et_pb_text][\/et_pb_column][\/et_pb_row][\/et_pb_section][et_pb_section fb_built=\u00bb1&#8243; disabled_on=\u00bbon|off|off\u00bb _builder_version=\u00bb3.10&#8243; background_color=\u00bb#f1d575&#8243; background_image=\u00bbhttps:\/\/perf.stage.aws.wp.sos-dev.org\/wp-content\/uploads\/2018\/07\/footer-08.jpg\u00bb custom_padding=\u00bb35px|0px|35px|0px|false|false\u00bb global_module=\u00bb403&#8243; saved_tabs=\u00bball\u00bb][et_pb_row make_equal=\u00bbon\u00bb module_class=\u00bbsos-expanded-footer\u00bb _builder_version=\u00bb3.9&#8243;][et_pb_column type=\u00bb1_4&#8243; _builder_version=\u00bb3.0.47&#8243; parallax=\u00bboff\u00bb parallax_method=\u00bbon\u00bb][et_pb_text admin_label=\u00bbMeditation\u00bb _builder_version=\u00bb3.19.2&#8243; text_font=\u00bbNunito|600|||||||\u00bb text_text_color=\u00bb#968743&#8243; text_font_size=\u00bb13px\u00bb header_font=\u00bbNunito||||||||\u00bb header_5_font=\u00bbNunito|600|||||||\u00bb header_6_font=\u00bbNunito|600|||||||\u00bb]<\/p>\n<h3>MEDITATION<\/h3>\n<p><a title=\"Spiritual Growth\" href=\"https:\/\/perf.stage.aws.wp.sos-dev.org\/es\/spiritual-growth\/\">Spiritual Growth<\/a><\/p>\n<p><a title=\"Benefits of a Spiritual Guide\" href=\"https:\/\/perf.stage.aws.wp.sos-dev.org\/es\/sant-rajinder-singh\/\">Benefits of a Spiritual Guide<\/a><\/p>\n<p><a title=\"Health Benefits\" href=\"\/benefits-of-meditation\/\">Health Benefits<\/a><\/p>\n<p><a title=\"Healthy Living\" href=\"https:\/\/perf.stage.aws.wp.sos-dev.org\/es\/vegetarian-diet-and-vegetarian-meals\/\">Healthy Living<\/a><\/p>\n<p>[\/et_pb_text][\/et_pb_column][et_pb_column type=\u00bb1_4&#8243; _builder_version=\u00bb3.0.47&#8243; parallax=\u00bboff\u00bb parallax_method=\u00bbon\u00bb][et_pb_text admin_label=\u00bbAbout Us\u00bb _builder_version=\u00bb3.19.2&#8243; text_font=\u00bbNunito|600|||||||\u00bb text_text_color=\u00bb#968743&#8243; text_font_size=\u00bb17px\u00bb header_font=\u00bbNunito||||||||\u00bb header_5_font=\u00bbNunito|600|||||||\u00bb header_6_font=\u00bbNunito|600|||||||\u00bb custom_margin=\u00bb|||\u00bb]<\/p>\n<h3>ABOUT US<\/h3>\n<p><a title=\"Our Organization\" href=\"https:\/\/perf.stage.aws.wp.sos-dev.org\/es\/about-us\/\">Our Organization<\/a><\/p>\n<p><a title=\"International Meditation Center\" href=\"https:\/\/perf.stage.aws.wp.sos-dev.org\/es\/western-headquarters\/\">International Meditation Center<\/a><\/p>\n<p>[\/et_pb_text][\/et_pb_column][et_pb_column type=\u00bb1_4&#8243; _builder_version=\u00bb3.0.47&#8243; parallax=\u00bboff\u00bb parallax_method=\u00bbon\u00bb][et_pb_text admin_label=\u00bbExplore\u00bb _builder_version=\u00bb3.19.2&#8243; text_font=\u00bbNunito|600|||||||\u00bb text_text_color=\u00bb#968743&#8243; text_font_size=\u00bb17px\u00bb header_font=\u00bbNunito||||||||\u00bb header_5_font=\u00bbNunito|600|||||||\u00bb header_6_font=\u00bbNunito|600|||||||\u00bb]<\/p>\n<h3>EXPLORE<\/h3>\n<p><a title=\"Articles\" href=\"\/articles\/\">Article<\/a><\/p>\n<p><a title=\"Videos\" href=\"\/videos\/\">Videos<\/a><\/p>\n<p>[\/et_pb_text][\/et_pb_column][et_pb_column type=\u00bb1_4&#8243; _builder_version=\u00bb3.0.47&#8243; parallax=\u00bboff\u00bb parallax_method=\u00bbon\u00bb][et_pb_text admin_label=\u00bbMore\u00bb _builder_version=\u00bb3.19.2&#8243; text_font=\u00bbNunito|600|||||||\u00bb text_text_color=\u00bb#968743&#8243; text_font_size=\u00bb17px\u00bb header_font=\u00bbNunito||||||||\u00bb header_5_font=\u00bbNunito|600|||||||\u00bb header_6_font=\u00bbNunito|600|||||||\u00bb]<\/p>\n<h3>MORE<\/h3>\n<p><a title=\"Spiritual Guide\" href=\"https:\/\/perf.stage.aws.wp.sos-dev.org\/es\/sant-rajinder-singh\/\">Spiritual Guide<\/a><\/p>\n<p><a title=\"Find Porgrams\" href=\"\/find-programs\/\">Find Programs<\/a><\/p>\n<p><a title=\"Connect\" href=\"\/contact-us\/\">Connect<\/a><\/p>\n<p><a title=\"Privacy Policy\" href=\"\/privacy-policy\/\">Privacy Policy<\/a><\/p>\n<p>[\/et_pb_text][\/et_pb_column][\/et_pb_row][\/et_pb_section]<\/p>\n","protected":false},"excerpt":{"rendered":"<p>[et_pb_section fb_built=\u00bb1&#8243; _builder_version=\u00bb3.0.47&#8243;][et_pb_row _builder_version=\u00bb3.0.48&#8243; background_size=\u00bbinitial\u00bb background_position=\u00bbtop_left\u00bb background_repeat=\u00bbrepeat\u00bb][et_pb_column type=\u00bb4_4&#8243; _builder_version=\u00bb3.0.47&#8243; parallax=\u00bboff\u00bb parallax_method=\u00bbon\u00bb][et_pb_text admin_label=\u00bbPrivacy Policy Heading\u00bb module_class=\u00bbpage-title\u00bb _builder_version=\u00bb3.19.9&#8243;] Pol\u00edtica de privacidad (Sitio web p\u00fablico de la Ciencia de la Espiritualidad) [\/et_pb_text][et_pb_text admin_label=\u00bbPrivacy Policy Contents\u00bb _builder_version=\u00bb3.19.9&#8243;] Quienes somos La organizaci\u00f3n sin fines de lucro, Science of Spirituality, Inc. (\u00abSOS\u00bb), es el controlador de los datos personales que nos [&hellip;]<\/p>\n","protected":false},"author":1,"featured_media":0,"parent":0,"menu_order":0,"comment_status":"closed","ping_status":"closed","template":"","meta":{"_et_pb_use_builder":"on","_et_pb_old_content":"","_et_gb_content_width":""},"_links":{"self":[{"href":"https:\/\/perf.stage.aws.cdn.wp.sos-dev.org\/es\/wp-json\/wp\/v2\/pages\/5762"}],"collection":[{"href":"https:\/\/perf.stage.aws.cdn.wp.sos-dev.org\/es\/wp-json\/wp\/v2\/pages"}],"about":[{"href":"https:\/\/perf.stage.aws.cdn.wp.sos-dev.org\/es\/wp-json\/wp\/v2\/types\/page"}],"author":[{"embeddable":true,"href":"https:\/\/perf.stage.aws.cdn.wp.sos-dev.org\/es\/wp-json\/wp\/v2\/users\/1"}],"replies":[{"embeddable":true,"href":"https:\/\/perf.stage.aws.cdn.wp.sos-dev.org\/es\/wp-json\/wp\/v2\/comments?post=5762"}],"version-history":[{"count":5,"href":"https:\/\/perf.stage.aws.cdn.wp.sos-dev.org\/es\/wp-json\/wp\/v2\/pages\/5762\/revisions"}],"predecessor-version":[{"id":7627,"href":"https:\/\/perf.stage.aws.cdn.wp.sos-dev.org\/es\/wp-json\/wp\/v2\/pages\/5762\/revisions\/7627"}],"wp:attachment":[{"href":"https:\/\/perf.stage.aws.cdn.wp.sos-dev.org\/es\/wp-json\/wp\/v2\/media?parent=5762"}],"curies":[{"name":"wp","href":"https:\/\/api.w.org\/{rel}","templated":true}]}}