{"id":38132,"date":"2020-01-21T03:22:40","date_gmt":"2020-01-21T09:22:40","guid":{"rendered":"https:\/\/perf.stage.aws.wp.sos-dev.org\/frequently-asked-questions\/"},"modified":"2020-08-01T03:54:37","modified_gmt":"2020-08-01T08:54:37","slug":"frequently-asked-questions","status":"publish","type":"page","link":"https:\/\/perf.stage.aws.cdn.wp.sos-dev.org\/es\/frequently-asked-questions\/","title":{"rendered":"Preguntas Frecuentes"},"content":{"rendered":"<p>[et_pb_section fb_built=\u00bb1&#8243; _builder_version=\u00bb3.22.3&#8243; custom_padding=\u00bb|||\u00bb][et_pb_row _builder_version=\u00bb4.2.2&#8243; custom_padding=\u00bb27px|0px|0|0px|false|false\u00bb][et_pb_column type=\u00bb4_4&#8243; _builder_version=\u00bb3.25&#8243; custom_padding=\u00bb|||\u00bb custom_padding__hover=\u00bb|||\u00bb][et_pb_text _builder_version=\u00bb4.4.8&#8243; text_orientation=\u00bbcenter\u00bb custom_padding=\u00bb||19px|||\u00bb text_font_size_last_edited=\u00bboff|desktop\u00bb]<\/p>\n<h1>Preguntas Frecuentes<\/h1>\n<p>[\/et_pb_text][\/et_pb_column][\/et_pb_row][et_pb_row _builder_version=\u00bb3.25&#8243; module_alignment=\u00bbcenter\u00bb custom_padding=\u00bb0|0px|27px|0px|false|false\u00bb locked=\u00bboff\u00bb][et_pb_column type=\u00bb4_4&#8243; _builder_version=\u00bb3.25&#8243; custom_padding=\u00bb|||\u00bb custom_padding__hover=\u00bb|||\u00bb][et_pb_text module_class=\u00bbsos-dropcap\u00bb _builder_version=\u00bb4.4.8&#8243; max_width=\u00bb75%\u00bb max_width_tablet=\u00bb\u00bb max_width_phone=\u00bb\u00bb max_width_last_edited=\u00bbon|phone\u00bb module_alignment=\u00bbcenter\u00bb custom_padding=\u00bb36px||15px|||\u00bb]<\/p>\n<h2 id=\"meditation\">\u00bfQu\u00e9 es la meditaci\u00f3n?<\/h2>\n<p>La meditaci\u00f3n es el proceso de retirar nuestra atenci\u00f3n del mundo exterior para enfocarla dentro de nosotros mismos. Es una pr\u00e1ctica antigua con muchos otros nombres como concentraci\u00f3n, sentarse en silencio o contemplaci\u00f3n.<\/p>\n<h2 id=\"benefits-of-meditation\"><img loading=\"lazy\" class=\"alignright wp-image-36428\" src=\"https:\/\/perf.stage.aws.wp.sos-dev.org\/wp-content\/uploads\/2020\/07\/800-x-1400-Blank-infographic-FAQ-es.jpg\" alt=\"\" width=\"292\" height=\"444\" \/>\u00bfPor qu\u00e9 meditar? \u00bfCu\u00e1les son los beneficios de la meditaci\u00f3n?<\/h2>\n<p>La meditaci\u00f3n favorece nuestro bienestar f\u00edsico, mental y emocional. Se ha demostrado cient\u00edficamente que alivia el estr\u00e9s, reduce la presi\u00f3n sangu\u00ednea, mejora la concentraci\u00f3n, nos trae alegr\u00eda y felicidad y nos ayuda a afrontar con calma los retos de la vida. Sin embargo, estos son s\u00f3lo subproductos de la meditaci\u00f3n. La raz\u00f3n m\u00e1s importante para meditar es llegar a ser espiritualmente conscientes y reconocer nuestra existencia a nivel del alma. Con esto, un mundo completamente nuevo se abre para nosotros.<\/p>\n<h2>\u00bfCon qu\u00e9 frecuencia debo meditar?<\/h2>\n<p>\u00a1Tan a menudo como puedas! Para cosechar los beneficios de la meditaci\u00f3n, es mejor establecer una pr\u00e1ctica diaria en la que puedas meditar a la misma hora cada d\u00eda, todos los d\u00edas. La regularidad es importante en la construcci\u00f3n de cualquier nuevo h\u00e1bito y la meditaci\u00f3n no es diferente. Meditar a la misma hora cada d\u00eda entrena la mente para adoptar el nuevo h\u00e1bito.<\/p>\n<h2 id=\"control-my-mind\">Me resulta dif\u00edcil controlar mi mente. \u00bfPuedo tener \u00e9xito en la meditaci\u00f3n?<\/h2>\n<p>Con esfuerzo y pr\u00e1ctica, cualquiera puede tener \u00e9xito en la meditaci\u00f3n. Es importante entender que la meditaci\u00f3n no es para controlar la mente.\u00a0<strong>La meditaci\u00f3n busca\u00a0<em>aquietar<\/em>\u00a0la mente<\/strong>. La diferencia es sutil, pero es clave para tener \u00e9xito. Con esfuerzo, cualquiera puede aprender a aquietar la mente enfoc\u00e1ndola en algo que sea apacible y relajante. Por eso la t\u00e9cnica de Meditaci\u00f3n SOS hace referencia a la repetici\u00f3n mental de una palabra que nos calme.<\/p>\n<h2>\u00bfCu\u00e1nto tiempo debo meditar?<\/h2>\n<p>Siendo alguien que inicia el viaje de la meditaci\u00f3n, puede empezar con 5 o 10 minutos al d\u00eda. Gradualmente trabaje hasta llegar a unos 30 minutos al d\u00eda o m\u00e1s. Cuanto m\u00e1s tiempo puedas sentarte, mejor. Toma un cierto tiempo limpiar la mente de los pensamientos del d\u00eda y lograr la quietud que buscas. Cuanto m\u00e1s tiempo te sientes, m\u00e1s fruct\u00edferas ser\u00e1n tus meditaciones.<\/p>\n<h2 id=\"learn-meditation\">\u00bfC\u00f3mo puedo aprender a meditar? \u00bfCu\u00e1l es el primer paso que puedo dar?<\/h2>\n<p>El primer paso que puedes dar es probar la <a href=\"https:\/\/perf.stage.aws.wp.sos-dev.org\/es\/meditation\/learn-meditation\">t\u00e9cnica<\/a>\u00a0de meditaci\u00f3n en la comodidad de tu casa. Int\u00e9ntalo por 5 o 10 minutos al d\u00eda. El truco es hacer que tu mente forme el h\u00e1bito.<\/p>\n<p class=\"western\">Tambi\u00e9n puedes elegir asistir a una clase de meditaci\u00f3n. Hemos suspendido temporalmente nuestras reuniones regulares en persona, pero ofrecemos clases para aprender a meditar en l\u00ednea.\u00a0<a href=\"https:\/\/perf.stage.aws.wp.sos-dev.org\/es\/find-programs-2\/\">Por favor, ver el programa aqu\u00ed.<\/a>.<\/p>\n<p><img loading=\"lazy\" class=\"alignleft wp-image-36437\" src=\"https:\/\/perf.stage.aws.wp.sos-dev.org\/wp-content\/uploads\/2020\/07\/Key-is-still-the-mind-FAQ-blank-es.jpg\" alt=\"Sant Rajinder Singh meditation\" width=\"315\" height=\"257\" \/><\/p>\n<h2>\u00bfPor qu\u00e9 es importante aprender a meditar con un instructor espiritual?<\/h2>\n<p class=\"western\">En el colegio, la lectura sobre un experimento de qu\u00edmica en un libro era informativa, pero s\u00f3lo cuando ese experimento se pod\u00eda realizar en un laboratorio en la compa\u00f1\u00eda de un profesor que pudiera responder a las preguntas, el concepto quedaba claro.\u00a0<b>La meditaci\u00f3n no es diferente. La meditaci\u00f3n es un experimento que se lleva a cabo en el laboratorio de tu cuerpo.<\/b>\u00a0A medida que progreses en el viaje, tendr\u00e1s preguntas sobre c\u00f3mo perfeccionar la t\u00e9cnica y c\u00f3mo superar cualquier reto que se presente. Aqu\u00ed es donde tener un instructor es vital. Si quieres dominar la pr\u00e1ctica, es importante aprender de un instructor que domine la t\u00e9cnica. En el viaje espiritual, este instructor es conocido como un Maestro espiritual.<\/p>\n<h2><img loading=\"lazy\" class=\"alignleft wp-image-36446\" src=\"https:\/\/perf.stage.aws.wp.sos-dev.org\/wp-content\/uploads\/2020\/07\/Sit-in-a-relaxed-state-FAQ-Quote-es.jpg\" alt=\"Sant Rajinder Singh meditation\" width=\"315\" height=\"276\" \/>\u00bfPuedo meditar en casa?<\/h2>\n<p class=\"western\">Por supuesto. De hecho, sugerimos que reserves un lugar en tu casa como el sitio de meditaci\u00f3n. Crear el espacio para una actividad eleva su importancia. Cada vez que veas el lugar, ser\u00e1 un recordatorio para meditar.<\/p>\n<h2>\u00bfC\u00f3mo empiezo una pr\u00e1ctica de meditaci\u00f3n?<\/h2>\n<p class=\"western\">\u200bEmpieza por encontrar un tiempo en el que est\u00e9s bien despierto y puedas concentrarte sin interrupciones. Si\u00e9ntate a esa misma hora todos los d\u00edas y sigue la t\u00e9cnica con precisi\u00f3n.<\/p>\n<p class=\"western\">Antes de que te des cuenta, habr\u00e1s establecido un h\u00e1bito, como cepillarte los dientes ma\u00f1ana y tarde.<\/p>\n<h2 id=\"tips-for-meditation\">\u00bfAlgunos consejos para meditar mejor?<\/h2>\n<ul>\n<li><b>Encuentra un lugar<\/b> \u2013 Encuentra un lugar tranquilo en tu casa que puedas dedicar a tu pr\u00e1ctica de meditaci\u00f3n. Cuando haces esto, el espacio se convertir\u00e1 en un recordatorio de tu compromiso.<\/li>\n<p><\/p>\n<li><b>Encuentra el momento preciso<\/b>\u00a0\u2013 Cualquier hora del d\u00eda es buena para meditar. Sin embargo, es mejor encontrar un momento en el que est\u00e9s bien despierto y tengas menos probabilidades de distraerte. Ensaya experimentando al principio para ver qu\u00e9 es lo mejor para ti.<\/li>\n<p><\/p>\n<li><b>Si\u00e9ntate en una posici\u00f3n c\u00f3moda\u00a0<\/b>\u2013 Encuentra una postura en la que puedas sentarte a gusto sin quedarte dormido o sin moverte.<\/li>\n<p><\/p>\n<li><b>Aprende a concentrarte<\/b>\u00a0\u2013 Aprende a hacer una cosa a la vez durante el d\u00eda. A medida que entrenas tu cerebro para hacer una cosa a la vez, este h\u00e1bito te servir\u00e1 mucho durante tu pr\u00e1ctica de meditaci\u00f3n.<\/li>\n<p><\/p>\n<li><b>S\u00e9 regular en tu pr\u00e1ctica<\/b>\u00a0\u2013 A cualquier hora del d\u00eda que elijas, intenta sentarte a la misma hora todos los d\u00edas. Cuando lo hagas, desarrollar\u00e1s el h\u00e1bito. La regularidad es importante.<\/li>\n<p><\/p>\n<li><b>Lleva un diario\u00a0<\/b><b>\u2013<\/b>\u00a0Registra el tiempo que dedicas a tu pr\u00e1ctica, tus experiencias en la meditaci\u00f3n, cualquier dificultad y desaf\u00edo, peque\u00f1as metas u objetivos que alcances. Esto ayuda a monitorear tus esfuerzos y a mantenerte motivado.<\/li>\n<p><\/p>\n<li><b>Desarrolla amor<\/b>\u00a0\u2013Conforme medites te volver\u00e1s m\u00e1s amoroso, tranquilo y pac\u00edfico. Sentarse en meditaci\u00f3n con amor en tu coraz\u00f3n hace que sea m\u00e1s f\u00e1cil calmar tu mente.<\/li>\n<p>\n<\/ul>\n<p><img loading=\"lazy\" class=\"wp-image-15677 aligncenter size-full\" src=\"https:\/\/perf.stage.aws.wp.sos-dev.org\/wp-content\/uploads\/2019\/06\/line-2-crp-200.png\" alt=\"article Rajinder meditation end\" width=\"200\" height=\"30\" \/>[\/et_pb_text][\/et_pb_column][\/et_pb_row][\/et_pb_section][et_pb_section fb_built=\u00bb1&#8243; module_class=\u00bbsos-marble-bg sos-highlight-section\u00bb _builder_version=\u00bb4.4.8&#8243; background_color=\u00bb#f2f1f0&#8243; custom_padding=\u00bb50px|0px|54px|0px|false|false\u00bb box_shadow_style=\u00bbpreset1&#8243; global_module=\u00bb505&#8243;][et_pb_row make_equal=\u00bbon\u00bb module_class=\u00bbsos-article-grid et_pb_row_fullwidth\u00bb _builder_version=\u00bb3.25&#8243; width=\u00bb89%\u00bb width_tablet=\u00bb80%\u00bb width_phone=\u00bb\u00bb width_last_edited=\u00bbon|desktop\u00bb max_width=\u00bb89%\u00bb max_width_tablet=\u00bb80%\u00bb max_width_phone=\u00bb\u00bb max_width_last_edited=\u00bbon|desktop\u00bb custom_padding=\u00bb0|0px|27px|0px|false|false\u00bb make_fullwidth=\u00bbon\u00bb][et_pb_column type=\u00bb4_4&#8243; _builder_version=\u00bb3.25&#8243; custom_padding=\u00bb|||\u00bb custom_padding__hover=\u00bb|||\u00bb][et_pb_text admin_label=\u00bbTitle\u00bb _builder_version=\u00bb3.27.4&#8243;]<\/p>\n<h1 style=\"text-align: center;\">Want to learn more?<\/h1>\n<p>[\/et_pb_text][et_pb_blog fullwidth=\u00bboff\u00bb posts_number=\u00bb6&#8243; include_categories=\u00bb14,20&#8243; show_thumbnail=\u00bboff\u00bb show_more=\u00bbon\u00bb show_author=\u00bboff\u00bb show_date=\u00bboff\u00bb show_categories=\u00bboff\u00bb show_pagination=\u00bboff\u00bb masonry_tile_background_color=\u00bb#ffffff\u00bb admin_label=\u00bbBlog Stream\u00bb module_class=\u00bbsos-article-grid\u00bb _builder_version=\u00bb4.4.8&#8243; header_line_height=\u00bb1.2em\u00bb header_font_size_tablet=\u00bb\u00bb header_font_size_phone=\u00bb22px\u00bb header_font_size_last_edited=\u00bbon|phone\u00bb]<\/p>\n<p>\u00a0<\/p>\n<p>[\/et_pb_blog][\/et_pb_column][\/et_pb_row][\/et_pb_section][et_pb_section fb_built=\u00bb1&#8243; disabled_on=\u00bbon|off|off\u00bb _builder_version=\u00bb4.4.7&#8243; background_color=\u00bb#e1b93b\u00bb background_image=\u00bbhttps:\/\/perf.stage.aws.wp.sos-dev.org\/wp-content\/uploads\/2018\/07\/footer-08.jpg\u00bb background_enable_image=\u00bboff\u00bb width=\u00bb100%\u00bb custom_padding=\u00bb35px|0px|35px|0px|false|false\u00bb global_module=\u00bb403&#8243; saved_tabs=\u00bball\u00bb collapsed=\u00bboff\u00bb][et_pb_row column_structure=\u00bb1_4,1_4,1_4,1_4&#8243; make_equal=\u00bbon\u00bb module_class=\u00bbsos-expanded-footer\u00bb _builder_version=\u00bb3.25&#8243;][et_pb_column type=\u00bb1_4&#8243; _builder_version=\u00bb3.25&#8243; custom_padding=\u00bb|||\u00bb custom_padding__hover=\u00bb|||\u00bb][et_pb_text admin_label=\u00bbMeditation\u00bb _builder_version=\u00bb4.4.1&#8243; text_font=\u00bbNunito|600|||||||\u00bb text_text_color=\u00bb#968743&#8243; text_font_size=\u00bb13px\u00bb header_font=\u00bbNunito||||||||\u00bb header_5_font=\u00bbNunito|600|||||||\u00bb header_6_font=\u00bbNunito|600|||||||\u00bb]<\/p>\n<h3>MEDITATION<\/h3>\n<p><a title=\"Spiritual Growth\" href=\"https:\/\/perf.stage.aws.wp.sos-dev.org\/es\/spiritual-growth\/\">Spiritual Growth<\/a><\/p>\n<p><a title=\"Benefits of a Spiritual Guide\" href=\"https:\/\/perf.stage.aws.wp.sos-dev.org\/es\/sant-rajinder-singh\/\">Benefits of a Spiritual Guide<\/a><\/p>\n<p><a title=\"Health Benefits\" href=\"https:\/\/perf.stage.aws.wp.sos-dev.org\/es\/benefits-of-meditation-2\/\">Meditation Byproducts<\/a><\/p>\n<p><a title=\"Healthy Living\" href=\"https:\/\/perf.stage.aws.wp.sos-dev.org\/es\/vegetarian-diet-and-vegetarian-meals\/\">Healthy Living<\/a><\/p>\n<p>[\/et_pb_text][\/et_pb_column][et_pb_column type=\u00bb1_4&#8243; _builder_version=\u00bb3.25&#8243; custom_padding=\u00bb|||\u00bb custom_padding__hover=\u00bb|||\u00bb][et_pb_text admin_label=\u00bbAbout Us\u00bb _builder_version=\u00bb3.27.4&#8243; text_font=\u00bbNunito|600|||||||\u00bb text_text_color=\u00bb#968743&#8243; text_font_size=\u00bb17px\u00bb header_font=\u00bbNunito||||||||\u00bb header_5_font=\u00bbNunito|600|||||||\u00bb header_6_font=\u00bbNunito|600|||||||\u00bb custom_margin=\u00bb|||\u00bb]<\/p>\n<h3>ABOUT US<\/h3>\n<p><a title=\"Our Organization\" href=\"https:\/\/perf.stage.aws.wp.sos-dev.org\/es\/about-us\/\">Our Organization<\/a><\/p>\n<p><a title=\"International Meditation Center\" href=\"https:\/\/perf.stage.aws.wp.sos-dev.org\/es\/western-headquarters\/\">International Meditation Center<\/a><\/p>\n<p>[\/et_pb_text][\/et_pb_column][et_pb_column type=\u00bb1_4&#8243; _builder_version=\u00bb3.25&#8243; custom_padding=\u00bb|||\u00bb custom_padding__hover=\u00bb|||\u00bb][et_pb_text admin_label=\u00bbExplore\u00bb _builder_version=\u00bb3.29.3&#8243; text_font=\u00bbNunito|600|||||||\u00bb text_text_color=\u00bb#968743&#8243; text_font_size=\u00bb17px\u00bb header_font=\u00bbNunito||||||||\u00bb header_5_font=\u00bbNunito|600|||||||\u00bb header_6_font=\u00bbNunito|600|||||||\u00bb]<\/p>\n<h3>EXPLORE<\/h3>\n<p><a title=\"News\" href=\"\/?page_id=22450\">News<\/a><\/p>\n<p><a title=\"Articles\" href=\"https:\/\/perf.stage.aws.wp.sos-dev.org\/es\/articles-2\/\">Articles<\/a><\/p>\n<p><a title=\"Videos\" href=\"https:\/\/perf.stage.aws.wp.sos-dev.org\/es\/videos-2\/\">Videos<\/a><\/p>\n<p>[\/et_pb_text][\/et_pb_column][et_pb_column type=\u00bb1_4&#8243; _builder_version=\u00bb3.25&#8243; custom_padding=\u00bb|||\u00bb custom_padding__hover=\u00bb|||\u00bb][et_pb_text admin_label=\u00bbMore\u00bb _builder_version=\u00bb4.4.7&#8243; text_font=\u00bbNunito|600|||||||\u00bb text_text_color=\u00bb#968743&#8243; text_font_size=\u00bb17px\u00bb header_font=\u00bbNunito||||||||\u00bb header_5_font=\u00bbNunito|600|||||||\u00bb header_6_font=\u00bbNunito|600|||||||\u00bb]<\/p>\n<h3>MORE<\/h3>\n<p><a title=\"Spiritual Guide\" href=\"https:\/\/perf.stage.aws.wp.sos-dev.org\/es\/sant-rajinder-singh\/\">Spiritual Guide<\/a><\/p>\n<p><a title=\"Find Porgrams\" href=\"https:\/\/perf.stage.aws.wp.sos-dev.org\/es\/find-programs-2\/\">Find Programs<\/a><\/p>\n<p><a title=\"Connect\" href=\"https:\/\/perf.stage.aws.wp.sos-dev.org\/es\/contact-us-2\/\">Connect<\/a><\/p>\n<p><a title=\"Privacy Policy\" href=\"\/privacy-policy\/\">Privacy Policy<\/a><\/p>\n<p><a title=\"Terms of Use\" href=\"\/?page_id=34140\">Terms of Use<\/a><\/p>\n<p>[\/et_pb_text][\/et_pb_column][\/et_pb_row][\/et_pb_section]<\/p>\n","protected":false},"excerpt":{"rendered":"<p>[et_pb_section fb_built=\u00bb1&#8243; _builder_version=\u00bb3.22.3&#8243; custom_padding=\u00bb|||\u00bb][et_pb_row _builder_version=\u00bb4.2.2&#8243; custom_padding=\u00bb27px|0px|0|0px|false|false\u00bb][et_pb_column type=\u00bb4_4&#8243; _builder_version=\u00bb3.25&#8243; custom_padding=\u00bb|||\u00bb custom_padding__hover=\u00bb|||\u00bb][et_pb_text _builder_version=\u00bb4.4.8&#8243; text_orientation=\u00bbcenter\u00bb custom_padding=\u00bb||19px|||\u00bb text_font_size_last_edited=\u00bboff|desktop\u00bb] Preguntas Frecuentes [\/et_pb_text][\/et_pb_column][\/et_pb_row][et_pb_row _builder_version=\u00bb3.25&#8243; module_alignment=\u00bbcenter\u00bb custom_padding=\u00bb0|0px|27px|0px|false|false\u00bb locked=\u00bboff\u00bb][et_pb_column type=\u00bb4_4&#8243; _builder_version=\u00bb3.25&#8243; custom_padding=\u00bb|||\u00bb custom_padding__hover=\u00bb|||\u00bb][et_pb_text module_class=\u00bbsos-dropcap\u00bb _builder_version=\u00bb4.4.8&#8243; max_width=\u00bb75%\u00bb max_width_tablet=\u00bb\u00bb max_width_phone=\u00bb\u00bb max_width_last_edited=\u00bbon|phone\u00bb module_alignment=\u00bbcenter\u00bb custom_padding=\u00bb36px||15px|||\u00bb] \u00bfQu\u00e9 es la meditaci\u00f3n? La meditaci\u00f3n es el proceso de retirar nuestra atenci\u00f3n del mundo exterior para enfocarla dentro de nosotros mismos. [&hellip;]<\/p>\n","protected":false},"author":3,"featured_media":0,"parent":0,"menu_order":0,"comment_status":"closed","ping_status":"closed","template":"","meta":{"_et_pb_use_builder":"on","_et_pb_old_content":"","_et_gb_content_width":""},"_links":{"self":[{"href":"https:\/\/perf.stage.aws.cdn.wp.sos-dev.org\/es\/wp-json\/wp\/v2\/pages\/38132"}],"collection":[{"href":"https:\/\/perf.stage.aws.cdn.wp.sos-dev.org\/es\/wp-json\/wp\/v2\/pages"}],"about":[{"href":"https:\/\/perf.stage.aws.cdn.wp.sos-dev.org\/es\/wp-json\/wp\/v2\/types\/page"}],"author":[{"embeddable":true,"href":"https:\/\/perf.stage.aws.cdn.wp.sos-dev.org\/es\/wp-json\/wp\/v2\/users\/3"}],"replies":[{"embeddable":true,"href":"https:\/\/perf.stage.aws.cdn.wp.sos-dev.org\/es\/wp-json\/wp\/v2\/comments?post=38132"}],"version-history":[{"count":9,"href":"https:\/\/perf.stage.aws.cdn.wp.sos-dev.org\/es\/wp-json\/wp\/v2\/pages\/38132\/revisions"}],"predecessor-version":[{"id":38821,"href":"https:\/\/perf.stage.aws.cdn.wp.sos-dev.org\/es\/wp-json\/wp\/v2\/pages\/38132\/revisions\/38821"}],"wp:attachment":[{"href":"https:\/\/perf.stage.aws.cdn.wp.sos-dev.org\/es\/wp-json\/wp\/v2\/media?parent=38132"}],"curies":[{"name":"wp","href":"https:\/\/api.w.org\/{rel}","templated":true}]}}